{"id":18429,"date":"2021-11-22T00:38:29","date_gmt":"2021-11-21T21:38:29","guid":{"rendered":"https:\/\/tatd.org.tr\/tatdhayat\/?page_id=18429"},"modified":"2021-11-22T00:38:29","modified_gmt":"2021-11-21T21:38:29","slug":"yonerge-ve-diger-belgeler","status":"publish","type":"page","link":"https:\/\/tatd.org.tr\/tatdhayat\/hakkimizda\/belgeler\/yonerge-ve-diger-belgeler\/","title":{"rendered":"Y\u00f6nerge ve Di\u011fer Belgeler"},"content":{"rendered":"<p>\u00c7al\u0131\u015fma Grubu taraf\u0131ndan haz\u0131rlanan y\u00f6nerge ve di\u011fer idari s\u00fcre\u00e7lere dair belgelere bu sayfada yer verilmektedir.<\/p>\n<div class=\"pcrstb-wrap\"><table style=\"border-collapse: collapse; width: 100%;\" border=\"1\">\n<tbody>\n<tr>\n<td style=\"width: 34.8425%;\"><strong>Y\u00f6nerge<\/strong><\/td>\n<td style=\"width: 25.3937%;\"><strong>Versiyon<\/strong><\/td>\n<td style=\"width: 39.7638%;\"><strong>Y\u00fcr\u00fcrl\u00fck Tarihi<\/strong><\/td>\n<\/tr>\n<tr>\n<td style=\"width: 34.8425%;\"><\/td>\n<td style=\"width: 25.3937%;\"><\/td>\n<td style=\"width: 39.7638%;\"><\/td>\n<\/tr>\n<\/tbody>\n<\/table><\/div>\n","protected":false},"excerpt":{"rendered":"<p>\u00c7al\u0131\u015fma Grubu taraf\u0131ndan haz\u0131rlanan y\u00f6nerge ve di\u011fer idari s\u00fcre\u00e7lere dair belgelere bu sayfada yer verilmektedir. Y\u00f6nerge Versiyon Y\u00fcr\u00fcrl\u00fck Tarihi<\/p>\n","protected":false},"author":1561,"featured_media":0,"parent":232,"menu_order":1,"comment_status":"closed","ping_status":"closed","template":"","meta":{"_acf_changed":false,"inline_featured_image":false,"_lmt_disableupdate":"","_lmt_disable":"","footnotes":""},"class_list":["post-18429","page","type-page","status-publish","hentry"],"acf":[],"_links":{"self":[{"href":"https:\/\/tatd.org.tr\/tatdhayat\/wp-json\/wp\/v2\/pages\/18429","targetHints":{"allow":["GET"]}}],"collection":[{"href":"https:\/\/tatd.org.tr\/tatdhayat\/wp-json\/wp\/v2\/pages"}],"about":[{"href":"https:\/\/tatd.org.tr\/tatdhayat\/wp-json\/wp\/v2\/types\/page"}],"author":[{"embeddable":true,"href":"https:\/\/tatd.org.tr\/tatdhayat\/wp-json\/wp\/v2\/users\/1561"}],"replies":[{"embeddable":true,"href":"https:\/\/tatd.org.tr\/tatdhayat\/wp-json\/wp\/v2\/comments?post=18429"}],"version-history":[{"count":0,"href":"https:\/\/tatd.org.tr\/tatdhayat\/wp-json\/wp\/v2\/pages\/18429\/revisions"}],"up":[{"embeddable":true,"href":"https:\/\/tatd.org.tr\/tatdhayat\/wp-json\/wp\/v2\/pages\/232"}],"wp:attachment":[{"href":"https:\/\/tatd.org.tr\/tatdhayat\/wp-json\/wp\/v2\/media?parent=18429"}],"curies":[{"name":"wp","href":"https:\/\/api.w.org\/{rel}","templated":true}]}}