{"id":18425,"date":"2021-11-22T00:36:30","date_gmt":"2021-11-21T21:36:30","guid":{"rendered":"https:\/\/tatd.org.tr\/tatdhayat\/?page_id=18425"},"modified":"2022-01-04T17:18:41","modified_gmt":"2022-01-04T14:18:41","slug":"faaliyet-raporlari","status":"publish","type":"page","link":"https:\/\/tatd.org.tr\/tatdhayat\/hakkimizda\/belgeler\/faaliyet-raporlari\/","title":{"rendered":"Faaliyet Raporlar\u0131"},"content":{"rendered":"<p>&nbsp;<\/p>\n<div class=\"pcrstb-wrap\"><table style=\"border-collapse: collapse; width: 100%;\" border=\"1\">\n<tbody>\n<tr style=\"height: 24px;\">\n<td style=\"width: 5.51181%; height: 24px;\"><strong>Y\u0131l<\/strong><\/td>\n<td style=\"width: 38.517%; height: 24px;\"><strong>Y\u00fcr\u00fctme Kurulu<\/strong><\/td>\n<td style=\"width: 55.9711%; height: 24px;\"><strong>Faaliyet Raporu<\/strong><\/td>\n<\/tr>\n<tr style=\"height: 24px;\">\n<td style=\"width: 5.51181%; height: 24px;\">2021<\/td>\n<td style=\"width: 38.517%; height: 24px;\">Ba\u015fkan: Ay\u00e7a Koca, Sekreter: Merve Ek\u015fio\u011flu<\/td>\n<td style=\"width: 55.9711%; height: 24px;\"><a class=\"btn btn-outline-primary fw-bold text-start\" href=\"https:\/\/tatd.org.tr\/tatdhayat\/wp-content\/uploads\/sites\/18\/2021\/12\/e29b5ec8f5573b95f663a88055c6c687-2.pdf\" target=\"_blank\" rel=\"noopener\"><i class=\"fas fa-file-pdf me-2\"><\/i>TATD SAG\u0306LIKLI YAS\u0327AM FAALI\u0307YET RAPORU 2020-2021 (10,41 MB)<\/a><\/td>\n<\/tr>\n<tr style=\"height: 24px;\">\n<td style=\"width: 5.51181%; height: 24px;\">2020<\/td>\n<td style=\"width: 38.517%; height: 24px;\">Ba\u015fkan: Ay\u00e7a Koca, Sekreter: Merve Ek\u015fio\u011flu<\/td>\n<td style=\"width: 55.9711%; height: 24px;\"><a class=\"btn btn-outline-primary fw-bold text-start\" href=\"https:\/\/tatd.org.tr\/tatdhayat\/wp-content\/uploads\/sites\/18\/2021\/11\/2019-2020-TATD-SAG\u0306LIKLI-YAS\u0327AM-FAALI\u0307YET-RAPORU.pdf\" target=\"_blank\" rel=\"noopener\"><i class=\"fas fa-file-pdf me-2\"><\/i>TATD SAG\u0306LIKLI YAS\u0327AM FAALI\u0307YET RAPORU 2019-2020 (11,69 MB)<\/a><\/td>\n<\/tr>\n<tr style=\"height: 24px;\">\n<td style=\"width: 5.51181%; height: 24px;\">2019<\/td>\n<td style=\"width: 38.517%; height: 24px;\">Ba\u015fkan: Ebru \u00dcnal Ako\u011flu, Sekreter: G\u00fcltekin Kad\u0131<\/td>\n<td style=\"width: 55.9711%; height: 24px;\"><a class=\"btn btn-outline-primary fw-bold text-start\" href=\"https:\/\/tatd.org.tr\/tatdhayat\/wp-content\/uploads\/sites\/18\/2021\/11\/2018-2019-TATDHAYAT-Faaliyet-Raporu-lores.pdf\" target=\"_blank\" rel=\"noopener\"><i class=\"fas fa-file-pdf me-2\"><\/i>TATD SAG\u0306LIKLI YAS\u0327AM FAALI\u0307YET RAPORU 2018-2019 (1,14 MB)<\/a><\/td>\n<\/tr>\n<tr style=\"height: 24px;\">\n<td style=\"width: 5.51181%; height: 24px;\">2018<\/td>\n<td style=\"width: 38.517%; height: 24px;\">Kurulu\u015f Y\u0131l\u0131. Ba\u015fkan: \u00d6zlem K\u00f6ksal, Sekreter: Murat \u00c7etin<\/td>\n<td style=\"width: 55.9711%; height: 24px;\">Faaliyet raporu y\u00fcklenecektir.<\/td>\n<\/tr>\n<\/tbody>\n<\/table><\/div>\n<p>\u00c7al\u0131\u015fma Grubunun y\u0131ll\u0131k faaliyet raporlar\u0131 buraya y\u00fcklenecektir.\u00a0Faaliyet raporlar\u0131 sadece TATD \u00fcyelerine a\u00e7\u0131kt\u0131r.<\/p>\n","protected":false},"excerpt":{"rendered":"<p>&nbsp; Y\u0131l Y\u00fcr\u00fctme Kurulu Faaliyet Raporu 2021 Ba\u015fkan: Ay\u00e7a Koca, Sekreter: Merve Ek\u015fio\u011flu TATD SAG\u0306LIKLI YAS\u0327AM FAALI\u0307YET RAPORU 2020-2021 (10,41 MB) 2020&hellip;<\/p>\n","protected":false},"author":1561,"featured_media":0,"parent":232,"menu_order":2,"comment_status":"closed","ping_status":"closed","template":"","meta":{"_acf_changed":false,"inline_featured_image":false,"_lmt_disableupdate":"","_lmt_disable":"","footnotes":""},"class_list":["post-18425","page","type-page","status-publish","hentry"],"acf":[],"_links":{"self":[{"href":"https:\/\/tatd.org.tr\/tatdhayat\/wp-json\/wp\/v2\/pages\/18425","targetHints":{"allow":["GET"]}}],"collection":[{"href":"https:\/\/tatd.org.tr\/tatdhayat\/wp-json\/wp\/v2\/pages"}],"about":[{"href":"https:\/\/tatd.org.tr\/tatdhayat\/wp-json\/wp\/v2\/types\/page"}],"author":[{"embeddable":true,"href":"https:\/\/tatd.org.tr\/tatdhayat\/wp-json\/wp\/v2\/users\/1561"}],"replies":[{"embeddable":true,"href":"https:\/\/tatd.org.tr\/tatdhayat\/wp-json\/wp\/v2\/comments?post=18425"}],"version-history":[{"count":0,"href":"https:\/\/tatd.org.tr\/tatdhayat\/wp-json\/wp\/v2\/pages\/18425\/revisions"}],"up":[{"embeddable":true,"href":"https:\/\/tatd.org.tr\/tatdhayat\/wp-json\/wp\/v2\/pages\/232"}],"wp:attachment":[{"href":"https:\/\/tatd.org.tr\/tatdhayat\/wp-json\/wp\/v2\/media?parent=18425"}],"curies":[{"name":"wp","href":"https:\/\/api.w.org\/{rel}","templated":true}]}}