{"id":18406,"date":"2021-11-21T19:06:27","date_gmt":"2021-11-21T16:06:27","guid":{"rendered":"https:\/\/tatd.org.tr\/tatdhayat\/?page_id=18406"},"modified":"2021-11-22T00:34:32","modified_gmt":"2021-11-21T21:34:32","slug":"web-ve-sosyal-medya-ekibi","status":"publish","type":"page","link":"https:\/\/tatd.org.tr\/tatdhayat\/hakkimizda\/kurullar\/web-ve-sosyal-medya-ekibi\/","title":{"rendered":"Web ve Sosyal Medya Ekibi"},"content":{"rendered":"<ul>\n<li>Murat Yaz\u0131c\u0131<\/li>\n<li>Melih \u0130mamo\u011flu<\/li>\n<li>M. Furkan Y\u0131ld\u0131zkaya<\/li>\n<li>G\u00fcltekin Kad\u0131<\/li>\n<li>\u00d6zkan Eraslan<\/li>\n<\/ul>\n","protected":false},"excerpt":{"rendered":"<p>Murat Yaz\u0131c\u0131 Melih \u0130mamo\u011flu M. Furkan Y\u0131ld\u0131zkaya G\u00fcltekin Kad\u0131 \u00d6zkan Eraslan<\/p>\n","protected":false},"author":1561,"featured_media":0,"parent":18421,"menu_order":3,"comment_status":"closed","ping_status":"closed","template":"","meta":{"_acf_changed":false,"inline_featured_image":false,"_lmt_disableupdate":"","_lmt_disable":"","footnotes":""},"class_list":["post-18406","page","type-page","status-publish","hentry"],"acf":[],"_links":{"self":[{"href":"https:\/\/tatd.org.tr\/tatdhayat\/wp-json\/wp\/v2\/pages\/18406","targetHints":{"allow":["GET"]}}],"collection":[{"href":"https:\/\/tatd.org.tr\/tatdhayat\/wp-json\/wp\/v2\/pages"}],"about":[{"href":"https:\/\/tatd.org.tr\/tatdhayat\/wp-json\/wp\/v2\/types\/page"}],"author":[{"embeddable":true,"href":"https:\/\/tatd.org.tr\/tatdhayat\/wp-json\/wp\/v2\/users\/1561"}],"replies":[{"embeddable":true,"href":"https:\/\/tatd.org.tr\/tatdhayat\/wp-json\/wp\/v2\/comments?post=18406"}],"version-history":[{"count":0,"href":"https:\/\/tatd.org.tr\/tatdhayat\/wp-json\/wp\/v2\/pages\/18406\/revisions"}],"up":[{"embeddable":true,"href":"https:\/\/tatd.org.tr\/tatdhayat\/wp-json\/wp\/v2\/pages\/18421"}],"wp:attachment":[{"href":"https:\/\/tatd.org.tr\/tatdhayat\/wp-json\/wp\/v2\/media?parent=18406"}],"curies":[{"name":"wp","href":"https:\/\/api.w.org\/{rel}","templated":true}]}}