{"id":18403,"date":"2021-11-21T19:03:16","date_gmt":"2021-11-21T16:03:16","guid":{"rendered":"https:\/\/tatd.org.tr\/tatdhayat\/?page_id=18403"},"modified":"2021-11-22T00:34:25","modified_gmt":"2021-11-21T21:34:25","slug":"bolge-sorumlulari","status":"publish","type":"page","link":"https:\/\/tatd.org.tr\/tatdhayat\/hakkimizda\/kurullar\/bolge-sorumlulari\/","title":{"rendered":"B\u00f6lge Sorumlular\u0131"},"content":{"rendered":"<div class=\"pcrstb-wrap\"><table style=\"border-collapse: collapse; width: 100%;\" border=\"1\">\n<tbody>\n<tr style=\"height: 24px;\">\n<td style=\"width: 50%; height: 24px;\"><strong>B\u00f6lge<\/strong><\/td>\n<td style=\"width: 50%; height: 24px;\"><strong>Sorumlu<\/strong><\/td>\n<\/tr>\n<tr style=\"height: 24px;\">\n<td style=\"width: 50%; height: 24px;\"><\/td>\n<td style=\"width: 50%; height: 24px;\">V. Asl\u0131han Durak<\/td>\n<\/tr>\n<tr style=\"height: 24px;\">\n<td style=\"width: 50%; height: 24px;\"><\/td>\n<td style=\"width: 50%; height: 24px;\">Ay\u00e7a Koca<\/td>\n<\/tr>\n<tr style=\"height: 24px;\">\n<td style=\"width: 50%; height: 24px;\"><\/td>\n<td style=\"width: 50%; height: 24px;\">Elif Burma<\/td>\n<\/tr>\n<tr style=\"height: 24px;\">\n<td style=\"width: 50%; height: 24px;\"><\/td>\n<td style=\"width: 50%; height: 24px;\">\u0130lker G\u00f6k<\/td>\n<\/tr>\n<tr style=\"height: 24px;\">\n<td style=\"width: 50%; height: 24px;\"><\/td>\n<td style=\"width: 50%; height: 24px;\">K\u00fcbra \u015eendur<\/td>\n<\/tr>\n<tr style=\"height: 28px;\">\n<td style=\"width: 50%; height: 28px;\"><\/td>\n<td style=\"width: 50%; height: 28px;\">\u00d6zkan Erarslan<\/td>\n<\/tr>\n<tr style=\"height: 24px;\">\n<td style=\"width: 50%; height: 24px;\"><\/td>\n<td style=\"width: 50%; height: 24px;\">Nurfer G\u00f6ren<\/td>\n<\/tr>\n<tr style=\"height: 24px;\">\n<td style=\"width: 50%; height: 24px;\"><\/td>\n<td style=\"width: 50%; height: 24px;\">Ebru \u00dcnal Ako\u011flu<\/td>\n<\/tr>\n<\/tbody>\n<\/table><\/div>\n<p>&nbsp;<\/p>\n","protected":false},"excerpt":{"rendered":"<p>B\u00f6lge Sorumlu V. Asl\u0131han Durak Ay\u00e7a Koca Elif Burma \u0130lker G\u00f6k K\u00fcbra \u015eendur \u00d6zkan Erarslan Nurfer G\u00f6ren Ebru \u00dcnal Ako\u011flu &nbsp;<\/p>\n","protected":false},"author":1561,"featured_media":0,"parent":18421,"menu_order":2,"comment_status":"closed","ping_status":"closed","template":"","meta":{"_acf_changed":false,"inline_featured_image":false,"_lmt_disableupdate":"","_lmt_disable":"","footnotes":""},"class_list":["post-18403","page","type-page","status-publish","hentry"],"acf":[],"_links":{"self":[{"href":"https:\/\/tatd.org.tr\/tatdhayat\/wp-json\/wp\/v2\/pages\/18403","targetHints":{"allow":["GET"]}}],"collection":[{"href":"https:\/\/tatd.org.tr\/tatdhayat\/wp-json\/wp\/v2\/pages"}],"about":[{"href":"https:\/\/tatd.org.tr\/tatdhayat\/wp-json\/wp\/v2\/types\/page"}],"author":[{"embeddable":true,"href":"https:\/\/tatd.org.tr\/tatdhayat\/wp-json\/wp\/v2\/users\/1561"}],"replies":[{"embeddable":true,"href":"https:\/\/tatd.org.tr\/tatdhayat\/wp-json\/wp\/v2\/comments?post=18403"}],"version-history":[{"count":0,"href":"https:\/\/tatd.org.tr\/tatdhayat\/wp-json\/wp\/v2\/pages\/18403\/revisions"}],"up":[{"embeddable":true,"href":"https:\/\/tatd.org.tr\/tatdhayat\/wp-json\/wp\/v2\/pages\/18421"}],"wp:attachment":[{"href":"https:\/\/tatd.org.tr\/tatdhayat\/wp-json\/wp\/v2\/media?parent=18403"}],"curies":[{"name":"wp","href":"https:\/\/api.w.org\/{rel}","templated":true}]}}