{"id":388,"date":"2021-11-21T23:11:29","date_gmt":"2021-11-21T20:11:29","guid":{"rendered":"https:\/\/tatd.org.tr\/tacmed\/?page_id=388"},"modified":"2021-11-21T23:11:29","modified_gmt":"2021-11-21T20:11:29","slug":"faaliyet-raporlari","status":"publish","type":"page","link":"https:\/\/tatd.org.tr\/taktiktip\/hakkimizda\/belgeler\/faaliyet-raporlari\/","title":{"rendered":"Faaliyet Raporlar\u0131"},"content":{"rendered":"<p>&nbsp;<\/p>\n<div class=\"pcrstb-wrap\"><table style=\"border-collapse: collapse; width: 100%;\" border=\"1\">\n<tbody>\n<tr style=\"height: 24px;\">\n<td style=\"width: 9.58005%; height: 24px;\"><strong>Y\u0131l<\/strong><\/td>\n<td style=\"width: 43.1102%; height: 24px;\"><strong>Y\u00fcr\u00fctme Kurulu<\/strong><\/td>\n<td style=\"width: 47.3097%; height: 24px;\"><strong>Faaliyet Raporu<\/strong><\/td>\n<\/tr>\n<tr style=\"height: 24px;\">\n<td style=\"width: 9.58005%; height: 24px;\">2021 (GK Y\u0131l\u0131)<\/td>\n<td style=\"width: 43.1102%; height: 24px;\">Ba\u015fkan: Erdem \u00c7evik, Sekreter: \u0130smail Erkan Ayd\u0131n<\/td>\n<td style=\"width: 47.3097%; height: 24px;\">Faaliyet Raporu haz\u0131rlanmaktad\u0131r.<\/td>\n<\/tr>\n<tr style=\"height: 24px;\">\n<td style=\"width: 9.58005%; height: 24px;\">2020<\/td>\n<td style=\"width: 43.1102%; height: 24px;\">Ba\u015fkan: Erdem \u00c7evik, Sekreter: \u0130smail Erkan Ayd\u0131n<\/td>\n<td style=\"width: 47.3097%; height: 24px;\">Faaliyet Raporu haz\u0131rlanmaktad\u0131r.<\/td>\n<\/tr>\n<tr style=\"height: 24px;\">\n<td style=\"width: 9.58005%; height: 24px;\">2019 (GK Y\u0131l\u0131)<\/td>\n<td style=\"width: 43.1102%; height: 24px;\">Kurulu\u015f Y\u0131l\u0131. Ba\u015fkan: Erdem \u00c7evik, Sekreter: \u0130smail Erkan Ayd\u0131n<\/td>\n<td style=\"width: 47.3097%; height: 24px;\"><a class=\"btn btn-outline-primary fw-bold text-start\" href=\"https:\/\/tatd.org.tr\/tacmed\/wp-content\/uploads\/sites\/19\/2021\/11\/Taktik-Tibbi-C\u0327alis\u0327ma-Grubu-Faaliyet-Raporu-S\u0327ubat-2020.pdf\" target=\"_blank\" rel=\"noopener\"><i class=\"fas fa-file-pdf me-2\"><\/i>Taktik T\u0131bb\u0131 C\u0327al\u0131s\u0327ma Grubu Faaliyet Raporu \u2013 S\u0327ubat 2020 (106,47 KB)<\/a><\/p>\n<p>TATD Y\u00f6netim Kurulu karar\u0131yla \u00c7G kurucu YK&#8217;n\u0131n 1 d\u00f6nem daha devam\u0131na karar verilmi\u015ftir.<\/td>\n<\/tr>\n<\/tbody>\n<\/table><\/div>\n<p>\u00c7al\u0131\u015fma Grubunun y\u0131ll\u0131k faaliyet raporlar\u0131 buraya y\u00fcklenecektir.\u00a0Faaliyet raporlar\u0131 sadece TATD \u00fcyelerine a\u00e7\u0131kt\u0131r.<\/p>\n","protected":false},"excerpt":{"rendered":"<p>&nbsp; Y\u0131l Y\u00fcr\u00fctme Kurulu Faaliyet Raporu 2021 (GK Y\u0131l\u0131) Ba\u015fkan: Erdem \u00c7evik, Sekreter: \u0130smail Erkan Ayd\u0131n Faaliyet Raporu haz\u0131rlanmaktad\u0131r. 2020 Ba\u015fkan: Erdem \u00c7evik, Sekreter: \u0130smail Erkan Ayd\u0131n Faaliyet Raporu haz\u0131rlanmaktad\u0131r.&hellip;<\/p>\n","protected":false},"author":1561,"featured_media":0,"parent":232,"menu_order":2,"comment_status":"closed","ping_status":"closed","template":"","meta":{"_acf_changed":false,"inline_featured_image":false,"_lmt_disableupdate":"","_lmt_disable":"","footnotes":""},"class_list":["post-388","page","type-page","status-publish","hentry"],"acf":[],"_links":{"self":[{"href":"https:\/\/tatd.org.tr\/taktiktip\/wp-json\/wp\/v2\/pages\/388","targetHints":{"allow":["GET"]}}],"collection":[{"href":"https:\/\/tatd.org.tr\/taktiktip\/wp-json\/wp\/v2\/pages"}],"about":[{"href":"https:\/\/tatd.org.tr\/taktiktip\/wp-json\/wp\/v2\/types\/page"}],"author":[{"embeddable":true,"href":"https:\/\/tatd.org.tr\/taktiktip\/wp-json\/wp\/v2\/users\/1561"}],"replies":[{"embeddable":true,"href":"https:\/\/tatd.org.tr\/taktiktip\/wp-json\/wp\/v2\/comments?post=388"}],"version-history":[{"count":0,"href":"https:\/\/tatd.org.tr\/taktiktip\/wp-json\/wp\/v2\/pages\/388\/revisions"}],"up":[{"embeddable":true,"href":"https:\/\/tatd.org.tr\/taktiktip\/wp-json\/wp\/v2\/pages\/232"}],"wp:attachment":[{"href":"https:\/\/tatd.org.tr\/taktiktip\/wp-json\/wp\/v2\/media?parent=388"}],"curies":[{"name":"wp","href":"https:\/\/api.w.org\/{rel}","templated":true}]}}