{"id":305,"date":"2021-11-20T00:23:51","date_gmt":"2021-11-19T21:23:51","guid":{"rendered":"https:\/\/tatd.org.tr\/tacmed\/?page_id=305"},"modified":"2021-11-20T00:38:14","modified_gmt":"2021-11-19T21:38:14","slug":"taktik-alanda-acil-mudahele-kursu","status":"publish","type":"page","link":"https:\/\/tatd.org.tr\/taktiktip\/etkinliklerimiz\/kurslar\/taktik-alanda-acil-mudahele-kursu\/","title":{"rendered":"Taktik Alanda Acil M\u00fcdahele Kursu"},"content":{"rendered":"<p>Sava\u015f, ter\u00f6r sald\u0131r\u0131lar\u0131, mesk\u00fbn mahal operasyonlar\u0131 ve \u00e7at\u0131\u015fma ortamlar\u0131nda meydana gelen yaralanmalarda uygulanacak acil t\u0131bbi m\u00fcdahale standart travma yakla\u015f\u0131m\u0131ndan farkl\u0131d\u0131r. Taktik alanda acil t\u0131bb\u0131 m\u00fcdahale kursu, ba\u015fta muharip personelin kendi kendine ya da yak\u0131n arkada\u015f\u0131na uygulayaca\u011f\u0131 ilk yard\u0131mla ba\u015flayan, Rol 1\u2019den Rol-4\u2019e kadar farkl\u0131 kademelerde devam eden tedavi ve taktik tahliye s\u00fcre\u00e7lerinin b\u00fct\u00fcn\u00fcn\u00fcn bilinmesi, bu alanlarda \u00e7al\u0131\u015fan paramedik, pratisyen hekim, acil t\u0131p asistan ve uzmanlar\u0131n\u0131n bu tip taktik yaral\u0131lara m\u00fcdahale konusunda fark\u0131ndal\u0131k, bilgi ve becerilerinin art\u0131r\u0131lmas\u0131n\u0131 ama\u00e7lamaktad\u0131r. Bu ama\u00e7la askeri alanda kullan\u0131lan \u00f6zel ekipmanlar\u0131n ve \u00f6zel yaralanmalardaki tedavi yakla\u015f\u0131mlar\u0131n\u0131n standart travma hasta y\u00f6netiminden farklar\u0131n\u0131 da i\u00e7eren teorik ve sim\u00fclasyon destekli pratik bilgilerin payla\u015f\u0131ld\u0131\u011f\u0131 kursta, toplam 6 sunum ve 3 saatlik sim\u00fclasyon destekli pratik uygulama yap\u0131lmaktad\u0131r.<\/p>\n<p>Bu kurs ihtiyaca g\u00f6re i\u00e7eri\u011fi de\u011fi\u015ftirilerek muharip askeri personelin operasyon esnas\u0131nda kendisi veya arkada\u015flar\u0131n\u0131n yaralanmalar\u0131nda harekat tarzlar\u0131n\u0131 \u00f6\u011fretmek i\u00e7in yar\u0131m g\u00fcnl\u00fck bir e\u011fitim, muharip s\u0131hhiye personeli\/ paramediklerin alanda m\u00fcdahale esaslar\u0131n\u0131 g\u00f6zden ge\u00e7irerek e\u011fitimini tamamlamak i\u00e7in 1 tam g\u00fcnl\u00fck bir program ve askeri alanda veya yaral\u0131lar\u0131n getirildi\u011fi rol 1- rol 2 de g\u00f6rev yapan hekimler i\u00e7in askeri yaralanmalar\u0131n \u00f6zellikleri ve \u00f6zellikli i\u015flemleri hat\u0131rlamalar\u0131 i\u00e7in 2 g\u00fcnl\u00fck bir e\u011fitimle hem teorik hem de pratik destekli bir kurstur.<\/p>\n<p>&nbsp;<\/p>\n<h3>Kurs e\u011fitmenleri:<\/h3>\n<ul>\n<li>Prof. Dr. Orhan \u00c7\u0131nar<\/li>\n<li>Do\u00e7. Dr. Erdem \u00c7evik<\/li>\n<li>Dr. \u00d6\u011fr. \u00dcyesi Yahya Ayhan Acar<\/li>\n<li>Uzm. Dr. \u0130smail Erkan Ayd\u0131n<\/li>\n<li>Uzm. Dr. Umut Akar<\/li>\n<\/ul>\n<p>&nbsp;<\/p>\n<h3>Nas\u0131l e\u011fitici olunur?<\/h3>\n<ol>\n<li>Acil T\u0131p Uzman\u0131 olmak,<\/li>\n<li>TATD \u00fcyesi olmak,<\/li>\n<li>Kursa en az bir kez g\u00f6zetmen e\u011fitmen olarak kat\u0131lm\u0131\u015f olmak. Sonras\u0131nda spesifik bir konuda teorik ve pratik e\u011fitim verebilmek. Bu durum, ilgili spesifik konuda e\u011fitim verenler taraf\u0131ndan belirlenir.<\/li>\n<\/ol>\n<p>&nbsp;<\/p>\n<h3><strong>Kurs Programlar\u0131<\/strong><\/h3>\n<h4>Muharip askeri personel kursu<\/h4>\n<div class=\"pcrstb-wrap\"><table width=\"100%\">\n<tbody>\n<tr>\n<td width=\"63%\"><strong>Konu Ba\u015fl\u0131klar\u0131<\/strong><\/td>\n<td width=\"36%\"><strong>E\u011fitmenler<\/strong><\/td>\n<\/tr>\n<tr>\n<td width=\"63%\">Taktik Alanda T\u0131bbi M\u00fcdahale Kursu Giri\u015f (Ama\u00e7-Kapsam)<\/td>\n<td width=\"36%\">Dr. Orhan \u00c7\u0131nar<\/p>\n<p>Dr. Erdem \u00c7evik<\/td>\n<\/tr>\n<tr>\n<td width=\"63%\">Turnike Uygulamas\u0131<\/td>\n<td width=\"36%\">Dr. Orhan \u00c7\u0131nar<\/td>\n<\/tr>\n<tr>\n<td width=\"63%\">Hava yolu Y\u00f6netimi<\/td>\n<td width=\"36%\">Dr. Zafer Be\u015fer<\/td>\n<\/tr>\n<tr>\n<td width=\"63%\">Tansiyon \/ A\u00e7\u0131k Pn\u00f6motoraks Y\u00f6netimi<\/td>\n<td width=\"36%\">Dr. Erdem \u00c7evik<\/td>\n<\/tr>\n<tr>\n<td width=\"63%\">Kanama Durdurma Y\u00f6ntemleri (Sarg\u0131, Direk Bas\u0131)<\/td>\n<td width=\"36%\">Dr. \u0130smail Erkan Ayd\u0131n<\/td>\n<\/tr>\n<tr>\n<td width=\"63%\">Ta\u015f\u0131ma ve Tahliye Teknikleri<\/td>\n<td width=\"36%\">Dr. Emre Karsl\u0131<\/td>\n<\/tr>\n<tr>\n<td width=\"63%\">\u0130ntraosse\u00f6z Yol A\u00e7ma- S\u0131v\u0131 Res\u00fcsitasyonu<\/td>\n<td width=\"36%\">Dr. Osman \u00c7elik<\/td>\n<\/tr>\n<tr>\n<td width=\"63%\">Taktik Alanda M\u00fcdahale Esaslar\u0131 (Triyaj, \u00c7oklu Yaralanma)<\/td>\n<td width=\"36%\">Dr. Onur Tezel<\/td>\n<\/tr>\n<tr>\n<td width=\"63%\">Temel KBRN Yakla\u015f\u0131m\u0131<\/td>\n<td width=\"36%\">Dr. \u0130smail Erkan Ayd\u0131n<\/td>\n<\/tr>\n<tr>\n<td width=\"63%\">Atel Uygulamas\u0131<\/td>\n<td width=\"36%\">Dr. Ramazan Sab\u0131rl\u0131<\/td>\n<\/tr>\n<tr>\n<td width=\"63%\">Soru- Cevap Mod\u00fcl\u00fc (Vaka Tart\u0131\u015fmas\u0131)<\/td>\n<td width=\"36%\">Dr. Ramazan Sab\u0131rl\u0131<\/td>\n<\/tr>\n<tr>\n<td width=\"63%\">\u00d6zellikli Yaral\u0131lar (Amp\u00fctasyon, Yan\u0131k, Hipotermi)<\/td>\n<td width=\"36%\">Dr. Salih Da\u015fdelen<\/td>\n<\/tr>\n<\/tbody>\n<\/table><\/div>\n<p>&nbsp;<\/p>\n<h4>Muharip S\u0131hhiye Personeli \/ Paramedik Kurs Program\u0131<\/h4>\n<div class=\"pcrstb-wrap\"><table>\n<tbody>\n<tr>\n<td width=\"121\"><strong>Saat<\/strong><\/td>\n<td width=\"284\"><strong>Konu Ba\u015fl\u0131klar\u0131<\/strong><\/td>\n<td width=\"200\"><strong>E\u011fitmenler<\/strong><\/td>\n<\/tr>\n<tr>\n<td width=\"121\">09.00-09.15<\/td>\n<td width=\"284\">A\u00e7\u0131l\u0131\u015f ve tan\u0131\u015fma<\/td>\n<td width=\"200\">T\u00fcm e\u011fitmenler<\/td>\n<\/tr>\n<tr>\n<td width=\"121\">09.15-09.50<\/td>\n<td width=\"284\">Taktik alanda acil t\u0131bbi m\u00fcdahale esaslar\u0131, lojistik y\u00f6netimi<\/td>\n<td width=\"200\">Do\u00e7. Dr. Erdem \u00c7evik<\/td>\n<\/tr>\n<tr>\n<td width=\"121\">09.50-10.25<\/td>\n<td width=\"284\">\u00c7oklu yaralanma, triyaj, sahra hastaneleri ve hasta nakli<\/td>\n<td width=\"200\">Uzm. Dr. Umut Akar<\/td>\n<\/tr>\n<tr>\n<td width=\"121\">10.25-10.40<\/td>\n<td colspan=\"2\" width=\"484\"><strong>Ara<\/strong><\/td>\n<\/tr>\n<tr>\n<td width=\"121\">10.40-11.00<\/td>\n<td width=\"284\">Sava\u015f yaral\u0131s\u0131n\u0131n res\u00fcsitasyonunda \u00f6nemli noktalar.<\/p>\n<p>\u00b7\u00a0\u00a0\u00a0\u00a0\u00a0 Kanama y\u00f6netimi<\/p>\n<p>\u00b7\u00a0\u00a0\u00a0\u00a0\u00a0 Hemorajik \u015fok y\u00f6netimi ve kan transf\u00fczyon ilkeleri<\/p>\n<p>&nbsp;<\/td>\n<td width=\"200\">Dr. \u00d6\u011fr. \u00dcyesi Yahya Ayhan Acar<\/p>\n<p>&nbsp;<\/td>\n<\/tr>\n<tr>\n<td width=\"121\">11.00-11.30<\/td>\n<td width=\"284\">Sava\u015f yaral\u0131s\u0131nda<\/p>\n<p>\u00b7\u00a0\u00a0\u00a0\u00a0\u00a0 Hipotermiden korunma<\/p>\n<p>\u00b7\u00a0\u00a0\u00a0\u00a0\u00a0 Analjezi, antibiyoterapi ve a\u015f\u0131lama<\/td>\n<td width=\"200\">Uzm. Dr. \u0130smail Erkan Ayd\u0131n<\/p>\n<p>&nbsp;<\/p>\n<p>&nbsp;<\/td>\n<\/tr>\n<tr>\n<td width=\"121\">11.30-12.00<\/td>\n<td width=\"284\">Hava yolu y\u00f6netimi ve Patlama Yaralanmalar\u0131na M\u00fcdahalede \u00d6nemli Noktalar<\/td>\n<td width=\"200\">Prof. Dr. Orhan \u00c7\u0131nar<\/td>\n<\/tr>\n<tr>\n<td width=\"121\">12.00 \u2013 13.00<\/td>\n<td width=\"284\"><strong>\u00d6\u011fle Yeme\u011fi<\/strong><\/td>\n<td width=\"200\">&nbsp;<\/td>\n<\/tr>\n<tr>\n<td width=\"121\">13.00-14.00<\/td>\n<td width=\"284\">Olgular \u00dczerinden \u00c7al\u0131\u015fma<\/td>\n<td width=\"200\">T\u00fcm E\u011fitmenler<\/td>\n<\/tr>\n<tr>\n<td width=\"121\">14.00-16.30<\/td>\n<td width=\"284\">Sim\u00fclasyon Uygulamalar\u0131<\/p>\n<p>\u00b7\u00a0\u00a0\u00a0\u00a0\u00a0 Nazofaringeal airway<\/p>\n<p>\u00b7\u00a0\u00a0\u00a0\u00a0\u00a0 Krikotiroidotomi<\/p>\n<p>\u00b7\u00a0\u00a0\u00a0\u00a0\u00a0 Turnike<\/p>\n<p>\u00b7\u00a0\u00a0\u00a0\u00a0\u00a0 Kanama durdurucular<\/p>\n<p>\u00b7\u00a0\u00a0\u00a0\u00a0\u00a0 \u0130\u011fne torakostomi<\/p>\n<p>\u00b7\u00a0\u00a0\u00a0\u00a0\u00a0 Hasta tahliyesi<\/p>\n<p>\u00b7\u00a0\u00a0\u00a0\u00a0\u00a0 Hipotermi battaniyeleri<\/p>\n<p>\u00b7\u00a0\u00a0\u00a0\u00a0\u00a0 \u00d6zel sarg\u0131 ve bandajlar\u0131n kullan\u0131m\u0131<\/p>\n<p>\u00b7\u00a0\u00a0\u00a0\u00a0\u00a0 H\u00fccum yele\u011fi \u00e7\u0131karma ve silahtan ar\u0131nd\u0131rma<\/p>\n<p>&nbsp;<\/td>\n<td width=\"200\">T\u00fcm E\u011fitmenler<\/p>\n<p>&nbsp;<\/td>\n<\/tr>\n<tr>\n<td width=\"121\">16.30-17.00<\/td>\n<td width=\"284\">Geribildirim ve de\u011ferlendirme<\/td>\n<td width=\"200\">T\u00fcm e\u011fitmenler<\/p>\n<p>&nbsp;<\/td>\n<\/tr>\n<\/tbody>\n<\/table><\/div>\n<p>&nbsp;<\/p>\n<h4>Hekim Kurs Program\u0131<\/h4>\n<h5>1.G\u00fcn<\/h5>\n<div class=\"pcrstb-wrap\"><table>\n<tbody>\n<tr>\n<td width=\"121\"><strong>Saat<\/strong><\/td>\n<td width=\"284\"><strong>Konu Ba\u015fl\u0131klar\u0131<\/strong><\/td>\n<td width=\"200\"><strong>E\u011fitmenler<\/strong><\/td>\n<\/tr>\n<tr>\n<td width=\"121\">09.00-09.15<\/td>\n<td width=\"284\">A\u00e7\u0131l\u0131\u015f ve tan\u0131\u015fma<\/td>\n<td width=\"200\">T\u00fcm e\u011fitmenler<\/td>\n<\/tr>\n<tr>\n<td width=\"121\">09.15-09.50<\/td>\n<td width=\"284\">Taktik alanda acil t\u0131bbi m\u00fcdahale esaslar\u0131,<\/td>\n<td width=\"200\">Do\u00e7. Dr. Erdem \u00c7evik<\/td>\n<\/tr>\n<tr>\n<td width=\"121\">09.50-10.25<\/td>\n<td width=\"284\">\u00c7oklu yaralanmalar ve triaj<\/td>\n<td width=\"200\">Uzm. Dr. Umut Akar<\/td>\n<\/tr>\n<tr>\n<td width=\"121\">10.25-10.40<\/td>\n<td colspan=\"2\" width=\"484\"><strong>Ara<\/strong><\/td>\n<\/tr>\n<tr>\n<td width=\"121\">10.40-11.00<\/td>\n<td width=\"284\">Sahra hastaneleri kurulu\u015f ve i\u00e7erikleri<\/p>\n<p>&nbsp;<\/td>\n<td width=\"200\">Dr. \u00d6\u011fr. \u00dcyesi Yahya Ayhan Acar<\/p>\n<p>&nbsp;<\/td>\n<\/tr>\n<tr>\n<td width=\"121\">11.00-11.30<\/td>\n<td width=\"284\">Sava\u015f yaral\u0131lar\u0131nda genel res\u00fcsitatif prensipler<\/td>\n<td width=\"200\">Uzm. Dr. \u0130smail Erkan Ayd\u0131n<\/p>\n<p>&nbsp;<\/p>\n<p>&nbsp;<\/td>\n<\/tr>\n<tr>\n<td width=\"121\">11.30-12.00<\/td>\n<td width=\"284\">Kanama kontrol\u00fc ve kan transf\u00fczyon ilkeleri<\/td>\n<td width=\"200\">Prof. Dr. Orhan \u00c7\u0131nar<\/td>\n<\/tr>\n<tr>\n<td width=\"121\">12.00 \u2013 13.00<\/td>\n<td width=\"284\"><strong>\u00d6\u011fle Yeme\u011fi<\/strong><\/td>\n<td width=\"200\">&nbsp;<\/td>\n<\/tr>\n<tr>\n<td width=\"121\">13.00-14.00<\/td>\n<td width=\"284\">Hipotermide korunma ve s\u0131v\u0131 res\u00fcsitasyonu<\/td>\n<td width=\"200\">T\u00fcm E\u011fitmenler<\/td>\n<\/tr>\n<tr>\n<td width=\"121\">14.00-16.30<\/td>\n<td width=\"284\">Sim\u00fclasyon Uygulamalar\u0131<\/p>\n<p>\u00b7\u00a0\u00a0\u00a0\u00a0\u00a0 Turnike<\/p>\n<p>\u00b7\u00a0\u00a0\u00a0\u00a0\u00a0 Kanama durdurucular<\/p>\n<p>\u00b7\u00a0\u00a0\u00a0\u00a0\u00a0 \u0130\u011fne torakostomi<\/p>\n<p>\u00b7\u00a0\u00a0\u00a0\u00a0\u00a0 Hipotermi battaniyeleri<\/p>\n<p>\u00b7\u00a0\u00a0\u00a0\u00a0\u00a0 \u00d6zel sarg\u0131 ve bandajlar\u0131n kullan\u0131m\u0131<\/p>\n<p>&nbsp;<\/td>\n<td width=\"200\">T\u00fcm E\u011fitmenler<\/p>\n<p>&nbsp;<\/td>\n<\/tr>\n<\/tbody>\n<\/table><\/div>\n<p>&nbsp;<\/p>\n<h5>2.g\u00fcn<\/h5>\n<div class=\"pcrstb-wrap\"><table>\n<tbody>\n<tr>\n<td width=\"121\"><strong>Saat<\/strong><\/td>\n<td width=\"284\"><strong>Konu Ba\u015fl\u0131klar\u0131<\/strong><\/td>\n<td width=\"200\"><strong>E\u011fitmenler<\/strong><\/td>\n<\/tr>\n<tr>\n<td width=\"121\">09.00-09.15<\/td>\n<td width=\"284\">1. g\u00fcn\u00fcn k\u0131sa \u00f6zeti<\/td>\n<td width=\"200\">T\u00fcm e\u011fitmenler<\/td>\n<\/tr>\n<tr>\n<td width=\"121\">09.15-09.50<\/td>\n<td width=\"284\">Sava\u015f yaralanmalar\u0131nda havayolu y\u00f6netimi<\/td>\n<td width=\"200\">Do\u00e7. Dr. Erdem \u00c7evik<\/td>\n<\/tr>\n<tr>\n<td width=\"121\">09.50-10.25<\/td>\n<td width=\"284\">Toraks yaralanmalar\u0131nda giri\u015fimsel uygulamalar<\/td>\n<td width=\"200\">Uzm. Dr. Umut Akar<\/td>\n<\/tr>\n<tr>\n<td width=\"121\">10.25-10.40<\/td>\n<td colspan=\"2\" width=\"484\"><strong>Ara<\/strong><\/td>\n<\/tr>\n<tr>\n<td width=\"121\">10.40-11.00<\/td>\n<td width=\"284\">Sava\u015f yaral\u0131s\u0131nda analjezi, antibiyoterapi ve a\u015f\u0131lama<\/td>\n<td width=\"200\">Dr. \u00d6\u011fr. \u00dcyesi Yahya Ayhan Acar<\/p>\n<p>&nbsp;<\/td>\n<\/tr>\n<tr>\n<td width=\"121\">11.00-11.30<\/td>\n<td width=\"284\">Sava\u015f yaral\u0131s\u0131nda ar\u0131nd\u0131rma y\u00f6ntemleri<\/td>\n<td width=\"200\">Uzm. Dr. \u0130smail Erkan Ayd\u0131n<\/td>\n<\/tr>\n<tr>\n<td width=\"121\">11.30-12.00<\/td>\n<td width=\"284\">Patlama Yaralanmalar\u0131na M\u00fcdahalede \u00d6nemli Noktalar<\/td>\n<td width=\"200\">Prof. Dr. Orhan \u00c7\u0131nar<\/td>\n<\/tr>\n<tr>\n<td width=\"121\">12.00 \u2013 13.00<\/td>\n<td width=\"284\"><strong>\u00d6\u011fle Yeme\u011fi<\/strong><\/td>\n<td width=\"200\">&nbsp;<\/td>\n<\/tr>\n<tr>\n<td width=\"121\">13.00-14.00<\/td>\n<td width=\"284\">Olgular \u00dczerinden \u00c7al\u0131\u015fma<\/td>\n<td width=\"200\">T\u00fcm E\u011fitmenler<\/td>\n<\/tr>\n<tr>\n<td width=\"121\">14.00-16.30<\/td>\n<td width=\"284\">Sim\u00fclasyon Uygulamalar\u0131<\/p>\n<p>\u00b7\u00a0\u00a0\u00a0\u00a0\u00a0 Nazofaringeal airway<\/p>\n<p>\u00b7\u00a0\u00a0\u00a0\u00a0\u00a0 Krikotiroidotomi<\/p>\n<p>\u00b7\u00a0\u00a0\u00a0\u00a0\u00a0 \u0130\u011fne torakostomi<\/p>\n<p>\u00b7\u00a0\u00a0\u00a0\u00a0\u00a0 Hasta tahliyesi<\/p>\n<p>\u00b7\u00a0\u00a0\u00a0\u00a0\u00a0 H\u00fccum yele\u011fi \u00e7\u0131karma ve silahtan ar\u0131nd\u0131rma<\/p>\n<p>&nbsp;<\/td>\n<td width=\"200\">T\u00fcm E\u011fitmenler<\/p>\n<p>&nbsp;<\/td>\n<\/tr>\n<tr>\n<td width=\"121\">16.30-17.00<\/td>\n<td width=\"284\">Geribildirim ve de\u011ferlendirme<\/td>\n<td width=\"200\">T\u00fcm e\u011fitmenler<\/p>\n<p>&nbsp;<\/td>\n<\/tr>\n<\/tbody>\n<\/table><\/div>\n","protected":false},"excerpt":{"rendered":"<p>Sava\u015f, ter\u00f6r sald\u0131r\u0131lar\u0131, mesk\u00fbn mahal operasyonlar\u0131 ve \u00e7at\u0131\u015fma ortamlar\u0131nda meydana gelen yaralanmalarda uygulanacak acil t\u0131bbi m\u00fcdahale standart travma yakla\u015f\u0131m\u0131ndan farkl\u0131d\u0131r. Taktik alanda acil t\u0131bb\u0131 m\u00fcdahale kursu, ba\u015fta muharip personelin kendi&hellip;<\/p>\n","protected":false},"author":1561,"featured_media":0,"parent":240,"menu_order":0,"comment_status":"closed","ping_status":"closed","template":"","meta":{"_acf_changed":false,"inline_featured_image":false,"_lmt_disableupdate":"","_lmt_disable":"","footnotes":""},"class_list":["post-305","page","type-page","status-publish","hentry"],"acf":[],"_links":{"self":[{"href":"https:\/\/tatd.org.tr\/taktiktip\/wp-json\/wp\/v2\/pages\/305","targetHints":{"allow":["GET"]}}],"collection":[{"href":"https:\/\/tatd.org.tr\/taktiktip\/wp-json\/wp\/v2\/pages"}],"about":[{"href":"https:\/\/tatd.org.tr\/taktiktip\/wp-json\/wp\/v2\/types\/page"}],"author":[{"embeddable":true,"href":"https:\/\/tatd.org.tr\/taktiktip\/wp-json\/wp\/v2\/users\/1561"}],"replies":[{"embeddable":true,"href":"https:\/\/tatd.org.tr\/taktiktip\/wp-json\/wp\/v2\/comments?post=305"}],"version-history":[{"count":0,"href":"https:\/\/tatd.org.tr\/taktiktip\/wp-json\/wp\/v2\/pages\/305\/revisions"}],"up":[{"embeddable":true,"href":"https:\/\/tatd.org.tr\/taktiktip\/wp-json\/wp\/v2\/pages\/240"}],"wp:attachment":[{"href":"https:\/\/tatd.org.tr\/taktiktip\/wp-json\/wp\/v2\/media?parent=305"}],"curies":[{"name":"wp","href":"https:\/\/api.w.org\/{rel}","templated":true}]}}