{"id":227,"date":"2021-10-17T23:08:36","date_gmt":"2021-10-17T20:08:36","guid":{"rendered":"https:\/\/tatd.org.tr\/template\/?page_id=12"},"modified":"2021-11-17T12:48:37","modified_gmt":"2021-11-17T09:48:37","slug":"amac-ve-hedefler","status":"publish","type":"page","link":"https:\/\/tatd.org.tr\/taktiktip\/hakkimizda\/amac-ve-hedefler\/","title":{"rendered":"Ama\u00e7 ve Hedefler"},"content":{"rendered":"<p>Vizyon ve misyonumuza uygun \u015fekilde belirledi\u011fimiz hedeflere ula\u015fmak amac\u0131yla bilimsel geli\u015fmeleri yak\u0131ndan takip etmek, \u00e7al\u0131\u015fmalar yapmak, ulusal kullan\u0131labilecek k\u0131lavuzlar ortaya koymak ve bu alanda \u00e7al\u0131\u015fanlara y\u00f6nelik yaz\u0131l\u0131 ve g\u00f6rsel dok\u00fcmanlar haz\u0131rlayarak uzaktan e\u011fitim platformlar\u0131 olu\u015fturmakt\u0131r.<\/p>\n","protected":false},"excerpt":{"rendered":"<p>Vizyon ve misyonumuza uygun \u015fekilde belirledi\u011fimiz hedeflere ula\u015fmak amac\u0131yla bilimsel geli\u015fmeleri yak\u0131ndan takip etmek, \u00e7al\u0131\u015fmalar yapmak, ulusal kullan\u0131labilecek k\u0131lavuzlar ortaya koymak ve bu alanda \u00e7al\u0131\u015fanlara y\u00f6nelik yaz\u0131l\u0131 ve g\u00f6rsel dok\u00fcmanlar&hellip;<\/p>\n","protected":false},"author":1561,"featured_media":0,"parent":224,"menu_order":2,"comment_status":"closed","ping_status":"closed","template":"","meta":{"_acf_changed":false,"inline_featured_image":false,"_lmt_disableupdate":"","_lmt_disable":"","footnotes":""},"class_list":["post-227","page","type-page","status-publish","hentry"],"acf":[],"_links":{"self":[{"href":"https:\/\/tatd.org.tr\/taktiktip\/wp-json\/wp\/v2\/pages\/227","targetHints":{"allow":["GET"]}}],"collection":[{"href":"https:\/\/tatd.org.tr\/taktiktip\/wp-json\/wp\/v2\/pages"}],"about":[{"href":"https:\/\/tatd.org.tr\/taktiktip\/wp-json\/wp\/v2\/types\/page"}],"author":[{"embeddable":true,"href":"https:\/\/tatd.org.tr\/taktiktip\/wp-json\/wp\/v2\/users\/1561"}],"replies":[{"embeddable":true,"href":"https:\/\/tatd.org.tr\/taktiktip\/wp-json\/wp\/v2\/comments?post=227"}],"version-history":[{"count":0,"href":"https:\/\/tatd.org.tr\/taktiktip\/wp-json\/wp\/v2\/pages\/227\/revisions"}],"up":[{"embeddable":true,"href":"https:\/\/tatd.org.tr\/taktiktip\/wp-json\/wp\/v2\/pages\/224"}],"wp:attachment":[{"href":"https:\/\/tatd.org.tr\/taktiktip\/wp-json\/wp\/v2\/media?parent=227"}],"curies":[{"name":"wp","href":"https:\/\/api.w.org\/{rel}","templated":true}]}}