{"id":226,"date":"2021-10-17T23:07:10","date_gmt":"2021-10-17T20:07:10","guid":{"rendered":"https:\/\/tatd.org.tr\/template\/?page_id=10"},"modified":"2021-11-20T00:23:13","modified_gmt":"2021-11-19T21:23:13","slug":"vizyon-misyon-ve-tanimlar","status":"publish","type":"page","link":"https:\/\/tatd.org.tr\/taktiktip\/hakkimizda\/vizyon-misyon-ve-tanimlar\/","title":{"rendered":"Vizyon, Misyon ve Tan\u0131mlar"},"content":{"rendered":"<h3><strong>V\u0130ZYON<\/strong><\/h3>\n<p>\u00dclkemizde sava\u015f ve patlama yaral\u0131lar\u0131n\u0131n mortalite ve morbiditesini azaltmak, yaralanmalar\u0131 \u00f6nlemek, Rol 1\u2019den Rol 4\u2019e kadar tetkik ve tedavi s\u00fcre\u00e7lerinin bilimsel \u00e7al\u0131\u015fmalar \u0131\u015f\u0131\u011f\u0131nda en uygun \u015fekilde yap\u0131lmas\u0131 ad\u0131na e\u011fitimler d\u00fczenlemek, ulusal protokoller belirlemek ve bu alanlarda \u00e7al\u0131\u015fan hekim ve hekim d\u0131\u015f\u0131 sa\u011fl\u0131k \u00e7al\u0131\u015fanlar\u0131n\u0131n bilgi ve becerilerini en y\u00fcksek seviyede tutmaya y\u00f6nelik yaz\u0131l\u0131 ve g\u00f6rsel ileti\u015fim kaynaklar\u0131n\u0131 kullanan enerjik bir topluluk olmakt\u0131r.<\/p>\n<p>&nbsp;<\/p>\n<h3><strong>M\u0130SYON<\/strong><\/h3>\n<p>Taktik t\u0131bb\u0131 \u00e7al\u0131\u015fma grubunun misyonu, sava\u015f ve patlama yaral\u0131lar\u0131na m\u00fcdahale ilkeleri ve hasta y\u00f6netimi konusunda hekim ve di\u011fer sa\u011fl\u0131k \u00e7al\u0131\u015fanlar\u0131 ba\u015fta olmak \u00fczere bu alanda g\u00f6rev yapan t\u00fcm \u00e7al\u0131\u015fanlar\u0131n bilgi ve fark\u0131ndal\u0131klar\u0131n\u0131 art\u0131rmakt\u0131r.<\/p>\n","protected":false},"excerpt":{"rendered":"<p>V\u0130ZYON \u00dclkemizde sava\u015f ve patlama yaral\u0131lar\u0131n\u0131n mortalite ve morbiditesini azaltmak, yaralanmalar\u0131 \u00f6nlemek, Rol 1\u2019den Rol 4\u2019e kadar tetkik ve tedavi s\u00fcre\u00e7lerinin bilimsel \u00e7al\u0131\u015fmalar \u0131\u015f\u0131\u011f\u0131nda en uygun \u015fekilde yap\u0131lmas\u0131 ad\u0131na e\u011fitimler&hellip;<\/p>\n","protected":false},"author":1561,"featured_media":0,"parent":224,"menu_order":1,"comment_status":"closed","ping_status":"closed","template":"","meta":{"_acf_changed":false,"inline_featured_image":false,"_lmt_disableupdate":"","_lmt_disable":"","footnotes":""},"class_list":["post-226","page","type-page","status-publish","hentry"],"acf":[],"_links":{"self":[{"href":"https:\/\/tatd.org.tr\/taktiktip\/wp-json\/wp\/v2\/pages\/226","targetHints":{"allow":["GET"]}}],"collection":[{"href":"https:\/\/tatd.org.tr\/taktiktip\/wp-json\/wp\/v2\/pages"}],"about":[{"href":"https:\/\/tatd.org.tr\/taktiktip\/wp-json\/wp\/v2\/types\/page"}],"author":[{"embeddable":true,"href":"https:\/\/tatd.org.tr\/taktiktip\/wp-json\/wp\/v2\/users\/1561"}],"replies":[{"embeddable":true,"href":"https:\/\/tatd.org.tr\/taktiktip\/wp-json\/wp\/v2\/comments?post=226"}],"version-history":[{"count":0,"href":"https:\/\/tatd.org.tr\/taktiktip\/wp-json\/wp\/v2\/pages\/226\/revisions"}],"up":[{"embeddable":true,"href":"https:\/\/tatd.org.tr\/taktiktip\/wp-json\/wp\/v2\/pages\/224"}],"wp:attachment":[{"href":"https:\/\/tatd.org.tr\/taktiktip\/wp-json\/wp\/v2\/media?parent=226"}],"curies":[{"name":"wp","href":"https:\/\/api.w.org\/{rel}","templated":true}]}}