{"id":224,"date":"2021-10-17T23:04:20","date_gmt":"2021-10-17T20:04:20","guid":{"rendered":"https:\/\/tatd.org.tr\/template\/?page_id=5"},"modified":"2021-11-20T00:20:59","modified_gmt":"2021-11-19T21:20:59","slug":"hakkimizda","status":"publish","type":"page","link":"https:\/\/tatd.org.tr\/taktiktip\/","title":{"rendered":"Hakk\u0131m\u0131zda"},"content":{"rendered":"<p>Sava\u015f, ter\u00f6r sald\u0131r\u0131lar\u0131, mesk\u00fbn mahal operasyonlar\u0131 ve \u00e7at\u0131\u015fma ortamlar\u0131nda meydana gelen yaralanmalarda uygulanacak acil t\u0131bbi m\u00fcdahale standart travma yakla\u015f\u0131m\u0131ndan farkl\u0131d\u0131r. <strong>TATD Taktik T\u0131bb\u0131 \u00c7al\u0131\u015fma Grubu<\/strong>, ba\u015fta muharip personelin kendi kendine ya da yak\u0131n arkada\u015f\u0131na uygulayaca\u011f\u0131 ilk yard\u0131mla ba\u015flayan, Rol 1\u2019den Rol-4\u2019e kadar farkl\u0131 kademelerde devam eden tedavi ve taktik tahliye s\u00fcre\u00e7lerinin b\u00fct\u00fcn\u00fcn\u00fcn bilinmesi, bu alanlarda \u00e7al\u0131\u015fan muharip s\u0131hhiye, acil t\u0131p teknisyeni, paramedik, pratisyen hekim, acil t\u0131p asistan ve uzmanlar\u0131n\u0131n bu tip taktik yaral\u0131lara m\u00fcdahalelerdeki bilgi ve becerilerinin art\u0131r\u0131lmas\u0131 amac\u0131yla kurulmu\u015f bir \u00e7al\u0131\u015fma grubudur.<\/p>\n<div id=\"widget-content\" class=\"widget widget-content col-sm-12 col-md-12 col-lg-12 flex-sm-fill flex-md-grow-0 py-3\">\n<div class=\"row\">\n<div class=\"col-sm-12 \">\n<div class=\"row flex-column \">\n<div class=\"col-sm-12 border-bottom\">\n<p><strong>TATD Taktik T\u0131bb\u0131 \u00c7al\u0131\u015fma Grubu<\/strong>\u00a0i\u00e7erisinde \u00e7al\u0131\u015fmak ve etkinliklerde g\u00f6rev almak isteyen dernek \u00fcyelerimiz, TATD \u00fcye alan\u0131na \u015fifreleri ile giri\u015f yaparak \u201cHesab\u0131m\u201d k\u0131sm\u0131 \u201cG\u00f6revler\u201d sekmesinden \u00e7al\u0131\u015fmak istedikleri komisyon ve \u00e7al\u0131\u015fma gruplar\u0131n\u0131 se\u00e7mek suretiyle ilgili birimlerin Y\u00fcr\u00fctme Kurullar\u0131na taleplerini iletebilir ya da men\u00fcde yer alan ileti\u015fim sayfas\u0131ndaki bilgileri kullanarak kendilerine ula\u015fabilirler.<\/p>\n<\/div>\n<\/div>\n<\/div>\n<\/div>\n<\/div>\n<div id=\"widget-events\" class=\"widget widget-events col-sm-12 col-md-6 col-lg-4 flex-sm-fill flex-md-grow-0 py-3\">\n<div class=\"row\">\n<div class=\"col-sm-12 \"><\/div>\n<\/div>\n<\/div>\n","protected":false},"excerpt":{"rendered":"<p>Sava\u015f, ter\u00f6r sald\u0131r\u0131lar\u0131, mesk\u00fbn mahal operasyonlar\u0131 ve \u00e7at\u0131\u015fma ortamlar\u0131nda meydana gelen yaralanmalarda uygulanacak acil t\u0131bbi m\u00fcdahale standart travma yakla\u015f\u0131m\u0131ndan farkl\u0131d\u0131r. TATD Taktik T\u0131bb\u0131 \u00c7al\u0131\u015fma Grubu, ba\u015fta muharip personelin kendi kendine&hellip;<\/p>\n","protected":false},"author":1561,"featured_media":0,"parent":0,"menu_order":0,"comment_status":"closed","ping_status":"closed","template":"","meta":{"_acf_changed":false,"inline_featured_image":false,"_lmt_disableupdate":"","_lmt_disable":"","footnotes":""},"class_list":["post-224","page","type-page","status-publish","hentry"],"acf":[],"_links":{"self":[{"href":"https:\/\/tatd.org.tr\/taktiktip\/wp-json\/wp\/v2\/pages\/224","targetHints":{"allow":["GET"]}}],"collection":[{"href":"https:\/\/tatd.org.tr\/taktiktip\/wp-json\/wp\/v2\/pages"}],"about":[{"href":"https:\/\/tatd.org.tr\/taktiktip\/wp-json\/wp\/v2\/types\/page"}],"author":[{"embeddable":true,"href":"https:\/\/tatd.org.tr\/taktiktip\/wp-json\/wp\/v2\/users\/1561"}],"replies":[{"embeddable":true,"href":"https:\/\/tatd.org.tr\/taktiktip\/wp-json\/wp\/v2\/comments?post=224"}],"version-history":[{"count":0,"href":"https:\/\/tatd.org.tr\/taktiktip\/wp-json\/wp\/v2\/pages\/224\/revisions"}],"wp:attachment":[{"href":"https:\/\/tatd.org.tr\/taktiktip\/wp-json\/wp\/v2\/media?parent=224"}],"curies":[{"name":"wp","href":"https:\/\/api.w.org\/{rel}","templated":true}]}}