{"id":229,"date":"2021-10-17T23:17:45","date_gmt":"2021-10-17T20:17:45","guid":{"rendered":"https:\/\/tatd.org.tr\/template\/?page_id=16"},"modified":"2026-02-03T01:05:35","modified_gmt":"2026-02-02T22:05:35","slug":"yurutme-kurulu","status":"publish","type":"page","link":"https:\/\/tatd.org.tr\/sportibbi\/hakkimizda\/yurutme-kurulu\/","title":{"rendered":"Y\u00fcr\u00fctme Kurulu"},"content":{"rendered":"\n<figure class=\"wp-block-table\"><div class=\"pcrstb-wrap\"><table class=\"has-fixed-layout\"><tbody><tr><td><strong>\u00c7al\u0131\u015fma Grubu Ba\u015fkan\u0131<\/strong><\/td><td>Uzm. Dr. \u00d6mer Yusuf Erdurmu\u015f<\/td><\/tr><tr><td><strong>\u00c7al\u0131\u015fma Grubu Sekreteri<\/strong><\/td><td>Uzm. Dr. Mustafa Altun<\/td><\/tr><tr><td><strong>Sosyal Medya Sorumlusu<\/strong><\/td><td>Uzm. Dr. Ceral Efe Arac\u0131<\/td><\/tr><\/tbody><\/table><\/div><\/figure>\n","protected":false},"excerpt":{"rendered":"<p>\u00c7al\u0131\u015fma Grubu Ba\u015fkan\u0131 Uzm. Dr. \u00d6mer Yusuf Erdurmu\u015f \u00c7al\u0131\u015fma Grubu Sekreteri Uzm. Dr. Mustafa Altun Sosyal Medya Sorumlusu Uzm. Dr. Ceral Efe Arac\u0131<\/p>\n","protected":false},"author":1561,"featured_media":0,"parent":224,"menu_order":10,"comment_status":"closed","ping_status":"closed","template":"","meta":{"_acf_changed":false,"inline_featured_image":false,"_lmt_disableupdate":"","_lmt_disable":"","footnotes":""},"class_list":["post-229","page","type-page","status-publish","hentry"],"acf":[],"_links":{"self":[{"href":"https:\/\/tatd.org.tr\/sportibbi\/wp-json\/wp\/v2\/pages\/229","targetHints":{"allow":["GET"]}}],"collection":[{"href":"https:\/\/tatd.org.tr\/sportibbi\/wp-json\/wp\/v2\/pages"}],"about":[{"href":"https:\/\/tatd.org.tr\/sportibbi\/wp-json\/wp\/v2\/types\/page"}],"author":[{"embeddable":true,"href":"https:\/\/tatd.org.tr\/sportibbi\/wp-json\/wp\/v2\/users\/1561"}],"replies":[{"embeddable":true,"href":"https:\/\/tatd.org.tr\/sportibbi\/wp-json\/wp\/v2\/comments?post=229"}],"version-history":[{"count":0,"href":"https:\/\/tatd.org.tr\/sportibbi\/wp-json\/wp\/v2\/pages\/229\/revisions"}],"up":[{"embeddable":true,"href":"https:\/\/tatd.org.tr\/sportibbi\/wp-json\/wp\/v2\/pages\/224"}],"wp:attachment":[{"href":"https:\/\/tatd.org.tr\/sportibbi\/wp-json\/wp\/v2\/media?parent=229"}],"curies":[{"name":"wp","href":"https:\/\/api.w.org\/{rel}","templated":true}]}}