{"id":224,"date":"2021-10-17T23:04:20","date_gmt":"2021-10-17T20:04:20","guid":{"rendered":"https:\/\/tatd.org.tr\/template\/?page_id=5"},"modified":"2024-06-10T15:05:26","modified_gmt":"2024-06-10T12:05:26","slug":"hakkimizda","status":"publish","type":"page","link":"https:\/\/tatd.org.tr\/sportibbi\/","title":{"rendered":"Hakk\u0131m\u0131zda"},"content":{"rendered":"\n<p><span class=\"s2\"><strong>T\u00fcrkiye Acil T\u0131p Derne\u011fi<\/strong> \u00e7at\u0131s\u0131 alt\u0131nda <\/span><strong><span class=\"s3\">TATD Spor T\u0131bb\u0131 \u00c7al\u0131\u015fma Grubu<\/span><\/strong><span class=\"s2\"> olarak \u00e7al\u0131\u015fma hayat\u0131m\u0131za ba\u015flam\u0131\u015f bulunmaktay\u0131z. \u00dclkemizdeki rekabet\u00e7i sporlara olan y\u00fcksek ilgi g\u00f6z \u00f6n\u00fcnde bulunduruldu\u011funda, bu alanlarda do\u011fan acillere en iyi m\u00fcdahaleyi uygulamay\u0131 hedefleyen acil t\u0131p uzmanlar\u0131 i\u00e7in bu \u00e7al\u0131\u015fma grubunun kurulmas\u0131 b\u00fcy\u00fck bir \u00f6nem arz etmektedir. <\/span><\/p>\n\n\n\n<p><span class=\"s2\">Vizyonumuz s<\/span><span class=\"s2\">por t\u0131bb\u0131<\/span><span class=\"s2\"> ve spor yaralanmalar\u0131yla ilgili T\u00fcrkiye Acil T\u0131p Derne\u011fi \u00e7at\u0131s\u0131 alt\u0131nda <\/span><span class=\"s2\">projeler ger\u00e7ekle\u015ftirmek<\/span><span class=\"s2\">, <\/span><span class=\"s2\">spor travmalar\u0131 hakk\u0131nda <\/span><span class=\"s2\">g\u00fcncel literat\u00fcr<\/span><span class=\"s2\"> bilgileri \u0131\u015f\u0131\u011f\u0131nda e\u011fitim faaliyetleri d\u00fczenlemek, <\/span><span class=\"s2\">yay\u0131n organlar\u0131m\u0131zda spor t\u0131bb\u0131yla ilgili g\u00fcncel bilgilendirme payla\u015f\u0131mlar\u0131 yapmak ve a<\/span><span class=\"s2\">cil t\u0131p uzmanlar\u0131n\u0131n spor t\u0131bb\u0131yla olan ili\u015fkisi ve gereklili\u011fi hakk\u0131nda<\/span><span class=\"s2\">ki<\/span><span class=\"s2\"> fark\u0131ndal\u0131<\/span><span class=\"s2\">\u011f\u0131 artt\u0131rmakt\u0131r. <\/span><\/p>\n\n\n\n<p><span class=\"s2\">Misyonumuz <\/span><span class=\"s2\">sporcu yaralanmalar\u0131 ve spor acilleri<\/span><span class=\"s2\">nin \u00f6nemini t\u00fcm acil t\u0131p camias\u0131na vurgulayarak konu<\/span><span class=\"s2\"> \u00fczerine t\u0131bbi bilimsel \u00e7al\u0131\u015fmalar ger\u00e7ekle\u015ftirilme<\/span><span class=\"s2\">k<\/span><span class=\"s2\">, spor t\u0131bb\u0131 hakk\u0131nda bilgilendirici e\u011fitim<\/span><span class=\"s2\"> ve sempozyumlar\u0131 <\/span><span class=\"s2\">planla<\/span><span class=\"s2\">mak<\/span><span class=\"s2\"> ve derne\u011fimiz b\u00fcnyesinde hali haz\u0131rda ger\u00e7ekle\u015ftirilen baz\u0131 sosyal \u00e7al\u0131\u015fmalar\u0131 <\/span><span class=\"s2\">tek<\/span><span class=\"s2\"> \u00e7at\u0131 alt\u0131nda birle\u015ftirilme<\/span><span class=\"s2\">ktir<\/span><span class=\"s2\">. <\/span><\/p>\n\n\n\n<p><span class=\"s5\">TATD Spor T\u0131bb\u0131 \u00c7al\u0131\u015fma Grubu <\/span><span class=\"s6\">i\u00e7erisinde \u00e7al\u0131\u015fmak ve etkinliklerde g\u00f6rev almak isteyen dernek \u00fcyelerimiz, TATD \u00fcye alan\u0131na \u015fifreleri ile giri\u015f yaparak \u201cHesab\u0131m\u201d k\u0131sm\u0131 \u201cG\u00f6revler\u201d sekmesinden \u00e7al\u0131\u015fmak istedikleri komisyon ve \u00e7al\u0131\u015fma gruplar\u0131n\u0131 se\u00e7mek suretiyle ilgili birimlerin Y\u00fcr\u00fctme Kurullar\u0131na taleplerini iletebilir ya da men\u00fcde yer alan ileti\u015fim sayfas\u0131ndaki bilgileri kullanarak kendilerine ula\u015fabilirler.<\/span><\/p>\n\n\n\n<p><\/p>\n","protected":false},"excerpt":{"rendered":"<p>T\u00fcrkiye Acil T\u0131p Derne\u011fi \u00e7at\u0131s\u0131 alt\u0131nda TATD Spor T\u0131bb\u0131 \u00c7al\u0131\u015fma Grubu olarak \u00e7al\u0131\u015fma hayat\u0131m\u0131za ba\u015flam\u0131\u015f bulunmaktay\u0131z. \u00dclkemizdeki rekabet\u00e7i sporlara olan y\u00fcksek ilgi g\u00f6z \u00f6n\u00fcnde bulunduruldu\u011funda, bu alanlarda do\u011fan acillere en&hellip;<\/p>\n","protected":false},"author":1207,"featured_media":0,"parent":0,"menu_order":0,"comment_status":"closed","ping_status":"closed","template":"","meta":{"_acf_changed":false,"inline_featured_image":false,"_lmt_disableupdate":"","_lmt_disable":"","footnotes":""},"class_list":["post-224","page","type-page","status-publish","hentry"],"acf":[],"_links":{"self":[{"href":"https:\/\/tatd.org.tr\/sportibbi\/wp-json\/wp\/v2\/pages\/224","targetHints":{"allow":["GET"]}}],"collection":[{"href":"https:\/\/tatd.org.tr\/sportibbi\/wp-json\/wp\/v2\/pages"}],"about":[{"href":"https:\/\/tatd.org.tr\/sportibbi\/wp-json\/wp\/v2\/types\/page"}],"author":[{"embeddable":true,"href":"https:\/\/tatd.org.tr\/sportibbi\/wp-json\/wp\/v2\/users\/1207"}],"replies":[{"embeddable":true,"href":"https:\/\/tatd.org.tr\/sportibbi\/wp-json\/wp\/v2\/comments?post=224"}],"version-history":[{"count":0,"href":"https:\/\/tatd.org.tr\/sportibbi\/wp-json\/wp\/v2\/pages\/224\/revisions"}],"wp:attachment":[{"href":"https:\/\/tatd.org.tr\/sportibbi\/wp-json\/wp\/v2\/media?parent=224"}],"curies":[{"name":"wp","href":"https:\/\/api.w.org\/{rel}","templated":true}]}}