{"id":329,"date":"2021-11-22T00:30:34","date_gmt":"2021-11-21T21:30:34","guid":{"rendered":"https:\/\/tatd.org.tr\/tatdres\/?page_id=329"},"modified":"2022-03-23T10:24:20","modified_gmt":"2022-03-23T07:24:20","slug":"kilavuz-ve-rehberler","status":"publish","type":"page","link":"https:\/\/tatd.org.tr\/resusitasyon\/hakkimizda\/belgeler\/kilavuz-ve-rehberler\/","title":{"rendered":"K\u0131lavuz ve Rehberler"},"content":{"rendered":"<p>\u00c7al\u0131\u015fma Grubu taraf\u0131ndan haz\u0131rlan\u0131p yay\u0131nlanan k\u0131lavuz, rehber ve yay\u0131nlara bu sayfada yer verilmektedir.<\/p>\n<div class=\"pcrstb-wrap\"><table style=\"border-collapse: collapse;width: 100%\" border=\"1\">\n<tbody>\n<tr style=\"height: 24px\">\n<td style=\"width: 33.3333%;height: 24px\"><strong>K\u0131lavuz<\/strong><\/td>\n<td style=\"width: 33.3333%;height: 24px\"><strong>Edit\u00f6r ve Yazarlar<\/strong><\/td>\n<td style=\"width: 33.3333%;height: 24px\"><strong>Yay\u0131n Y\u0131l\u0131<\/strong><\/td>\n<\/tr>\n<tr style=\"height: 24px\">\n<td style=\"width: 33.3333%;height: 24px\"><a class=\"btn btn-outline-primary fw-bold text-start\" href=\"https:\/\/tatd.org.tr\/resusitasyon\/wp-content\/uploads\/sites\/17\/2022\/03\/716d376a2bf4b22f3c9fb628467c5dc2.pdf\" target=\"_blank\" rel=\"noopener\">TYD Eriskin Algoritmas\u0131 (1,68 MB)<\/a><\/td>\n<td style=\"width: 33.3333%;height: 24px\">TATDRES \u00c7al\u0131\u015fma Grubu<\/td>\n<td style=\"width: 33.3333%;height: 24px\">2020<\/td>\n<\/tr>\n<tr style=\"height: 40px\">\n<td style=\"width: 33.3333%;height: 40px\"><a class=\"btn btn-outline-primary fw-bold text-start\" href=\"https:\/\/tatd.org.tr\/resusitasyon\/wp-content\/uploads\/sites\/17\/2022\/03\/c603d0c4c9a0e182b95d79b5d73dddc6.pdf\" target=\"_blank\" rel=\"noopener\">Bradikardi Algoritmasi TR (1,18 MB)<\/a><\/td>\n<td style=\"width: 33.3333%;height: 40px\">TATDRES \u00c7al\u0131\u015fma Grubu<\/td>\n<td style=\"width: 33.3333%;height: 40px\">2020<\/td>\n<\/tr>\n<tr style=\"height: 24px\">\n<td style=\"width: 33.3333%;height: 24px\"><a class=\"btn btn-outline-primary fw-bold text-start\" href=\"https:\/\/tatd.org.tr\/resusitasyon\/wp-content\/uploads\/sites\/17\/2022\/03\/923f9ccfea4148d3adedcb105ae5ca7f.pdf\" target=\"_blank\" rel=\"noopener\"><i class=\"fas fa-file-pdf me-2\"><\/i>Eri\u015fkin \u0130KYD Algoritmas\u0131 (1,85 MB)<\/a><\/td>\n<td style=\"width: 33.3333%;height: 24px\">TATDRES \u00c7al\u0131\u015fma Grubu<\/td>\n<td style=\"width: 33.3333%;height: 24px\">2020<\/td>\n<\/tr>\n<tr style=\"height: 24px\">\n<td style=\"width: 33.3333%;height: 24px\"><a class=\"btn btn-outline-primary fw-bold text-start\" href=\"https:\/\/tatd.org.tr\/resusitasyon\/wp-content\/uploads\/sites\/17\/2022\/03\/bf9a8c4a45aa9980cfa88d951f21c111.pdf\" target=\"_blank\" rel=\"noopener\"><i class=\"fas fa-file-pdf me-2\"><\/i>Post Kardiyak Arrest Algoritmas\u0131 (1,98 MB)<\/a><\/td>\n<td style=\"width: 33.3333%;height: 24px\">TATDRES \u00c7al\u0131\u015fma Grubu<\/td>\n<td style=\"width: 33.3333%;height: 24px\">2020<\/td>\n<\/tr>\n<tr>\n<td style=\"width: 33.3333%\"><a class=\"btn btn-outline-primary fw-bold text-start\" href=\"https:\/\/tatd.org.tr\/resusitasyon\/wp-content\/uploads\/sites\/17\/2022\/03\/777369e6983391d07ddddce35fb659a0.pdf\" target=\"_blank\" rel=\"noopener\"><i class=\"fas fa-file-pdf me-2\"><\/i>Ta\u015fikardi Algoritmas\u0131 (1,82 MB)<\/a><\/p>\n<p>&nbsp;<\/td>\n<td style=\"width: 33.3333%\">TATDRES \u00c7al\u0131\u015fma Grubu<\/td>\n<td style=\"width: 33.3333%\">2020<\/td>\n<\/tr>\n<\/tbody>\n<\/table><\/div>\n","protected":false},"excerpt":{"rendered":"<p>\u00c7al\u0131\u015fma Grubu taraf\u0131ndan haz\u0131rlan\u0131p yay\u0131nlanan k\u0131lavuz, rehber ve yay\u0131nlara bu sayfada yer verilmektedir. K\u0131lavuz Edit\u00f6r ve Yazarlar Yay\u0131n Y\u0131l\u0131 TYD Eriskin Algoritmas\u0131&hellip;<\/p>\n","protected":false},"author":1561,"featured_media":0,"parent":232,"menu_order":3,"comment_status":"closed","ping_status":"closed","template":"","meta":{"_acf_changed":false,"inline_featured_image":false,"_lmt_disableupdate":"","_lmt_disable":"","footnotes":""},"class_list":["post-329","page","type-page","status-publish","hentry"],"acf":[],"_links":{"self":[{"href":"https:\/\/tatd.org.tr\/resusitasyon\/wp-json\/wp\/v2\/pages\/329","targetHints":{"allow":["GET"]}}],"collection":[{"href":"https:\/\/tatd.org.tr\/resusitasyon\/wp-json\/wp\/v2\/pages"}],"about":[{"href":"https:\/\/tatd.org.tr\/resusitasyon\/wp-json\/wp\/v2\/types\/page"}],"author":[{"embeddable":true,"href":"https:\/\/tatd.org.tr\/resusitasyon\/wp-json\/wp\/v2\/users\/1561"}],"replies":[{"embeddable":true,"href":"https:\/\/tatd.org.tr\/resusitasyon\/wp-json\/wp\/v2\/comments?post=329"}],"version-history":[{"count":0,"href":"https:\/\/tatd.org.tr\/resusitasyon\/wp-json\/wp\/v2\/pages\/329\/revisions"}],"up":[{"embeddable":true,"href":"https:\/\/tatd.org.tr\/resusitasyon\/wp-json\/wp\/v2\/pages\/232"}],"wp:attachment":[{"href":"https:\/\/tatd.org.tr\/resusitasyon\/wp-json\/wp\/v2\/media?parent=329"}],"curies":[{"name":"wp","href":"https:\/\/api.w.org\/{rel}","templated":true}]}}