{"id":242,"date":"2021-10-17T23:54:19","date_gmt":"2021-10-17T20:54:19","guid":{"rendered":"https:\/\/tatd.org.tr\/template\/?page_id=63"},"modified":"2022-03-18T21:56:18","modified_gmt":"2022-03-18T18:56:18","slug":"kurs-koordinatorleri","status":"publish","type":"page","link":"https:\/\/tatd.org.tr\/resusitasyon\/etkinliklerimiz\/kurs-koordinatorleri\/","title":{"rendered":"Kurs Koordinat\u00f6rleri"},"content":{"rendered":"<p>\u0130KYD : Dr. \u00c7a\u011fda\u015f Y\u0131ld\u0131r\u0131m<\/p>\n<p>AHA BLS : Dr. G\u00fcl Pamuk\u00e7u G\u00fcnayd\u0131n \/ Dr. G\u00fcltekin Kad\u0131<\/p>\n<p>&nbsp;<\/p>\n","protected":false},"excerpt":{"rendered":"<p>\u0130KYD : Dr. \u00c7a\u011fda\u015f Y\u0131ld\u0131r\u0131m AHA BLS : Dr. G\u00fcl Pamuk\u00e7u G\u00fcnayd\u0131n \/ Dr. G\u00fcltekin Kad\u0131 &nbsp;<\/p>\n","protected":false},"author":1561,"featured_media":0,"parent":233,"menu_order":1,"comment_status":"closed","ping_status":"closed","template":"team.php","meta":{"_acf_changed":false,"inline_featured_image":false,"_lmt_disableupdate":"","_lmt_disable":"","footnotes":""},"class_list":["post-242","page","type-page","status-publish","hentry"],"acf":[],"_links":{"self":[{"href":"https:\/\/tatd.org.tr\/resusitasyon\/wp-json\/wp\/v2\/pages\/242","targetHints":{"allow":["GET"]}}],"collection":[{"href":"https:\/\/tatd.org.tr\/resusitasyon\/wp-json\/wp\/v2\/pages"}],"about":[{"href":"https:\/\/tatd.org.tr\/resusitasyon\/wp-json\/wp\/v2\/types\/page"}],"author":[{"embeddable":true,"href":"https:\/\/tatd.org.tr\/resusitasyon\/wp-json\/wp\/v2\/users\/1561"}],"replies":[{"embeddable":true,"href":"https:\/\/tatd.org.tr\/resusitasyon\/wp-json\/wp\/v2\/comments?post=242"}],"version-history":[{"count":0,"href":"https:\/\/tatd.org.tr\/resusitasyon\/wp-json\/wp\/v2\/pages\/242\/revisions"}],"up":[{"embeddable":true,"href":"https:\/\/tatd.org.tr\/resusitasyon\/wp-json\/wp\/v2\/pages\/233"}],"wp:attachment":[{"href":"https:\/\/tatd.org.tr\/resusitasyon\/wp-json\/wp\/v2\/media?parent=242"}],"curies":[{"name":"wp","href":"https:\/\/api.w.org\/{rel}","templated":true}]}}