{"id":227,"date":"2021-10-17T23:08:36","date_gmt":"2021-10-17T20:08:36","guid":{"rendered":"https:\/\/tatd.org.tr\/template\/?page_id=12"},"modified":"2021-11-21T17:40:49","modified_gmt":"2021-11-21T14:40:49","slug":"amac-ve-hedefler","status":"publish","type":"page","link":"https:\/\/tatd.org.tr\/resusitasyon\/hakkimizda\/amac-ve-hedefler\/","title":{"rendered":"Ama\u00e7 ve Hedefler"},"content":{"rendered":"<ol>\n<li>Kardiyopulmoner resusitasyon ve acil kardiyovask\u00fcler bak\u0131m (KPR &amp; AKB) konular\u0131nda ulusal politika ve k\u0131lavuzlar\u0131n belirlenmesi i\u00e7in ulusal uzla\u015f\u0131 raporlar\u0131 olu\u015fturmak.<\/li>\n<li>KPR &amp; AKB konusunda \u00e7al\u0131\u015fan ulusal ve uluslar aras\u0131 kurum, kurulu\u015f, komisyon, \u00e7al\u0131\u015fma grubu ve benzer olu\u015fumlarla birlikte \u00e7al\u0131\u015fmalar yapmak.<\/li>\n<li>KPR &amp; AKB ile ilgili politika ve k\u0131lavuzlar\u0131n belirlenmesi i\u00e7in uluslararas\u0131 uzla\u015f\u0131 raporlar\u0131na katk\u0131da bulunmak.<\/li>\n<li>KPR &amp; AKB ile ilgili bilimsel \u00e7al\u0131\u015fmalarda bulunmak.<\/li>\n<li>KPR &amp; AKB ile ilgili ulusal ve uluslararas\u0131 projeler \u00fcretmek, \u00fcretilmi\u015f projelerde ortak olarak g\u00f6rev almak.<\/li>\n<li>Sa\u011fl\u0131k profesyonelleri ve t\u0131p \u00f6\u011frencileri i\u00e7in ilk yard\u0131m, temel ve ileri acil kardiyovask\u00fcler bak\u0131m ile ilk yard\u0131m uygulay\u0131c\u0131lar\u0131 ve genel halk i\u00e7in ilk yard\u0131m, temel acil kardiyovask\u00fcler bak\u0131m programlar\u0131 d\u00fczenlemek.<\/li>\n<li>KPR &amp; AKB konusunda t\u00fcm sa\u011fl\u0131k \u00e7al\u0131\u015fanlar\u0131na y\u00fcksek kaliteli e\u011fitimler, kurslar ve her t\u00fcr bilimsel etkinlikler d\u00fczenlemek.<\/li>\n<li>T\u0131p e\u011fitiminde KPR &amp; AKB e\u011fitimlerinin verilmesini sa\u011flamak<\/li>\n<li>Toplumun ani kardiyak \u00f6l\u00fcm konusunda fark\u0131ndal\u0131\u011f\u0131n\u0131 art\u0131rarak temel ya\u015fam deste\u011fi ve ilkyard\u0131m uygulamalar\u0131n\u0131n yayg\u0131nla\u015fmas\u0131n\u0131 sa\u011flamak.<\/li>\n<li>Otomatik eksternal defibrilat\u00f6rleri riskli alanlarda bulundurulmas\u0131 ve kullan\u0131m\u0131n\u0131n sa\u011flanmas\u0131 i\u00e7in projeler d\u00fczenlemek ve e\u011fitim programlar\u0131 olu\u015fturmak.<\/li>\n<\/ol>\n","protected":false},"excerpt":{"rendered":"<p>Kardiyopulmoner resusitasyon ve acil kardiyovask\u00fcler bak\u0131m (KPR &amp; AKB) konular\u0131nda ulusal politika ve k\u0131lavuzlar\u0131n belirlenmesi i\u00e7in ulusal uzla\u015f\u0131 raporlar\u0131 olu\u015fturmak. KPR &amp;&hellip;<\/p>\n","protected":false},"author":1561,"featured_media":0,"parent":224,"menu_order":2,"comment_status":"closed","ping_status":"closed","template":"","meta":{"_acf_changed":false,"inline_featured_image":false,"_lmt_disableupdate":"","_lmt_disable":"","footnotes":""},"class_list":["post-227","page","type-page","status-publish","hentry"],"acf":[],"_links":{"self":[{"href":"https:\/\/tatd.org.tr\/resusitasyon\/wp-json\/wp\/v2\/pages\/227","targetHints":{"allow":["GET"]}}],"collection":[{"href":"https:\/\/tatd.org.tr\/resusitasyon\/wp-json\/wp\/v2\/pages"}],"about":[{"href":"https:\/\/tatd.org.tr\/resusitasyon\/wp-json\/wp\/v2\/types\/page"}],"author":[{"embeddable":true,"href":"https:\/\/tatd.org.tr\/resusitasyon\/wp-json\/wp\/v2\/users\/1561"}],"replies":[{"embeddable":true,"href":"https:\/\/tatd.org.tr\/resusitasyon\/wp-json\/wp\/v2\/comments?post=227"}],"version-history":[{"count":0,"href":"https:\/\/tatd.org.tr\/resusitasyon\/wp-json\/wp\/v2\/pages\/227\/revisions"}],"up":[{"embeddable":true,"href":"https:\/\/tatd.org.tr\/resusitasyon\/wp-json\/wp\/v2\/pages\/224"}],"wp:attachment":[{"href":"https:\/\/tatd.org.tr\/resusitasyon\/wp-json\/wp\/v2\/media?parent=227"}],"curies":[{"name":"wp","href":"https:\/\/api.w.org\/{rel}","templated":true}]}}