{"id":226,"date":"2021-10-17T23:07:10","date_gmt":"2021-10-17T20:07:10","guid":{"rendered":"https:\/\/tatd.org.tr\/template\/?page_id=10"},"modified":"2021-11-21T17:40:06","modified_gmt":"2021-11-21T14:40:06","slug":"vizyon-misyon-ve-tanimlar","status":"publish","type":"page","link":"https:\/\/tatd.org.tr\/resusitasyon\/hakkimizda\/vizyon-misyon-ve-tanimlar\/","title":{"rendered":"Vizyon, Misyon ve Tan\u0131mlar"},"content":{"rendered":"<h3>Vizyon<\/h3>\n<p>Bu k\u0131s\u0131m haz\u0131rlanmaktad\u0131r.<\/p>\n<h3><\/h3>\n<h3>Misyon<\/h3>\n<p>Bu k\u0131s\u0131m haz\u0131rlanmaktad\u0131r.<\/p>\n<h3><\/h3>\n<h3><strong>Tan\u0131mlar<\/strong><\/h3>\n<ul>\n<li><strong>Kardiyopulmoner resusitasyon:<\/strong> Kardiyopulmoner ve serebral resusitasyonun amac\u0131, spontan kardiyak aktivite sa\u011flan\u0131ncaya kadar \u00f6zellikle beyin ve kalp gibi hayati organlar\u0131n oksijenlenmi\u015f kan ile ge\u00e7ici olarak etkili dola\u015f\u0131m\u0131n\u0131n sa\u011flanmas\u0131d\u0131r.<\/li>\n<li><strong>Acil kardiyovask\u00fcler bak\u0131m:<\/strong> Kardiyovask\u00fcler ve pulmoner sistemi ilgilendiren ani ve s\u0131kl\u0131kla hayat\u0131 tehdit eden veya etme potansiyeline sahip durumlar\u0131n temel ve ileri ya\u015fam deste\u011fi kapsam\u0131nda de\u011ferlendirilmesi ve tedavisidir. AKB, acil kardiyovask\u00fcler sorunlar\u0131n do\u011fas\u0131n\u0131n anla\u015f\u0131lmas\u0131, hastalar\u0131n yak\u0131n izlemi, m\u00fcmk\u00fcn oldu\u011funca erken temel ve ileri ya\u015fam deste\u011finin ba\u015flanmas\u0131, komplikasyonlar\u0131n \u00f6nlenmesi, hastalar\u0131n uygun tedavisi, hastalar\u0131n rahatlat\u0131lmas\u0131 ve hastan\u0131n kal\u0131c\u0131 tedavisi i\u00e7in en uygun sa\u011fl\u0131k kurumuna naklini de kapsar.<\/li>\n<\/ul>\n","protected":false},"excerpt":{"rendered":"<p>Vizyon Bu k\u0131s\u0131m haz\u0131rlanmaktad\u0131r. Misyon Bu k\u0131s\u0131m haz\u0131rlanmaktad\u0131r. Tan\u0131mlar Kardiyopulmoner resusitasyon: Kardiyopulmoner ve serebral resusitasyonun amac\u0131, spontan kardiyak aktivite sa\u011flan\u0131ncaya kadar \u00f6zellikle&hellip;<\/p>\n","protected":false},"author":1561,"featured_media":0,"parent":224,"menu_order":1,"comment_status":"closed","ping_status":"closed","template":"","meta":{"_acf_changed":false,"inline_featured_image":false,"_lmt_disableupdate":"","_lmt_disable":"","footnotes":""},"class_list":["post-226","page","type-page","status-publish","hentry"],"acf":[],"_links":{"self":[{"href":"https:\/\/tatd.org.tr\/resusitasyon\/wp-json\/wp\/v2\/pages\/226","targetHints":{"allow":["GET"]}}],"collection":[{"href":"https:\/\/tatd.org.tr\/resusitasyon\/wp-json\/wp\/v2\/pages"}],"about":[{"href":"https:\/\/tatd.org.tr\/resusitasyon\/wp-json\/wp\/v2\/types\/page"}],"author":[{"embeddable":true,"href":"https:\/\/tatd.org.tr\/resusitasyon\/wp-json\/wp\/v2\/users\/1561"}],"replies":[{"embeddable":true,"href":"https:\/\/tatd.org.tr\/resusitasyon\/wp-json\/wp\/v2\/comments?post=226"}],"version-history":[{"count":0,"href":"https:\/\/tatd.org.tr\/resusitasyon\/wp-json\/wp\/v2\/pages\/226\/revisions"}],"up":[{"embeddable":true,"href":"https:\/\/tatd.org.tr\/resusitasyon\/wp-json\/wp\/v2\/pages\/224"}],"wp:attachment":[{"href":"https:\/\/tatd.org.tr\/resusitasyon\/wp-json\/wp\/v2\/media?parent=226"}],"curies":[{"name":"wp","href":"https:\/\/api.w.org\/{rel}","templated":true}]}}