{"id":8,"date":"2021-11-02T08:16:09","date_gmt":"2021-11-02T08:16:09","guid":{"rendered":"https:\/\/soledaddemo.pencidesign.net\/soledad-modern-news-magazine\/?page_id=8"},"modified":"2025-01-15T14:18:42","modified_gmt":"2025-01-15T11:18:42","slug":"soledad_home","status":"publish","type":"page","link":"https:\/\/tatd.org.tr\/medya\/","title":{"rendered":"ana sayfa"},"content":{"rendered":"\t\t<div data-elementor-type=\"wp-page\" data-elementor-id=\"8\" class=\"elementor elementor-8\" data-elementor-post-type=\"page\">\n\t\t\t\t\t\t<section class=\"penci-section penci-enSticky penci-repons-elsection penci-con_sb2_sb1 penci-structure-20 elementor-section elementor-top-section elementor-element elementor-element-35af948 elementor-section-boxed elementor-section-height-default elementor-section-height-default\" data-id=\"35af948\" data-element_type=\"section\" data-e-type=\"section\">\n\t\t\t\t\t\t<div class=\"elementor-container elementor-column-gap-extended\">\n\t\t\t\t\t<div class=\"penci-ercol-50 penci-ercol-order-1 penci-sticky-ct  penci-dmcheck penci-elbg-activate  elementor-column elementor-col-50 elementor-top-column elementor-element elementor-element-29b88e4\" data-id=\"29b88e4\" data-element_type=\"column\" data-e-type=\"column\" data-settings=\"{&quot;background_background&quot;:&quot;classic&quot;}\">\n\t\t\t<div class=\"elementor-widget-wrap elementor-element-populated\">\n\t\t\t\t\t\t<div class=\"elementor-element elementor-element-7620a98 elementor-widget elementor-widget-heading\" data-id=\"7620a98\" data-element_type=\"widget\" data-e-type=\"widget\" data-widget_type=\"heading.default\">\n\t\t\t\t<div class=\"elementor-widget-container\">\n\t\t\t\t\t<h1 class=\"elementor-heading-title elementor-size-default\">Hakk\u0131m\u0131zda<\/h1>\t\t\t\t<\/div>\n\t\t\t\t<\/div>\n\t\t\t\t<div class=\"elementor-element elementor-element-175c562 elementor-widget elementor-widget-text-editor\" data-id=\"175c562\" data-element_type=\"widget\" data-e-type=\"widget\" data-widget_type=\"text-editor.default\">\n\t\t\t\t<div class=\"elementor-widget-container\">\n\t\t\t\t\t\t\t\t\t<p>T\u00fcrkiye Acil T\u0131p Derne\u011fi <strong>\u0130leti\u015fim ve Medya Komitesi<\/strong>, derne\u011fin ileti\u015fim ve tan\u0131t\u0131m stratejilerini hayata ge\u00e7iren, teknik ve idari s\u00fcre\u00e7leri y\u00f6neten birimdir.<\/p><p>Komite; T\u00fcrkiye Acil T\u0131p Derne\u011fi b\u00fcnyesindeki \u00c7al\u0131\u015fma Gruplar\u0131, Komisyonlar ve bireylerin dijital ve bas\u0131l\u0131 t\u00fcm medya faaliyetlerini d\u00fczenlemek, denetlemek ve y\u00f6netmekle sorumludur.<\/p><p>Komitemizin kapsaml\u0131 g\u00f6revleri \u015funlard\u0131r:<\/p><ul><li><strong>Kurumsal Temsil ve Tan\u0131t\u0131m:<\/strong> Derne\u011fin medya sa\u011flay\u0131c\u0131lar\u0131 arac\u0131l\u0131\u011f\u0131yla kurumsal kimlik kurallar\u0131na uygun \u015fekilde temsil edilmesini sa\u011flamak.<\/li><li><strong>Dijital Payla\u015f\u0131m Y\u00f6netimi:<\/strong> Dernek ad\u0131na ger\u00e7ekle\u015ftirilecek t\u00fcm dijital payla\u015f\u0131mlar\u0131 planlamak, onaylamak ve kurumsal standartlara uygun hale getirmek.<\/li><li><strong>Web ve Mobil Platform Y\u00f6netimi:<\/strong> Dernek web sitesi, sosyal medya hesaplar\u0131 ve Mobil-ED gibi dijital platformlar\u0131n kesintisiz ve g\u00fcncel bir \u015fekilde \u00e7al\u0131\u015fmas\u0131n\u0131 sa\u011flamak.<\/li><li><strong>\u0130\u00e7erik Geli\u015ftirme:<\/strong> Bilgilendirici posterler, r\u00f6portajlar, videolar, bro\u015f\u00fcrler gibi g\u00f6rsel ve yaz\u0131l\u0131 materyaller haz\u0131rlayarak, dernek faaliyetlerini ulusal ve uluslararas\u0131 d\u00fczeyde tan\u0131tmak.<\/li><li><strong>Medya ve \u0130leti\u015fim Stratejileri:<\/strong> Dernek ve gruplar\u0131n\u0131n sosyal medya ve di\u011fer ileti\u015fim kanallar\u0131 \u00fczerinden i\u00e7eriklerini planlamak, denetlemek ve y\u00f6netmek.<\/li><li><strong>Ulusal ve Uluslararas\u0131 \u0130\u015f Birlikleri:<\/strong> Dernek ad\u0131na medya kurulu\u015flar\u0131yla i\u015f birli\u011fi yapmak, uluslararas\u0131 medya sa\u011flay\u0131c\u0131lar\u0131nda temsil edilmesini sa\u011flamak ve geni\u015f kitlelere ula\u015fmak i\u00e7in projeler geli\u015ftirmek.<\/li><li><strong>E\u011fitim ve Bilgilendirme Faaliyetleri:<\/strong> Dernek \u00fcyelerine y\u00f6nelik bilgilendirici, e\u011fitici ve e\u011flendirici i\u00e7erikler haz\u0131rlamak.<\/li><li><strong>G\u00f6rsel ve Grafik Tasar\u0131m:<\/strong> Dijital payla\u015f\u0131m faaliyetlerinde kullan\u0131lacak g\u00f6rsel materyalleri dernek kurumsal kimli\u011fine uygun \u015fekilde haz\u0131rlamak ve denetlemek.<\/li><li><strong>Yaz\u0131l\u0131 ve G\u00f6rsel Medya Takibi:<\/strong> Acil t\u0131p, afet y\u00f6netimi ve sa\u011fl\u0131k g\u00fcndemindeki konular\u0131 izleyerek, gerekli durumlarda dernek y\u00f6netim kuruluna raporlamak.<\/li><\/ul><p>\u0130leti\u015fim ve Medya Komitesi, T\u00fcrkiye Acil T\u0131p Derne\u011fi\u2019nin dijital ve bas\u0131l\u0131 medyada kurumsal kimli\u011fini g\u00fc\u00e7lendirmeyi, yenilik\u00e7i ve profesyonel bir ileti\u015fim anlay\u0131\u015f\u0131yla tan\u0131t\u0131m faaliyetlerini geli\u015ftirmeyi hedefler.<\/p>\t\t\t\t\t\t\t\t<\/div>\n\t\t\t\t<\/div>\n\t\t\t\t\t<\/div>\n\t\t<\/div>\n\t\t\t\t<div class=\"penci-ercol-50 penci-ercol-order-2 penci-sticky-ct    elementor-column elementor-col-50 elementor-top-column elementor-element elementor-element-cb6c542\" data-id=\"cb6c542\" data-element_type=\"column\" data-e-type=\"column\">\n\t\t\t<div class=\"elementor-widget-wrap elementor-element-populated\">\n\t\t\t\t\t\t<div class=\"elementor-element elementor-element-267b601 elementor-absolute elementor-widget elementor-widget-image\" data-id=\"267b601\" data-element_type=\"widget\" data-e-type=\"widget\" data-settings=\"{&quot;_position&quot;:&quot;absolute&quot;}\" data-widget_type=\"image.default\">\n\t\t\t\t<div class=\"elementor-widget-container\">\n\t\t\t\t\t\t\t\t\t\t\t\t\t\t\t<img fetchpriority=\"high\" decoding=\"async\" width=\"1143\" height=\"870\" src=\"https:\/\/tatd.org.tr\/medya\/wp-content\/uploads\/sites\/25\/2025\/01\/Adsiz-tasarim.jpg\" class=\"attachment-full size-full wp-image-1543\" alt=\"\" srcset=\"https:\/\/tatd.org.tr\/medya\/wp-content\/uploads\/sites\/25\/2025\/01\/Adsiz-tasarim.jpg 1143w, https:\/\/tatd.org.tr\/medya\/wp-content\/uploads\/sites\/25\/2025\/01\/Adsiz-tasarim-300x228.jpg 300w, https:\/\/tatd.org.tr\/medya\/wp-content\/uploads\/sites\/25\/2025\/01\/Adsiz-tasarim-1024x779.jpg 1024w, https:\/\/tatd.org.tr\/medya\/wp-content\/uploads\/sites\/25\/2025\/01\/Adsiz-tasarim-768x585.jpg 768w, https:\/\/tatd.org.tr\/medya\/wp-content\/uploads\/sites\/25\/2025\/01\/Adsiz-tasarim-100x76.jpg 100w, https:\/\/tatd.org.tr\/medya\/wp-content\/uploads\/sites\/25\/2025\/01\/Adsiz-tasarim-585x445.jpg 585w\" sizes=\"(max-width: 1143px) 100vw, 1143px\" \/>\t\t\t\t\t\t\t\t\t\t\t\t\t\t\t<\/div>\n\t\t\t\t<\/div>\n\t\t\t\t\t<\/div>\n\t\t<\/div>\n\t\t\t\t\t<\/div>\n\t\t<\/section>\n\t\t\t\t<\/div>\n\t\t","protected":false},"excerpt":{"rendered":"<p>Hakk\u0131m\u0131zda T\u00fcrkiye Acil T\u0131p Derne\u011fi \u0130leti\u015fim ve Medya Komitesi, derne\u011fin ileti\u015fim ve tan\u0131t\u0131m stratejilerini hayata ge\u00e7iren, teknik ve idari s\u00fcre\u00e7leri y\u00f6neten birimdir.&hellip;<\/p>\n","protected":false},"author":6260,"featured_media":0,"parent":0,"menu_order":0,"comment_status":"closed","ping_status":"closed","template":"page-fullwidth.php","meta":{"_acf_changed":false,"inline_featured_image":false,"_lmt_disableupdate":"","_lmt_disable":"","footnotes":""},"class_list":["post-8","page","type-page","status-publish","hentry"],"acf":[],"_links":{"self":[{"href":"https:\/\/tatd.org.tr\/medya\/wp-json\/wp\/v2\/pages\/8","targetHints":{"allow":["GET"]}}],"collection":[{"href":"https:\/\/tatd.org.tr\/medya\/wp-json\/wp\/v2\/pages"}],"about":[{"href":"https:\/\/tatd.org.tr\/medya\/wp-json\/wp\/v2\/types\/page"}],"author":[{"embeddable":true,"href":"https:\/\/tatd.org.tr\/medya\/wp-json\/wp\/v2\/users\/6260"}],"replies":[{"embeddable":true,"href":"https:\/\/tatd.org.tr\/medya\/wp-json\/wp\/v2\/comments?post=8"}],"version-history":[{"count":0,"href":"https:\/\/tatd.org.tr\/medya\/wp-json\/wp\/v2\/pages\/8\/revisions"}],"wp:attachment":[{"href":"https:\/\/tatd.org.tr\/medya\/wp-json\/wp\/v2\/media?parent=8"}],"curies":[{"name":"wp","href":"https:\/\/api.w.org\/{rel}","templated":true}]}}