{"id":42,"date":"2021-09-21T14:15:19","date_gmt":"2021-09-21T11:15:19","guid":{"rendered":"https:\/\/tatd.org.tr\/medya\/?page_id=42"},"modified":"2025-01-05T19:17:49","modified_gmt":"2025-01-05T16:17:49","slug":"yurutme-kurulu","status":"publish","type":"page","link":"https:\/\/tatd.org.tr\/medya\/hakkimizda\/yurutme-kurulu\/","title":{"rendered":"Y\u00fcr\u00fctme Kurulu"},"content":{"rendered":"\t\t<div data-elementor-type=\"wp-page\" data-elementor-id=\"42\" class=\"elementor elementor-42\" data-elementor-post-type=\"page\">\n\t\t\t\t<div class=\"elementor-element elementor-element-af29b82 e-grid e-con-boxed e-con e-parent\" data-id=\"af29b82\" data-element_type=\"container\" data-e-type=\"container\">\n\t\t\t\t\t<div class=\"e-con-inner\">\n\t\t\t\t<div class=\"elementor-element elementor-element-edeb097 elementor-widget elementor-widget-image\" data-id=\"edeb097\" data-element_type=\"widget\" data-e-type=\"widget\" data-widget_type=\"image.default\">\n\t\t\t\t<div class=\"elementor-widget-container\">\n\t\t\t\t\t\t\t\t\t\t\t\t<figure class=\"wp-caption\">\n\t\t\t\t\t\t\t\t\t\t<img fetchpriority=\"high\" decoding=\"async\" width=\"1024\" height=\"683\" src=\"https:\/\/tatd.org.tr\/medya\/wp-content\/uploads\/sites\/25\/2025\/01\/WhatsApp-Image-2025-01-02-at-21.11.16-1024x683.jpeg\" class=\"attachment-large size-large wp-image-1519\" alt=\"\" srcset=\"https:\/\/tatd.org.tr\/medya\/wp-content\/uploads\/sites\/25\/2025\/01\/WhatsApp-Image-2025-01-02-at-21.11.16-1024x683.jpeg 1024w, https:\/\/tatd.org.tr\/medya\/wp-content\/uploads\/sites\/25\/2025\/01\/WhatsApp-Image-2025-01-02-at-21.11.16-300x200.jpeg 300w, https:\/\/tatd.org.tr\/medya\/wp-content\/uploads\/sites\/25\/2025\/01\/WhatsApp-Image-2025-01-02-at-21.11.16-768x512.jpeg 768w, https:\/\/tatd.org.tr\/medya\/wp-content\/uploads\/sites\/25\/2025\/01\/WhatsApp-Image-2025-01-02-at-21.11.16-1536x1025.jpeg 1536w, https:\/\/tatd.org.tr\/medya\/wp-content\/uploads\/sites\/25\/2025\/01\/WhatsApp-Image-2025-01-02-at-21.11.16-1920x1281.jpeg 1920w, https:\/\/tatd.org.tr\/medya\/wp-content\/uploads\/sites\/25\/2025\/01\/WhatsApp-Image-2025-01-02-at-21.11.16-1170x780.jpeg 1170w, https:\/\/tatd.org.tr\/medya\/wp-content\/uploads\/sites\/25\/2025\/01\/WhatsApp-Image-2025-01-02-at-21.11.16-585x390.jpeg 585w, https:\/\/tatd.org.tr\/medya\/wp-content\/uploads\/sites\/25\/2025\/01\/WhatsApp-Image-2025-01-02-at-21.11.16-263x175.jpeg 263w, https:\/\/tatd.org.tr\/medya\/wp-content\/uploads\/sites\/25\/2025\/01\/WhatsApp-Image-2025-01-02-at-21.11.16.jpeg 2048w\" sizes=\"(max-width: 1024px) 100vw, 1024px\" \/>\t\t\t\t\t\t\t\t\t\t\t<figcaption class=\"widget-image-caption wp-caption-text\">Dr. \u00d6\u011fr. \u00dcyesi Faruk DANI\u015e (Ba\u015fkan)<\/figcaption>\n\t\t\t\t\t\t\t\t\t\t<\/figure>\n\t\t\t\t\t\t\t\t\t<\/div>\n\t\t\t\t<\/div>\n\t\t\t\t<div class=\"elementor-element elementor-element-caaec7e elementor-widget elementor-widget-image\" data-id=\"caaec7e\" data-element_type=\"widget\" data-e-type=\"widget\" data-widget_type=\"image.default\">\n\t\t\t\t<div class=\"elementor-widget-container\">\n\t\t\t\t\t\t\t\t\t\t\t\t<figure class=\"wp-caption\">\n\t\t\t\t\t\t\t\t\t\t<img decoding=\"async\" width=\"768\" height=\"651\" src=\"https:\/\/tatd.org.tr\/medya\/wp-content\/uploads\/sites\/25\/2025\/01\/469901758_18475597567003921_7615912086422447797_n-768x651.jpg\" class=\"attachment-medium_large size-medium_large wp-image-1520\" alt=\"\" srcset=\"https:\/\/tatd.org.tr\/medya\/wp-content\/uploads\/sites\/25\/2025\/01\/469901758_18475597567003921_7615912086422447797_n-768x651.jpg 768w, https:\/\/tatd.org.tr\/medya\/wp-content\/uploads\/sites\/25\/2025\/01\/469901758_18475597567003921_7615912086422447797_n-300x254.jpg 300w, https:\/\/tatd.org.tr\/medya\/wp-content\/uploads\/sites\/25\/2025\/01\/469901758_18475597567003921_7615912086422447797_n-1024x868.jpg 1024w, https:\/\/tatd.org.tr\/medya\/wp-content\/uploads\/sites\/25\/2025\/01\/469901758_18475597567003921_7615912086422447797_n-1170x992.jpg 1170w, https:\/\/tatd.org.tr\/medya\/wp-content\/uploads\/sites\/25\/2025\/01\/469901758_18475597567003921_7615912086422447797_n-585x496.jpg 585w, https:\/\/tatd.org.tr\/medya\/wp-content\/uploads\/sites\/25\/2025\/01\/469901758_18475597567003921_7615912086422447797_n.jpg 1266w\" sizes=\"(max-width: 768px) 100vw, 768px\" \/>\t\t\t\t\t\t\t\t\t\t\t<figcaption class=\"widget-image-caption wp-caption-text\">Uzm. Dr. M\u00fcmin Murat YAZICI (Sekreter)<\/figcaption>\n\t\t\t\t\t\t\t\t\t\t<\/figure>\n\t\t\t\t\t\t\t\t\t<\/div>\n\t\t\t\t<\/div>\n\t\t\t\t\t<\/div>\n\t\t\t\t<\/div>\n\t\t\t\t<\/div>\n\t\t","protected":false},"excerpt":{"rendered":"<p>Dr. \u00d6\u011fr. \u00dcyesi Faruk DANI\u015e (Ba\u015fkan) Uzm. Dr. M\u00fcmin Murat YAZICI (Sekreter)<\/p>\n","protected":false},"author":1,"featured_media":0,"parent":234,"menu_order":5,"comment_status":"closed","ping_status":"closed","template":"","meta":{"_acf_changed":false,"inline_featured_image":false,"_lmt_disableupdate":"","_lmt_disable":"","footnotes":""},"class_list":["post-42","page","type-page","status-publish","hentry"],"acf":[],"_links":{"self":[{"href":"https:\/\/tatd.org.tr\/medya\/wp-json\/wp\/v2\/pages\/42","targetHints":{"allow":["GET"]}}],"collection":[{"href":"https:\/\/tatd.org.tr\/medya\/wp-json\/wp\/v2\/pages"}],"about":[{"href":"https:\/\/tatd.org.tr\/medya\/wp-json\/wp\/v2\/types\/page"}],"author":[{"embeddable":true,"href":"https:\/\/tatd.org.tr\/medya\/wp-json\/wp\/v2\/users\/1"}],"replies":[{"embeddable":true,"href":"https:\/\/tatd.org.tr\/medya\/wp-json\/wp\/v2\/comments?post=42"}],"version-history":[{"count":0,"href":"https:\/\/tatd.org.tr\/medya\/wp-json\/wp\/v2\/pages\/42\/revisions"}],"up":[{"embeddable":true,"href":"https:\/\/tatd.org.tr\/medya\/wp-json\/wp\/v2\/pages\/234"}],"wp:attachment":[{"href":"https:\/\/tatd.org.tr\/medya\/wp-json\/wp\/v2\/media?parent=42"}],"curies":[{"name":"wp","href":"https:\/\/api.w.org\/{rel}","templated":true}]}}