{"id":40,"date":"2021-09-21T14:14:45","date_gmt":"2021-09-21T11:14:45","guid":{"rendered":"https:\/\/tatd.org.tr\/medya\/?page_id=40"},"modified":"2025-01-11T23:36:36","modified_gmt":"2025-01-11T20:36:36","slug":"amac-ve-hedefler","status":"publish","type":"page","link":"https:\/\/tatd.org.tr\/medya\/hakkimizda\/amac-ve-hedefler\/","title":{"rendered":"Ama\u00e7 ve Hedefler"},"content":{"rendered":"\t\t<div data-elementor-type=\"wp-page\" data-elementor-id=\"40\" class=\"elementor elementor-40\" data-elementor-post-type=\"page\">\n\t\t\t\t<div class=\"elementor-element elementor-element-7cb0392d e-flex e-con-boxed e-con e-parent\" data-id=\"7cb0392d\" data-element_type=\"container\" data-e-type=\"container\">\n\t\t\t\t\t<div class=\"e-con-inner\">\n\t\t\t\t<div class=\"elementor-element elementor-element-7ef8ea8c elementor-widget elementor-widget-text-editor\" data-id=\"7ef8ea8c\" data-element_type=\"widget\" data-e-type=\"widget\" data-widget_type=\"text-editor.default\">\n\t\t\t\t<div class=\"elementor-widget-container\">\n\t\t\t\t\t\t\t\t\t<h4><strong>Ama\u00e7lar\u0131m\u0131z<\/strong><\/h4><p>T\u00fcrkiye Acil T\u0131p Derne\u011fi\u2019nin \u0130leti\u015fim ve Medya Komitesi olarak ama\u00e7lar\u0131m\u0131z \u015funlard\u0131r:<\/p><ul><li>Derne\u011fin ulusal ve uluslararas\u0131 platformlarda kurumsal kimli\u011fini g\u00fc\u00e7lendirmek ve tan\u0131n\u0131rl\u0131\u011f\u0131n\u0131 art\u0131rmak.<\/li><li>Acil t\u0131p alan\u0131nda yap\u0131lan bilimsel \u00e7al\u0131\u015fmalar\u0131, projeleri ve etkinlikleri etkili bir \u015fekilde tan\u0131tarak, derne\u011fin lider konumunu desteklemek.<\/li><li>Dernek \u00fcyeleri ve toplum aras\u0131nda bilgi ve fark\u0131ndal\u0131k d\u00fczeyini art\u0131racak ileti\u015fim projeleri geli\u015ftirmek.<\/li><li>Etik kurallara uygun, g\u00fcvenilir ve yenilik\u00e7i bir ileti\u015fim stratejisi ile derne\u011fin mesajlar\u0131n\u0131 geni\u015f kitlelere ula\u015ft\u0131rmak.<\/li><li>Teknolojik geli\u015fmeleri takip ederek, dijital ve bas\u0131l\u0131 ileti\u015fim kanallar\u0131n\u0131 en verimli \u015fekilde kullanmak.<\/li><li><strong>\u00a0<\/strong><\/li><\/ul><h4><strong>Hedeflerimiz<\/strong><\/h4><ul><li><strong>Kurumsal Temsil:<\/strong> T\u00fcrkiye Acil T\u0131p Derne\u011fi\u2019nin, t\u00fcm medya ve ileti\u015fim platformlar\u0131nda do\u011fru, tutarl\u0131 ve profesyonel bir \u015fekilde temsil edilmesini sa\u011flamak.<\/li><li><strong>Etkili \u0130\u00e7erik \u00dcretimi:<\/strong> Dernek etkinlikleri, projeleri ve sosyal sorumluluk \u00e7al\u0131\u015fmalar\u0131n\u0131 destekleyecek bilgilendirici, e\u011fitici ve fark\u0131ndal\u0131k yarat\u0131c\u0131 i\u00e7erikler haz\u0131rlamak.<\/li><li><strong>Dijital Altyap\u0131n\u0131n G\u00fc\u00e7lendirilmesi:<\/strong> Derne\u011fin web sitesi, Mobil-ED uygulamas\u0131 ve sosyal medya hesaplar\u0131n\u0131n aktif ve g\u00fcncel kalmas\u0131n\u0131 sa\u011flayarak, kullan\u0131c\u0131 deneyimini geli\u015ftirmek.<\/li><li><strong>Toplumsal Fark\u0131ndal\u0131k:<\/strong> Acil t\u0131p, afet y\u00f6netimi ve toplum sa\u011fl\u0131\u011f\u0131 konular\u0131nda bilin\u00e7 art\u0131r\u0131c\u0131 projeler planlayarak, halk\u0131n fark\u0131ndal\u0131\u011f\u0131n\u0131 art\u0131rmak.<\/li><li><strong>Uluslararas\u0131 \u0130\u015f Birlikleri:<\/strong> Derne\u011fin uluslararas\u0131 tan\u0131n\u0131rl\u0131\u011f\u0131n\u0131 art\u0131rmak ve global projelerde yer almas\u0131n\u0131 sa\u011flamak i\u00e7in stratejik ileti\u015fim faaliyetleri y\u00fcr\u00fctmek.<\/li><li><strong>\u00dcyelerle Etkile\u015fim:<\/strong> Dernek \u00fcyelerinin ileti\u015fim ve medya alan\u0131ndaki taleplerini kar\u015f\u0131layarak, i\u00e7 ileti\u015fimi ve i\u015f birli\u011fini g\u00fc\u00e7lendirmek.<\/li><\/ul>\t\t\t\t\t\t\t\t<\/div>\n\t\t\t\t<\/div>\n\t\t\t\t\t<\/div>\n\t\t\t\t<\/div>\n\t\t\t\t<\/div>\n\t\t","protected":false},"excerpt":{"rendered":"<p>Ama\u00e7lar\u0131m\u0131z T\u00fcrkiye Acil T\u0131p Derne\u011fi\u2019nin \u0130leti\u015fim ve Medya Komitesi olarak ama\u00e7lar\u0131m\u0131z \u015funlard\u0131r: Derne\u011fin ulusal ve uluslararas\u0131 platformlarda kurumsal kimli\u011fini g\u00fc\u00e7lendirmek ve tan\u0131n\u0131rl\u0131\u011f\u0131n\u0131&hellip;<\/p>\n","protected":false},"author":1,"featured_media":0,"parent":234,"menu_order":4,"comment_status":"closed","ping_status":"closed","template":"","meta":{"_acf_changed":false,"inline_featured_image":false,"_lmt_disableupdate":"","_lmt_disable":"","footnotes":""},"class_list":["post-40","page","type-page","status-publish","hentry"],"acf":[],"_links":{"self":[{"href":"https:\/\/tatd.org.tr\/medya\/wp-json\/wp\/v2\/pages\/40","targetHints":{"allow":["GET"]}}],"collection":[{"href":"https:\/\/tatd.org.tr\/medya\/wp-json\/wp\/v2\/pages"}],"about":[{"href":"https:\/\/tatd.org.tr\/medya\/wp-json\/wp\/v2\/types\/page"}],"author":[{"embeddable":true,"href":"https:\/\/tatd.org.tr\/medya\/wp-json\/wp\/v2\/users\/1"}],"replies":[{"embeddable":true,"href":"https:\/\/tatd.org.tr\/medya\/wp-json\/wp\/v2\/comments?post=40"}],"version-history":[{"count":0,"href":"https:\/\/tatd.org.tr\/medya\/wp-json\/wp\/v2\/pages\/40\/revisions"}],"up":[{"embeddable":true,"href":"https:\/\/tatd.org.tr\/medya\/wp-json\/wp\/v2\/pages\/234"}],"wp:attachment":[{"href":"https:\/\/tatd.org.tr\/medya\/wp-json\/wp\/v2\/media?parent=40"}],"curies":[{"name":"wp","href":"https:\/\/api.w.org\/{rel}","templated":true}]}}