{"id":234,"date":"2021-04-07T13:31:31","date_gmt":"2021-04-07T10:31:31","guid":{"rendered":"https:\/\/tatd.org.tr\/medya\/?page_id=2"},"modified":"2021-12-30T02:20:25","modified_gmt":"2021-12-29T23:20:25","slug":"hakkimizda","status":"publish","type":"page","link":"https:\/\/tatd.org.tr\/medya\/hakkimizda\/","title":{"rendered":"Hakk\u0131m\u0131zda"},"content":{"rendered":"<p><strong>TATD Medya Komisyonu<\/strong>, \u00c7al\u0131\u015fma Gruplar\u0131, di\u011fer Komisyonlar ve derne\u011fin etkinliklerini, vizyonunu ve ama\u00e7lar\u0131n\u0131 duyurmak i\u00e7in dijital ve bas\u0131l\u0131 materyallerin geli\u015ftirilmesi, TATD a\u011f\u0131ndaki t\u00fcm \u00e7al\u0131\u015fan ve gruplar\u0131n sosyal medya hesaplar\u0131n\u0131n denetiminin sa\u011flanmas\u0131, web sitele a\u011f\u0131n\u0131n y\u00f6netilmesi, dernek bulut sunucular\u0131ndaki yetkilendirmelerin takibi gibi g\u00f6revleri y\u00fcr\u00fcten teknik ve idari bir komisyondur.<\/p>\n<p><strong>TATD Medya Komisyonu<\/strong> i\u00e7erisinde \u00e7al\u0131\u015fmak, web sitesi ile sosyal medya y\u00f6netimi, g\u00f6rsel haz\u0131rlama ve ekiplere destek g\u00f6revlerinde yer almak isteyen dernek \u00fcyelerimiz, TATD \u00fcye alan\u0131na \u015fifreleri ile giri\u015f yaparak \u201cHesab\u0131m\u201d k\u0131sm\u0131 \u201cG\u00f6revler\u201d sekmesinden \u00e7al\u0131\u015fmak istedikleri komisyon ve \u00e7al\u0131\u015fma gruplar\u0131n\u0131 se\u00e7mek suretiyle ilgili birimlerin Y\u00fcr\u00fctme Kurullar\u0131na taleplerini iletebilir ya da men\u00fcde yer alan ileti\u015fim sayfas\u0131ndaki bilgileri kullanarak kendilerine ula\u015fabilirler.<\/p>\n","protected":false},"excerpt":{"rendered":"<p>TATD Medya Komisyonu, \u00c7al\u0131\u015fma Gruplar\u0131, di\u011fer Komisyonlar ve derne\u011fin etkinliklerini, vizyonunu ve ama\u00e7lar\u0131n\u0131 duyurmak i\u00e7in dijital ve bas\u0131l\u0131 materyallerin geli\u015ftirilmesi, TATD a\u011f\u0131ndaki&hellip;<\/p>\n","protected":false},"author":1,"featured_media":0,"parent":0,"menu_order":0,"comment_status":"closed","ping_status":"closed","template":"","meta":{"_acf_changed":false,"inline_featured_image":false,"_lmt_disableupdate":"","_lmt_disable":"","footnotes":""},"class_list":["post-234","page","type-page","status-publish","hentry"],"acf":[],"_links":{"self":[{"href":"https:\/\/tatd.org.tr\/medya\/wp-json\/wp\/v2\/pages\/234","targetHints":{"allow":["GET"]}}],"collection":[{"href":"https:\/\/tatd.org.tr\/medya\/wp-json\/wp\/v2\/pages"}],"about":[{"href":"https:\/\/tatd.org.tr\/medya\/wp-json\/wp\/v2\/types\/page"}],"author":[{"embeddable":true,"href":"https:\/\/tatd.org.tr\/medya\/wp-json\/wp\/v2\/users\/1"}],"replies":[{"embeddable":true,"href":"https:\/\/tatd.org.tr\/medya\/wp-json\/wp\/v2\/comments?post=234"}],"version-history":[{"count":0,"href":"https:\/\/tatd.org.tr\/medya\/wp-json\/wp\/v2\/pages\/234\/revisions"}],"wp:attachment":[{"href":"https:\/\/tatd.org.tr\/medya\/wp-json\/wp\/v2\/media?parent=234"}],"curies":[{"name":"wp","href":"https:\/\/api.w.org\/{rel}","templated":true}]}}