{"id":1394,"date":"2021-11-09T13:30:12","date_gmt":"2021-11-09T13:30:12","guid":{"rendered":"https:\/\/soledaddemo.pencidesign.net\/soledad-modern-news-magazine\/?page_id=1394"},"modified":"2025-01-12T00:36:45","modified_gmt":"2025-01-11T21:36:45","slug":"test-element","status":"publish","type":"page","link":"https:\/\/tatd.org.tr\/medya\/test-element\/","title":{"rendered":"Misyonumuz ve Vizyonumuz"},"content":{"rendered":"\t\t<div data-elementor-type=\"wp-page\" data-elementor-id=\"1394\" class=\"elementor elementor-1394\" data-elementor-post-type=\"page\">\n\t\t\t\t<div class=\"elementor-element elementor-element-1367e8a e-flex e-con-boxed e-con e-parent\" data-id=\"1367e8a\" data-element_type=\"container\" data-e-type=\"container\">\n\t\t\t\t\t<div class=\"e-con-inner\">\n\t\t\t\t<div class=\"elementor-element elementor-element-158f794 elementor-widget elementor-widget-heading\" data-id=\"158f794\" data-element_type=\"widget\" data-e-type=\"widget\" data-widget_type=\"heading.default\">\n\t\t\t\t<div class=\"elementor-widget-container\">\n\t\t\t\t\t<h2 class=\"elementor-heading-title elementor-size-default\">Vizyonumuz<\/h2>\t\t\t\t<\/div>\n\t\t\t\t<\/div>\n\t\t\t\t\t<\/div>\n\t\t\t\t<\/div>\n\t\t<div class=\"elementor-element elementor-element-d15cfca e-flex e-con-boxed e-con e-parent\" data-id=\"d15cfca\" data-element_type=\"container\" data-e-type=\"container\">\n\t\t\t\t\t<div class=\"e-con-inner\">\n\t\t\t\t<div class=\"elementor-element elementor-element-aa275fd elementor-widget elementor-widget-text-editor\" data-id=\"aa275fd\" data-element_type=\"widget\" data-e-type=\"widget\" data-widget_type=\"text-editor.default\">\n\t\t\t\t<div class=\"elementor-widget-container\">\n\t\t\t\t\t\t\t\t\t<p>&nbsp; &nbsp; &nbsp; T\u00fcrkiye Acil T\u0131p Derne\u011fi\u2019nin \u0130leti\u015fim ve Medya Komitesi olarak vizyonumuz, acil t\u0131p alan\u0131nda \u00f6nc\u00fc bir ileti\u015fim a\u011f\u0131 olu\u015fturarak, T\u00fcrkiye\u2019nin ve d\u00fcnyan\u0131n d\u00f6rt bir yan\u0131ndaki sa\u011fl\u0131k profesyonellerine ilham veren, bilgi sa\u011flayan ve etkile\u015fim kuran bir platform olmakt\u0131r.<\/p>\n<p>&nbsp; &nbsp; &nbsp; Teknolojiyi ve yenilik\u00e7i ileti\u015fim ara\u00e7lar\u0131n\u0131 en etkin \u015fekilde kullanarak, T\u00fcrkiye Acil T\u0131p Derne\u011fi\u2019nin ulusal ve uluslararas\u0131 tan\u0131n\u0131rl\u0131\u011f\u0131n\u0131 art\u0131rmay\u0131, toplum sa\u011fl\u0131\u011f\u0131na y\u00f6nelik fark\u0131ndal\u0131k yaratmay\u0131 ve acil t\u0131p uzmanlar\u0131n\u0131n bilgi payla\u015f\u0131m\u0131na \u00f6nc\u00fcl\u00fck etmeyi ama\u00e7l\u0131yoruz.<\/p>\t\t\t\t\t\t\t\t<\/div>\n\t\t\t\t<\/div>\n\t\t\t\t<div class=\"elementor-element elementor-element-e65197b elementor-widget elementor-widget-heading\" data-id=\"e65197b\" data-element_type=\"widget\" data-e-type=\"widget\" data-widget_type=\"heading.default\">\n\t\t\t\t<div class=\"elementor-widget-container\">\n\t\t\t\t\t<h2 class=\"elementor-heading-title elementor-size-default\">Misyonumuz<\/h2>\t\t\t\t<\/div>\n\t\t\t\t<\/div>\n\t\t\t\t\t<\/div>\n\t\t\t\t<\/div>\n\t\t<div class=\"elementor-element elementor-element-1012ee4 e-flex e-con-boxed e-con e-parent\" data-id=\"1012ee4\" data-element_type=\"container\" data-e-type=\"container\">\n\t\t\t\t\t<div class=\"e-con-inner\">\n\t\t\t\t<div class=\"elementor-element elementor-element-551ea9c elementor-widget elementor-widget-text-editor\" data-id=\"551ea9c\" data-element_type=\"widget\" data-e-type=\"widget\" data-widget_type=\"text-editor.default\">\n\t\t\t\t<div class=\"elementor-widget-container\">\n\t\t\t\t\t\t\t\t\t<p>T\u00fcrkiye Acil T\u0131p Derne\u011fi\u2019nin \u0130leti\u015fim ve Medya Komitesi olarak misyonumuz, derne\u011fin kurumsal kimli\u011fiyle uyumlu ve etik de\u011ferlere dayal\u0131 ileti\u015fim stratejileri geli\u015ftirmek ve uygulamakt\u0131r.<\/p><ul><li>Derne\u011fin etkinliklerini, projelerini ve bilimsel \u00e7al\u0131\u015fmalar\u0131n\u0131 ulusal ve uluslararas\u0131 d\u00fczeyde tan\u0131tarak, acil t\u0131p alan\u0131nda fark\u0131ndal\u0131k yaratmak.<\/li><li>Dernek \u00fcyelerinin ihtiya\u00e7lar\u0131na y\u00f6nelik bilgilendirici, e\u011fitici ve yarat\u0131c\u0131 i\u00e7erikler haz\u0131rlayarak, \u00fcyeler aras\u0131ndaki ba\u011f\u0131 g\u00fc\u00e7lendirmek.<\/li><li>Teknolojik yenilikleri ve modern ileti\u015fim ara\u00e7lar\u0131n\u0131 kullanarak, derne\u011fin dijital altyap\u0131s\u0131n\u0131 geli\u015ftirmek ve geni\u015f kitlelere ula\u015f\u0131lmas\u0131n\u0131 sa\u011flamak.<\/li><li>Acil t\u0131p alan\u0131nda toplumsal fark\u0131ndal\u0131k olu\u015fturacak projeler planlamak ve hayata ge\u00e7irmek.<\/li><li>Derne\u011fin yaz\u0131l\u0131, g\u00f6rsel ve dijital t\u00fcm ileti\u015fim ara\u00e7lar\u0131n\u0131 etkin bir \u015fekilde y\u00f6neterek, profesyonel ve g\u00fcvenilir bir ileti\u015fim a\u011f\u0131 kurmak.<\/li><\/ul><p>T\u00fcrkiye Acil T\u0131p Derne\u011fi\u2019nin t\u00fcm payda\u015flar\u0131yla a\u00e7\u0131k, \u015feffaf ve etkili bir ileti\u015fim kurarak, topluma ve sa\u011fl\u0131k profesyonellerine de\u011fer katmay\u0131 s\u00fcrd\u00fcrece\u011fiz.<\/p>\t\t\t\t\t\t\t\t<\/div>\n\t\t\t\t<\/div>\n\t\t\t\t\t<\/div>\n\t\t\t\t<\/div>\n\t\t\t\t<\/div>\n\t\t","protected":false},"excerpt":{"rendered":"<p>Vizyonumuz &nbsp; &nbsp; &nbsp; T\u00fcrkiye Acil T\u0131p Derne\u011fi\u2019nin \u0130leti\u015fim ve Medya Komitesi olarak vizyonumuz, acil t\u0131p alan\u0131nda \u00f6nc\u00fc bir ileti\u015fim a\u011f\u0131 olu\u015fturarak,&hellip;<\/p>\n","protected":false},"author":6260,"featured_media":0,"parent":0,"menu_order":0,"comment_status":"closed","ping_status":"closed","template":"","meta":{"_acf_changed":false,"inline_featured_image":false,"_lmt_disableupdate":"","_lmt_disable":"","footnotes":""},"class_list":["post-1394","page","type-page","status-publish","hentry"],"acf":[],"_links":{"self":[{"href":"https:\/\/tatd.org.tr\/medya\/wp-json\/wp\/v2\/pages\/1394","targetHints":{"allow":["GET"]}}],"collection":[{"href":"https:\/\/tatd.org.tr\/medya\/wp-json\/wp\/v2\/pages"}],"about":[{"href":"https:\/\/tatd.org.tr\/medya\/wp-json\/wp\/v2\/types\/page"}],"author":[{"embeddable":true,"href":"https:\/\/tatd.org.tr\/medya\/wp-json\/wp\/v2\/users\/6260"}],"replies":[{"embeddable":true,"href":"https:\/\/tatd.org.tr\/medya\/wp-json\/wp\/v2\/comments?post=1394"}],"version-history":[{"count":0,"href":"https:\/\/tatd.org.tr\/medya\/wp-json\/wp\/v2\/pages\/1394\/revisions"}],"wp:attachment":[{"href":"https:\/\/tatd.org.tr\/medya\/wp-json\/wp\/v2\/media?parent=1394"}],"curies":[{"name":"wp","href":"https:\/\/api.w.org\/{rel}","templated":true}]}}