{"id":10,"date":"2021-11-02T08:16:20","date_gmt":"2021-11-02T08:16:20","guid":{"rendered":"https:\/\/soledaddemo.pencidesign.net\/soledad-modern-news-magazine\/?page_id=10"},"modified":"2025-12-08T16:31:09","modified_gmt":"2025-12-08T13:31:09","slug":"komite-uyeleri","status":"publish","type":"page","link":"https:\/\/tatd.org.tr\/medya\/komite-uyeleri\/","title":{"rendered":"Komite \u00dcyeleri"},"content":{"rendered":"\t\t<div data-elementor-type=\"wp-page\" data-elementor-id=\"10\" class=\"elementor elementor-10\" data-elementor-post-type=\"page\">\n\t\t\t\t<div class=\"elementor-element elementor-element-9e9a93b e-flex e-con-boxed e-con e-parent\" data-id=\"9e9a93b\" data-element_type=\"container\" data-e-type=\"container\">\n\t\t\t\t\t<div class=\"e-con-inner\">\n\t\t\t\t<div class=\"elementor-element elementor-element-3499883 elementor-widget elementor-widget-heading\" data-id=\"3499883\" data-element_type=\"widget\" data-e-type=\"widget\" data-widget_type=\"heading.default\">\n\t\t\t\t<div class=\"elementor-widget-container\">\n\t\t\t\t\t<h2 class=\"elementor-heading-title elementor-size-default\">KOM\u0130TE \u00dcYELER\u0130<\/h2>\t\t\t\t<\/div>\n\t\t\t\t<\/div>\n\t\t\t\t\t<\/div>\n\t\t\t\t<\/div>\n\t\t<div class=\"elementor-element elementor-element-41d6bb6 e-grid e-con-boxed e-con e-parent\" data-id=\"41d6bb6\" data-element_type=\"container\" data-e-type=\"container\">\n\t\t\t\t\t<div class=\"e-con-inner\">\n\t\t<div class=\"elementor-element elementor-element-48e837c e-con-full e-flex e-con e-child\" data-id=\"48e837c\" data-element_type=\"container\" data-e-type=\"container\">\n\t\t\t\t<div class=\"elementor-element elementor-element-0199542 elementor-widget elementor-widget-image\" data-id=\"0199542\" data-element_type=\"widget\" data-e-type=\"widget\" data-widget_type=\"image.default\">\n\t\t\t\t<div class=\"elementor-widget-container\">\n\t\t\t\t\t\t\t\t\t\t\t\t\t\t\t<img fetchpriority=\"high\" decoding=\"async\" width=\"512\" height=\"512\" src=\"https:\/\/tatd.org.tr\/medya\/wp-content\/uploads\/sites\/25\/2025\/01\/WhatsApp-Image-2025-01-02-at-23.05.52.jpeg\" class=\"attachment-medium_large size-medium_large wp-image-1530\" alt=\"\" srcset=\"https:\/\/tatd.org.tr\/medya\/wp-content\/uploads\/sites\/25\/2025\/01\/WhatsApp-Image-2025-01-02-at-23.05.52.jpeg 512w, https:\/\/tatd.org.tr\/medya\/wp-content\/uploads\/sites\/25\/2025\/01\/WhatsApp-Image-2025-01-02-at-23.05.52-300x300.jpeg 300w, https:\/\/tatd.org.tr\/medya\/wp-content\/uploads\/sites\/25\/2025\/01\/WhatsApp-Image-2025-01-02-at-23.05.52-150x150.jpeg 150w, https:\/\/tatd.org.tr\/medya\/wp-content\/uploads\/sites\/25\/2025\/01\/WhatsApp-Image-2025-01-02-at-23.05.52-100x100.jpeg 100w\" sizes=\"(max-width: 512px) 100vw, 512px\" \/>\t\t\t\t\t\t\t\t\t\t\t\t\t\t\t<\/div>\n\t\t\t\t<\/div>\n\t\t\t\t<div class=\"elementor-element elementor-element-1c6ef2b elementor-widget elementor-widget-heading\" data-id=\"1c6ef2b\" data-element_type=\"widget\" data-e-type=\"widget\" data-widget_type=\"heading.default\">\n\t\t\t\t<div class=\"elementor-widget-container\">\n\t\t\t\t\t<h2 class=\"elementor-heading-title elementor-size-default\">Dr. \u00d6\u011fr. \u00dcyesi Emre KUDU (Soyal Medya \/ Web Tasar\u0131m)<\/h2>\t\t\t\t<\/div>\n\t\t\t\t<\/div>\n\t\t\t\t<\/div>\n\t\t<div class=\"elementor-element elementor-element-b3b98b6 e-con-full e-flex e-con e-child\" data-id=\"b3b98b6\" data-element_type=\"container\" data-e-type=\"container\">\n\t\t\t\t<div class=\"elementor-element elementor-element-b4d8840 elementor-widget elementor-widget-image\" data-id=\"b4d8840\" data-element_type=\"widget\" data-e-type=\"widget\" data-widget_type=\"image.default\">\n\t\t\t\t<div class=\"elementor-widget-container\">\n\t\t\t\t\t\t\t\t\t\t\t\t\t\t\t<img decoding=\"async\" width=\"512\" height=\"512\" src=\"https:\/\/tatd.org.tr\/medya\/wp-content\/uploads\/sites\/25\/2021\/11\/WhatsApp-Image-2025-01-02-at-23.05.52.jpeg\" class=\"attachment-medium_large size-medium_large wp-image-1515\" alt=\"\" srcset=\"https:\/\/tatd.org.tr\/medya\/wp-content\/uploads\/sites\/25\/2021\/11\/WhatsApp-Image-2025-01-02-at-23.05.52.jpeg 512w, https:\/\/tatd.org.tr\/medya\/wp-content\/uploads\/sites\/25\/2021\/11\/WhatsApp-Image-2025-01-02-at-23.05.52-300x300.jpeg 300w, https:\/\/tatd.org.tr\/medya\/wp-content\/uploads\/sites\/25\/2021\/11\/WhatsApp-Image-2025-01-02-at-23.05.52-150x150.jpeg 150w\" sizes=\"(max-width: 512px) 100vw, 512px\" \/>\t\t\t\t\t\t\t\t\t\t\t\t\t\t\t<\/div>\n\t\t\t\t<\/div>\n\t\t\t\t<div class=\"elementor-element elementor-element-3891e6d elementor-widget elementor-widget-heading\" data-id=\"3891e6d\" data-element_type=\"widget\" data-e-type=\"widget\" data-widget_type=\"heading.default\">\n\t\t\t\t<div class=\"elementor-widget-container\">\n\t\t\t\t\t<h2 class=\"elementor-heading-title elementor-size-default\">Dr.\u00d6\u011fr.\u00dcyesi Melis EFEO\u011eLU SA\u00c7AK \n (Sosyal Medya)<\/h2>\t\t\t\t<\/div>\n\t\t\t\t<\/div>\n\t\t\t\t<\/div>\n\t\t<div class=\"elementor-element elementor-element-cbd41b4 e-con-full e-flex e-con e-child\" data-id=\"cbd41b4\" data-element_type=\"container\" data-e-type=\"container\">\n\t\t\t\t<div class=\"elementor-element elementor-element-5afcdf9 elementor-widget elementor-widget-image\" data-id=\"5afcdf9\" data-element_type=\"widget\" data-e-type=\"widget\" data-widget_type=\"image.default\">\n\t\t\t\t<div class=\"elementor-widget-container\">\n\t\t\t\t\t\t\t\t\t\t\t\t\t\t\t<img fetchpriority=\"high\" decoding=\"async\" width=\"512\" height=\"512\" src=\"https:\/\/tatd.org.tr\/medya\/wp-content\/uploads\/sites\/25\/2025\/01\/WhatsApp-Image-2025-01-02-at-23.05.52.jpeg\" class=\"attachment-medium_large size-medium_large wp-image-1530\" alt=\"\" srcset=\"https:\/\/tatd.org.tr\/medya\/wp-content\/uploads\/sites\/25\/2025\/01\/WhatsApp-Image-2025-01-02-at-23.05.52.jpeg 512w, https:\/\/tatd.org.tr\/medya\/wp-content\/uploads\/sites\/25\/2025\/01\/WhatsApp-Image-2025-01-02-at-23.05.52-300x300.jpeg 300w, https:\/\/tatd.org.tr\/medya\/wp-content\/uploads\/sites\/25\/2025\/01\/WhatsApp-Image-2025-01-02-at-23.05.52-150x150.jpeg 150w, https:\/\/tatd.org.tr\/medya\/wp-content\/uploads\/sites\/25\/2025\/01\/WhatsApp-Image-2025-01-02-at-23.05.52-100x100.jpeg 100w\" sizes=\"(max-width: 512px) 100vw, 512px\" \/>\t\t\t\t\t\t\t\t\t\t\t\t\t\t\t<\/div>\n\t\t\t\t<\/div>\n\t\t\t\t<div class=\"elementor-element elementor-element-09cd5aa elementor-widget elementor-widget-heading\" data-id=\"09cd5aa\" data-element_type=\"widget\" data-e-type=\"widget\" data-widget_type=\"heading.default\">\n\t\t\t\t<div class=\"elementor-widget-container\">\n\t\t\t\t\t<h2 class=\"elementor-heading-title elementor-size-default\">\u00d6\u011fr. G\u00f6r. Dr. Ramazan Sivil (Web Tasar\u0131m)<\/h2>\t\t\t\t<\/div>\n\t\t\t\t<\/div>\n\t\t\t\t<\/div>\n\t\t<div class=\"elementor-element elementor-element-c149e01 e-con-full e-flex e-con e-child\" data-id=\"c149e01\" data-element_type=\"container\" data-e-type=\"container\">\n\t\t\t\t<div class=\"elementor-element elementor-element-4fd2ab6 elementor-widget elementor-widget-image\" data-id=\"4fd2ab6\" data-element_type=\"widget\" data-e-type=\"widget\" data-widget_type=\"image.default\">\n\t\t\t\t<div class=\"elementor-widget-container\">\n\t\t\t\t\t\t\t\t\t\t\t\t\t\t\t<img decoding=\"async\" width=\"768\" height=\"1015\" src=\"https:\/\/tatd.org.tr\/medya\/wp-content\/uploads\/sites\/25\/2025\/01\/WhatsApp-Image-2025-01-03-at-11.23.19-768x1015.jpeg\" class=\"attachment-medium_large size-medium_large wp-image-1535\" alt=\"\" srcset=\"https:\/\/tatd.org.tr\/medya\/wp-content\/uploads\/sites\/25\/2025\/01\/WhatsApp-Image-2025-01-03-at-11.23.19-768x1015.jpeg 768w, https:\/\/tatd.org.tr\/medya\/wp-content\/uploads\/sites\/25\/2025\/01\/WhatsApp-Image-2025-01-03-at-11.23.19-227x300.jpeg 227w, https:\/\/tatd.org.tr\/medya\/wp-content\/uploads\/sites\/25\/2025\/01\/WhatsApp-Image-2025-01-03-at-11.23.19-775x1024.jpeg 775w, https:\/\/tatd.org.tr\/medya\/wp-content\/uploads\/sites\/25\/2025\/01\/WhatsApp-Image-2025-01-03-at-11.23.19-76x100.jpeg 76w, https:\/\/tatd.org.tr\/medya\/wp-content\/uploads\/sites\/25\/2025\/01\/WhatsApp-Image-2025-01-03-at-11.23.19-585x773.jpeg 585w, https:\/\/tatd.org.tr\/medya\/wp-content\/uploads\/sites\/25\/2025\/01\/WhatsApp-Image-2025-01-03-at-11.23.19.jpeg 803w\" sizes=\"(max-width: 768px) 100vw, 768px\" \/>\t\t\t\t\t\t\t\t\t\t\t\t\t\t\t<\/div>\n\t\t\t\t<\/div>\n\t\t\t\t<div class=\"elementor-element elementor-element-57b7016 elementor-widget elementor-widget-heading\" data-id=\"57b7016\" data-element_type=\"widget\" data-e-type=\"widget\" data-widget_type=\"heading.default\">\n\t\t\t\t<div class=\"elementor-widget-container\">\n\t\t\t\t\t<h2 class=\"elementor-heading-title elementor-size-default\">Ara\u015f. G\u00f6r. Dr.Merve CELEP (Sosyal Medya)<\/h2>\t\t\t\t<\/div>\n\t\t\t\t<\/div>\n\t\t\t\t<\/div>\n\t\t<div class=\"elementor-element elementor-element-bf32a50 e-con-full e-flex e-con e-child\" data-id=\"bf32a50\" data-element_type=\"container\" data-e-type=\"container\">\n\t\t\t\t<div class=\"elementor-element elementor-element-8f707bd elementor-widget elementor-widget-image\" data-id=\"8f707bd\" data-element_type=\"widget\" data-e-type=\"widget\" data-widget_type=\"image.default\">\n\t\t\t\t<div class=\"elementor-widget-container\">\n\t\t\t\t\t\t\t\t\t\t\t\t\t\t\t<img loading=\"lazy\" decoding=\"async\" width=\"768\" height=\"713\" src=\"https:\/\/tatd.org.tr\/medya\/wp-content\/uploads\/sites\/25\/2025\/01\/IMG_9614-1-768x713.jpg\" class=\"attachment-medium_large size-medium_large wp-image-1532\" alt=\"\" srcset=\"https:\/\/tatd.org.tr\/medya\/wp-content\/uploads\/sites\/25\/2025\/01\/IMG_9614-1-768x713.jpg 768w, https:\/\/tatd.org.tr\/medya\/wp-content\/uploads\/sites\/25\/2025\/01\/IMG_9614-1-300x279.jpg 300w, https:\/\/tatd.org.tr\/medya\/wp-content\/uploads\/sites\/25\/2025\/01\/IMG_9614-1-1024x951.jpg 1024w, https:\/\/tatd.org.tr\/medya\/wp-content\/uploads\/sites\/25\/2025\/01\/IMG_9614-1-100x93.jpg 100w, https:\/\/tatd.org.tr\/medya\/wp-content\/uploads\/sites\/25\/2025\/01\/IMG_9614-1-1170x1087.jpg 1170w, https:\/\/tatd.org.tr\/medya\/wp-content\/uploads\/sites\/25\/2025\/01\/IMG_9614-1-585x543.jpg 585w, https:\/\/tatd.org.tr\/medya\/wp-content\/uploads\/sites\/25\/2025\/01\/IMG_9614-1.jpg 1294w\" sizes=\"(max-width: 768px) 100vw, 768px\" \/>\t\t\t\t\t\t\t\t\t\t\t\t\t\t\t<\/div>\n\t\t\t\t<\/div>\n\t\t\t\t<div class=\"elementor-element elementor-element-b9c76ac elementor-widget elementor-widget-heading\" data-id=\"b9c76ac\" data-element_type=\"widget\" data-e-type=\"widget\" data-widget_type=\"heading.default\">\n\t\t\t\t<div class=\"elementor-widget-container\">\n\t\t\t\t\t<h2 class=\"elementor-heading-title elementor-size-default\"><span style=\"background-color: var(--pcbg-cl)\">As.Dr. \u015euayip Engin EV\u0130N (Web Tasar\u0131m)<\/span><\/h2>\t\t\t\t<\/div>\n\t\t\t\t<\/div>\n\t\t\t\t<\/div>\n\t\t<div class=\"elementor-element elementor-element-878455d e-con-full e-flex e-con e-child\" data-id=\"878455d\" data-element_type=\"container\" data-e-type=\"container\">\n\t\t\t\t<\/div>\n\t\t\t\t\t<\/div>\n\t\t\t\t<\/div>\n\t\t<div class=\"elementor-element elementor-element-639c909 e-flex e-con-boxed e-con e-parent\" data-id=\"639c909\" data-element_type=\"container\" data-e-type=\"container\">\n\t\t\t\t\t<div class=\"e-con-inner\">\n\t\t\t\t\t<\/div>\n\t\t\t\t<\/div>\n\t\t\t\t<\/div>\n\t\t","protected":false},"excerpt":{"rendered":"<p>KOM\u0130TE \u00dcYELER\u0130 Dr. \u00d6\u011fr. \u00dcyesi Emre KUDU (Soyal Medya \/ Web Tasar\u0131m) Dr.\u00d6\u011fr.\u00dcyesi Melis EFEO\u011eLU SA\u00c7AK (Sosyal Medya) \u00d6\u011fr. G\u00f6r. Dr. Ramazan&hellip;<\/p>\n","protected":false},"author":6260,"featured_media":0,"parent":0,"menu_order":0,"comment_status":"closed","ping_status":"closed","template":"page-fullwidth.php","meta":{"_acf_changed":false,"inline_featured_image":false,"_lmt_disableupdate":"","_lmt_disable":"","footnotes":""},"class_list":["post-10","page","type-page","status-publish","hentry"],"acf":[],"_links":{"self":[{"href":"https:\/\/tatd.org.tr\/medya\/wp-json\/wp\/v2\/pages\/10","targetHints":{"allow":["GET"]}}],"collection":[{"href":"https:\/\/tatd.org.tr\/medya\/wp-json\/wp\/v2\/pages"}],"about":[{"href":"https:\/\/tatd.org.tr\/medya\/wp-json\/wp\/v2\/types\/page"}],"author":[{"embeddable":true,"href":"https:\/\/tatd.org.tr\/medya\/wp-json\/wp\/v2\/users\/6260"}],"replies":[{"embeddable":true,"href":"https:\/\/tatd.org.tr\/medya\/wp-json\/wp\/v2\/comments?post=10"}],"version-history":[{"count":0,"href":"https:\/\/tatd.org.tr\/medya\/wp-json\/wp\/v2\/pages\/10\/revisions"}],"wp:attachment":[{"href":"https:\/\/tatd.org.tr\/medya\/wp-json\/wp\/v2\/media?parent=10"}],"curies":[{"name":"wp","href":"https:\/\/api.w.org\/{rel}","templated":true}]}}