{"id":343,"date":"2021-11-21T22:55:02","date_gmt":"2021-11-21T19:55:02","guid":{"rendered":"https:\/\/tatd.org.tr\/kritik\/?page_id=343"},"modified":"2021-11-21T23:00:02","modified_gmt":"2021-11-21T20:00:02","slug":"kilavuz-ve-rehberler","status":"publish","type":"page","link":"https:\/\/tatd.org.tr\/kritik\/yazilar\/belgeler\/kilavuz-ve-rehberler\/","title":{"rendered":"K\u0131lavuz ve Rehberler"},"content":{"rendered":"<div class=\"col-sm-12 col-md-8 col-lg-9 flex-fill\">\n<p>&nbsp;<\/p>\n<div class=\"pcrstb-wrap\"><table style=\"border-collapse: collapse; width: 100%;\" border=\"1\">\n<tbody>\n<tr>\n<td style=\"width: 50%;\"><strong>K\u0131lavuz<\/strong><\/td>\n<td style=\"width: 50%;\"><strong>Yay\u0131n Y\u0131l\u0131<\/strong><\/td>\n<\/tr>\n<tr>\n<td style=\"width: 50%;\"><a class=\"btn btn-outline-primary fw-bold text-start\" href=\"https:\/\/tatd.org.tr\/kritik\/wp-content\/uploads\/sites\/15\/2021\/11\/TATD-Sepsis-Tani-ve-Tedavi-Kilavuzu.pdf\" target=\"_blank\" rel=\"noopener\"><i class=\"fas fa-file-pdf me-2\"><\/i>TATD Sepsis Tan\u0131 ve Tedavi K\u0131lavuzu (344,70 KB)<\/a><\/td>\n<td style=\"width: 50%;\">Ekim 2016<\/td>\n<\/tr>\n<\/tbody>\n<\/table><\/div>\n<\/div>\n<div class=\"col-sm-12 col-md-4 col-lg-3 sidebar\">\n<div id=\"widget-sidebar_relatives\" class=\"widget widget-sidebar_relatives col-sm-12 col-md-12 col-lg-12 flex-sm-fill flex-md-grow-0 py-3\">\n<div class=\"row\">\n<div class=\"col-sm-12 \"><\/div>\n<\/div>\n<\/div>\n<\/div>\n","protected":false},"excerpt":{"rendered":"<p>&nbsp; K\u0131lavuz Yay\u0131n Y\u0131l\u0131 TATD Sepsis Tan\u0131 ve Tedavi K\u0131lavuzu (344,70 KB) Ekim 2016<\/p>\n","protected":false},"author":1561,"featured_media":0,"parent":232,"menu_order":2,"comment_status":"closed","ping_status":"closed","template":"","meta":{"_acf_changed":false,"inline_featured_image":false,"_lmt_disableupdate":"","_lmt_disable":"","footnotes":""},"class_list":["post-343","page","type-page","status-publish","hentry"],"acf":[],"_links":{"self":[{"href":"https:\/\/tatd.org.tr\/kritik\/wp-json\/wp\/v2\/pages\/343","targetHints":{"allow":["GET"]}}],"collection":[{"href":"https:\/\/tatd.org.tr\/kritik\/wp-json\/wp\/v2\/pages"}],"about":[{"href":"https:\/\/tatd.org.tr\/kritik\/wp-json\/wp\/v2\/types\/page"}],"author":[{"embeddable":true,"href":"https:\/\/tatd.org.tr\/kritik\/wp-json\/wp\/v2\/users\/1561"}],"replies":[{"embeddable":true,"href":"https:\/\/tatd.org.tr\/kritik\/wp-json\/wp\/v2\/comments?post=343"}],"version-history":[{"count":0,"href":"https:\/\/tatd.org.tr\/kritik\/wp-json\/wp\/v2\/pages\/343\/revisions"}],"up":[{"embeddable":true,"href":"https:\/\/tatd.org.tr\/kritik\/wp-json\/wp\/v2\/pages\/232"}],"wp:attachment":[{"href":"https:\/\/tatd.org.tr\/kritik\/wp-json\/wp\/v2\/media?parent=343"}],"curies":[{"name":"wp","href":"https:\/\/api.w.org\/{rel}","templated":true}]}}