{"id":227,"date":"2021-10-17T23:08:36","date_gmt":"2021-10-17T20:08:36","guid":{"rendered":"https:\/\/tatd.org.tr\/template\/?page_id=12"},"modified":"2021-11-17T11:53:11","modified_gmt":"2021-11-17T08:53:11","slug":"amac-ve-hedefler","status":"publish","type":"page","link":"https:\/\/tatd.org.tr\/htn\/hakkimizda\/amac-ve-hedefler\/","title":{"rendered":"Ama\u00e7 ve Hedefler"},"content":{"rendered":"<ul>\n<li>Havadan t\u0131bbi nakil hizmetleri konusunda toplumu bilin\u00e7lendirmek, uygulamalar\u0131 geni\u015f kitlere yaymak ve hizmetin kalitesini art\u0131rmak amac\u0131yla \u00e7al\u0131\u015fmalar yapmak.<\/li>\n<li>Havadan t\u0131bbi nakil konusunda yap\u0131lacak olan bilimsel projeleri \u00f6zendirmek ve desteklemek, konusuyla ilgili ulusal ve uluslararas\u0131 alandaki bilimsel toplant\u0131lara (kongre, sempozyum, \u00e7al\u0131\u015ftay, vb) kat\u0131l\u0131m sa\u011flamak ve gerekirse bu t\u00fcr toplant\u0131lar d\u00fczenlemek.<\/li>\n<li>Havadan t\u0131bbi nakil s\u00fcre\u00e7leri i\u00e7in gerekli ihtiya\u00e7lar\u0131 kar\u015f\u0131layacak yeterlilikte, g\u00fcncel bilgiler temelinde, profesyonel bir e\u011fitim ve sertifikasyon program\u0131 olu\u015fturmak. T.C. Sa\u011fl\u0131k Bakanl\u0131\u011f\u0131 Acil Sa\u011fl\u0131k Hizmetleri Genel M\u00fcd\u00fcrl\u00fc\u011f\u00fc, T.C. Ula\u015ft\u0131rma , Denizcilik ve Haberle\u015fme Bakanl\u0131\u011f\u0131 ve Sivil Havac\u0131l\u0131k Genel M\u00fcd\u00fcrl\u00fc\u011f\u00fc e\u015fg\u00fcd\u00fcm\u00fc ile bu sertifikal\u0131 e\u011fitim program\u0131n\u0131n ilgili mevzuatlara dahil edilmesini sa\u011flamak.<\/li>\n<li>Sertifikal\u0131 e\u011fitimin havadan t\u0131bbi nakil hizmetlerinde g\u00f6rev alan t\u00fcm sa\u011fl\u0131k personeline zorunlu bir e\u011fitim olarak verilmesi sa\u011flamak.<\/li>\n<li>Di\u011fer sivil havac\u0131l\u0131k, havac\u0131l\u0131k t\u0131bb\u0131 ve hastane \u00f6ncesi sa\u011fl\u0131k personellerini hedefleyen STK\u2019lar ile ileti\u015fimin ve koordinasyonun art\u0131r\u0131lmas\u0131n\u0131 sa\u011flamak.<\/li>\n<li>Ulusal d\u00fczeyde Havadan Hasta Naklini ger\u00e7ekle\u015ftiren T.C. Sa\u011fl\u0131k Bakanl\u0131\u011f\u0131, T\u00fcrk Silahl\u0131 Kuvvetleri ve \u00f6zel ambulans servisleri aras\u0131nda organize, d\u00fczenli ve s\u00fcrekli bi\u00e7imde koordinasyonu sa\u011flayacak projeler \u00fcretmek.<\/li>\n<li>\u00c7al\u0131\u015fma grubunun ortak g\u00f6r\u00fc\u015f ve \u00f6nerilerini TATD y\u00f6netim kurulu onay\u0131na sunmak ve sonras\u0131nda ilgili merciler ile payla\u015fmak.<\/li>\n<\/ul>\n","protected":false},"excerpt":{"rendered":"<p>Havadan t\u0131bbi nakil hizmetleri konusunda toplumu bilin\u00e7lendirmek, uygulamalar\u0131 geni\u015f kitlere yaymak ve hizmetin kalitesini art\u0131rmak amac\u0131yla \u00e7al\u0131\u015fmalar yapmak. Havadan t\u0131bbi nakil konusunda&hellip;<\/p>\n","protected":false},"author":1561,"featured_media":0,"parent":224,"menu_order":2,"comment_status":"closed","ping_status":"closed","template":"","meta":{"_acf_changed":false,"inline_featured_image":false,"_lmt_disableupdate":"","_lmt_disable":"","footnotes":""},"class_list":["post-227","page","type-page","status-publish","hentry"],"acf":[],"_links":{"self":[{"href":"https:\/\/tatd.org.tr\/htn\/wp-json\/wp\/v2\/pages\/227","targetHints":{"allow":["GET"]}}],"collection":[{"href":"https:\/\/tatd.org.tr\/htn\/wp-json\/wp\/v2\/pages"}],"about":[{"href":"https:\/\/tatd.org.tr\/htn\/wp-json\/wp\/v2\/types\/page"}],"author":[{"embeddable":true,"href":"https:\/\/tatd.org.tr\/htn\/wp-json\/wp\/v2\/users\/1561"}],"replies":[{"embeddable":true,"href":"https:\/\/tatd.org.tr\/htn\/wp-json\/wp\/v2\/comments?post=227"}],"version-history":[{"count":0,"href":"https:\/\/tatd.org.tr\/htn\/wp-json\/wp\/v2\/pages\/227\/revisions"}],"up":[{"embeddable":true,"href":"https:\/\/tatd.org.tr\/htn\/wp-json\/wp\/v2\/pages\/224"}],"wp:attachment":[{"href":"https:\/\/tatd.org.tr\/htn\/wp-json\/wp\/v2\/media?parent=227"}],"curies":[{"name":"wp","href":"https:\/\/api.w.org\/{rel}","templated":true}]}}