{"id":226,"date":"2021-10-17T23:07:10","date_gmt":"2021-10-17T20:07:10","guid":{"rendered":"https:\/\/tatd.org.tr\/template\/?page_id=10"},"modified":"2021-11-21T17:28:12","modified_gmt":"2021-11-21T14:28:12","slug":"vizyon-misyon-ve-tanimlar","status":"publish","type":"page","link":"https:\/\/tatd.org.tr\/htn\/hakkimizda\/vizyon-misyon-ve-tanimlar\/","title":{"rendered":"Vizyon, Misyon ve Tan\u0131mlar"},"content":{"rendered":"<h3>Vizyon<\/h3>\n<p>\u00dclkemizde havadan t\u0131bbi nakil s\u00fcre\u00e7lerinde hasta merkezli hizmet kalitesini art\u0131rmak amac\u0131yla teknik, bilimsel ve uygulamaya y\u00f6nelik alt yap\u0131lar\u0131 olu\u015fturan, \u00fclke \u00e7ap\u0131nda k\u0131lavuz ve protokoller olu\u015fturmay\u0131 hedefleyen dinamik bir topluluk olmak.<\/p>\n<h3>Misyon<\/h3>\n<p>Havadan t\u0131bbi nakil ve havada kritik hasta bak\u0131m\u0131 konusunda sa\u011fl\u0131k \u00e7al\u0131\u015fanlar\u0131 ba\u015fta olmak \u00fczere toplumdaki fark\u0131ndal\u0131\u011f\u0131 art\u0131rmak ve havadan t\u0131bbi nakil sistemini ilgili platformlarda tan\u0131tmak.<\/p>\n","protected":false},"excerpt":{"rendered":"<p>Vizyon \u00dclkemizde havadan t\u0131bbi nakil s\u00fcre\u00e7lerinde hasta merkezli hizmet kalitesini art\u0131rmak amac\u0131yla teknik, bilimsel ve uygulamaya y\u00f6nelik alt yap\u0131lar\u0131 olu\u015fturan, \u00fclke \u00e7ap\u0131nda&hellip;<\/p>\n","protected":false},"author":1561,"featured_media":0,"parent":224,"menu_order":1,"comment_status":"closed","ping_status":"closed","template":"","meta":{"_acf_changed":false,"inline_featured_image":false,"_lmt_disableupdate":"","_lmt_disable":"","footnotes":""},"class_list":["post-226","page","type-page","status-publish","hentry"],"acf":[],"_links":{"self":[{"href":"https:\/\/tatd.org.tr\/htn\/wp-json\/wp\/v2\/pages\/226","targetHints":{"allow":["GET"]}}],"collection":[{"href":"https:\/\/tatd.org.tr\/htn\/wp-json\/wp\/v2\/pages"}],"about":[{"href":"https:\/\/tatd.org.tr\/htn\/wp-json\/wp\/v2\/types\/page"}],"author":[{"embeddable":true,"href":"https:\/\/tatd.org.tr\/htn\/wp-json\/wp\/v2\/users\/1561"}],"replies":[{"embeddable":true,"href":"https:\/\/tatd.org.tr\/htn\/wp-json\/wp\/v2\/comments?post=226"}],"version-history":[{"count":0,"href":"https:\/\/tatd.org.tr\/htn\/wp-json\/wp\/v2\/pages\/226\/revisions"}],"up":[{"embeddable":true,"href":"https:\/\/tatd.org.tr\/htn\/wp-json\/wp\/v2\/pages\/224"}],"wp:attachment":[{"href":"https:\/\/tatd.org.tr\/htn\/wp-json\/wp\/v2\/media?parent=226"}],"curies":[{"name":"wp","href":"https:\/\/api.w.org\/{rel}","templated":true}]}}