{"id":315,"date":"2021-11-21T16:23:42","date_gmt":"2021-11-21T13:23:42","guid":{"rendered":"https:\/\/tatd.org.tr\/havayolu\/?page_id=315"},"modified":"2021-11-21T17:20:21","modified_gmt":"2021-11-21T14:20:21","slug":"mekanik-ventilasyon-kursu","status":"publish","type":"page","link":"https:\/\/tatd.org.tr\/havayolu\/etkinliklerimiz\/kurslar\/mekanik-ventilasyon-kursu\/","title":{"rendered":"Mekanik Ventilasyon Kursu"},"content":{"rendered":"<p>Bu sayfa haz\u0131rlanmaktad\u0131r<\/p>\n<p>&nbsp;<\/p>\n<h3><strong>Kurs Koordinat\u00f6r\u00fc<\/strong><\/h3>\n<ul>\n<li><\/li>\n<\/ul>\n<h3><strong>E\u011fitmenler<\/strong><\/h3>\n<ul>\n<li><\/li>\n<\/ul>\n<h3><strong>Kursun Amac\u0131, Kapsam\u0131 ve Hedefleri<\/strong><\/h3>\n<ul>\n<li><\/li>\n<\/ul>\n<h3><strong>Kursun Hedef Kitlesi<\/strong><\/h3>\n<p>&nbsp;<\/p>\n<h3><strong>Kurs Plan\u0131<\/strong><\/h3>\n<p>&nbsp;<\/p>\n<p>&nbsp;<\/p>\n<h3>\u00d6rnek Program<\/h3>\n<p>&nbsp;<\/p>\n","protected":false},"excerpt":{"rendered":"<p>Bu sayfa haz\u0131rlanmaktad\u0131r &nbsp; Kurs Koordinat\u00f6r\u00fc E\u011fitmenler Kursun Amac\u0131, Kapsam\u0131 ve Hedefleri Kursun Hedef Kitlesi &nbsp; Kurs Plan\u0131 &nbsp; &nbsp; \u00d6rnek Program&hellip;<\/p>\n","protected":false},"author":1561,"featured_media":0,"parent":240,"menu_order":1,"comment_status":"closed","ping_status":"closed","template":"","meta":{"_acf_changed":false,"inline_featured_image":false,"_lmt_disableupdate":"","_lmt_disable":"","footnotes":""},"class_list":["post-315","page","type-page","status-publish","hentry"],"acf":[],"_links":{"self":[{"href":"https:\/\/tatd.org.tr\/havayolu\/wp-json\/wp\/v2\/pages\/315","targetHints":{"allow":["GET"]}}],"collection":[{"href":"https:\/\/tatd.org.tr\/havayolu\/wp-json\/wp\/v2\/pages"}],"about":[{"href":"https:\/\/tatd.org.tr\/havayolu\/wp-json\/wp\/v2\/types\/page"}],"author":[{"embeddable":true,"href":"https:\/\/tatd.org.tr\/havayolu\/wp-json\/wp\/v2\/users\/1561"}],"replies":[{"embeddable":true,"href":"https:\/\/tatd.org.tr\/havayolu\/wp-json\/wp\/v2\/comments?post=315"}],"version-history":[{"count":0,"href":"https:\/\/tatd.org.tr\/havayolu\/wp-json\/wp\/v2\/pages\/315\/revisions"}],"up":[{"embeddable":true,"href":"https:\/\/tatd.org.tr\/havayolu\/wp-json\/wp\/v2\/pages\/240"}],"wp:attachment":[{"href":"https:\/\/tatd.org.tr\/havayolu\/wp-json\/wp\/v2\/media?parent=315"}],"curies":[{"name":"wp","href":"https:\/\/api.w.org\/{rel}","templated":true}]}}