{"id":307,"date":"2021-11-21T16:19:08","date_gmt":"2021-11-21T13:19:08","guid":{"rendered":"https:\/\/tatd.org.tr\/havayolu\/?page_id=307"},"modified":"2021-11-21T16:22:43","modified_gmt":"2021-11-21T13:22:43","slug":"online-hava-yolu-kursu","status":"publish","type":"page","link":"https:\/\/tatd.org.tr\/havayolu\/etkinliklerimiz\/kurslar\/online-hava-yolu-kursu\/","title":{"rendered":"Online Hava Yolu Kursu"},"content":{"rendered":"<h3><strong>Kurs Koordinat\u00f6r\u00fc<\/strong><\/h3>\n<ul>\n<li>Do\u00e7. Dr. Ne\u015fe \u00c7olak<\/li>\n<\/ul>\n<h3><strong>E\u011fitmenler<\/strong><\/h3>\n<ul>\n<li>Prof. Dr. Erkan G\u00f6ksu<\/li>\n<li>Do\u00e7. Dr. Ba\u015fak Bayram<\/li>\n<li>Do\u00e7. Dr. Erdem \u00c7evik<\/li>\n<li>Do\u00e7. Dr. Ne\u015fe \u00c7olak<\/li>\n<li>Dr. \u00d6\u011fr. \u00dcyesi Ali Kaan Ataman<\/li>\n<li>Dr. \u00d6\u011fr. \u00dcyesi Bar\u0131\u015f Murat Ayvac\u0131<\/li>\n<li>Dr. \u00d6\u011fr. \u00dcyesi Murat \u00c7etin<\/li>\n<li>Dr. \u00d6\u011fr. \u00dcyesi Mustafa Yaz\u0131c\u0131o\u011flu<\/li>\n<\/ul>\n<h3><strong>Kursun Amac\u0131, Kapsam\u0131 ve Hedefleri<\/strong><\/h3>\n<ul>\n<li>T\u00fcrkiye Acil T\u0131p Derne\u011fi Havayolu \u00c7al\u0131\u015fma Grubu taraf\u0131ndan d\u00fczenlenen kursumuzda:<\/li>\n<li>H\u0131zl\u0131 ard\u0131\u015f\u0131k ent\u00fcbasyon, ge\u00e7ikmi\u015f ard\u0131\u015f\u0131k ent\u00fcbasyon, ila\u00e7 arac\u0131l\u0131 ent\u00fcbasyon prosed\u00fcrlerinin aktar\u0131lmas\u0131,<\/li>\n<li>Alternatif havayolu y\u00f6ntemleri<\/li>\n<li>Preoksijenasyon y\u00f6ntemlerinin anlat\u0131lmas\u0131,<\/li>\n<li>Zor havayolu tan\u0131m\u0131n\u0131n anlat\u0131lmas\u0131 ve havayolu y\u00f6netiminde B plan\u0131n\u0131n \u00f6neminin aktar\u0131lmas\u0131,<\/li>\n<\/ul>\n<h3><strong>Kursun Hedef Kitlesi<\/strong><\/h3>\n<p>Acil t\u0131p uzmanlar\u0131 ve asistanlar\u0131, havayolu m\u00fcdahalesi yapan di\u011fer hekimler<\/p>\n<h3><strong>Kurs Plan\u0131<\/strong><\/h3>\n<p>Kurs 4 saatlik online e\u011fitim olarak planlanm\u0131\u015ft\u0131r.<\/p>\n<p>&nbsp;<\/p>\n<h3>\u00d6rnek Program<\/h3>\n<div class=\"pcrstb-wrap\"><table width=\"644\">\n<tbody>\n<tr>\n<td colspan=\"3\" width=\"644\"><\/td>\n<\/tr>\n<tr>\n<td width=\"104\">Saat<\/td>\n<td width=\"281\"><strong>Konu<\/strong><\/td>\n<td width=\"258\"><strong>E\u011fitmen <\/strong><\/td>\n<\/tr>\n<tr>\n<td width=\"104\">11:00-11:05<\/td>\n<td width=\"281\">A\u00e7\u0131l\u0131\u015f, kurstan beklentiler<\/td>\n<td width=\"258\"><strong>\u00a0Do\u00e7. Dr. Ne\u015fe \u00c7olak<\/strong><\/td>\n<\/tr>\n<tr>\n<td width=\"104\">11:05-11:40<\/td>\n<td width=\"281\">H\u0131zl\u0131 Ard\u0131\u015f\u0131k Ent\u00fcbasyon Protokol\u00fc<\/td>\n<td width=\"258\"><strong>Do\u00e7. Dr. Erdem \u00c7evik<\/strong><\/td>\n<\/tr>\n<tr>\n<td width=\"104\">11:40-12:20<\/td>\n<td width=\"281\">Analjezik- Sedatif &#8211; Paralizan \u0130la\u00e7 Se\u00e7imleri<\/p>\n<p><strong>\u00a0<\/strong><\/td>\n<td width=\"258\"><strong>Prof. Dr. Erkan G\u00f6ksu <\/strong><\/td>\n<\/tr>\n<tr>\n<td width=\"104\">12:20-12:30<\/td>\n<td width=\"281\"><strong>ARA<\/strong><\/td>\n<td width=\"258\"><\/td>\n<\/tr>\n<tr>\n<td width=\"104\">12:30-12:50<\/td>\n<td width=\"281\">Oksijenasyon y\u00f6ntemleri<\/td>\n<td width=\"258\"><strong>Dr. \u00d6\u011fr. \u00dcyesi Ali Kaan Ataman<\/strong><\/td>\n<\/tr>\n<tr>\n<td width=\"104\">12:50-13:20<\/td>\n<td width=\"281\">Zor Havayolu Y\u00f6netiminde \u0130pu\u00e7lar\u0131<\/p>\n<p>&nbsp;<\/td>\n<td width=\"258\"><strong>Do\u00e7. Dr. Ne\u015fe \u00c7olak<\/strong><\/td>\n<\/tr>\n<tr>\n<td width=\"104\">13:20-13:30<\/td>\n<td width=\"281\"><strong>ARA<\/strong><\/td>\n<td width=\"258\"><\/td>\n<\/tr>\n<tr>\n<td width=\"104\">13:30-13:50<\/td>\n<td width=\"281\">Alternatif Havayolu Y\u00f6netimi<\/td>\n<td width=\"258\"><strong>Dr. \u00d6\u011fr. \u00dcyesi Mustafa Yaz\u0131c\u0131o\u011flu<\/strong><\/p>\n<p>&nbsp;<\/td>\n<\/tr>\n<tr>\n<td width=\"104\">13:50-14:10<\/td>\n<td width=\"281\">Videolaringoskopi<\/td>\n<td width=\"258\"><strong>Do\u00e7. Dr. Ba\u015fak Bayram <\/strong><\/td>\n<\/tr>\n<tr>\n<td width=\"104\">14:10-14:20<\/td>\n<td width=\"281\"><strong>ARA<\/strong><\/td>\n<td width=\"258\"><\/td>\n<\/tr>\n<tr>\n<td width=\"104\">14:20-15:00<\/td>\n<td width=\"281\">Covid 19 s\u00fcrecinde havayolunda g\u00fcncel geli\u015fmeler<\/td>\n<td width=\"258\"><strong>Dr. \u00d6\u011fr. \u00dcyesi Bar\u0131\u015f Murat Ayvac\u0131<\/strong><\/p>\n<p><strong>Dr. \u00d6\u011fr. \u00dcyesi Murat \u00c7etin\u00a0 <\/strong><\/td>\n<\/tr>\n<\/tbody>\n<\/table><\/div>\n<p>&nbsp;<\/p>\n","protected":false},"excerpt":{"rendered":"<p>Kurs Koordinat\u00f6r\u00fc Do\u00e7. Dr. Ne\u015fe \u00c7olak E\u011fitmenler Prof. Dr. Erkan G\u00f6ksu Do\u00e7. Dr. Ba\u015fak Bayram Do\u00e7. Dr. Erdem \u00c7evik Do\u00e7. Dr. Ne\u015fe&hellip;<\/p>\n","protected":false},"author":1561,"featured_media":0,"parent":240,"menu_order":2,"comment_status":"closed","ping_status":"closed","template":"","meta":{"_acf_changed":false,"inline_featured_image":false,"_lmt_disableupdate":"","_lmt_disable":"","footnotes":""},"class_list":["post-307","page","type-page","status-publish","hentry"],"acf":[],"_links":{"self":[{"href":"https:\/\/tatd.org.tr\/havayolu\/wp-json\/wp\/v2\/pages\/307","targetHints":{"allow":["GET"]}}],"collection":[{"href":"https:\/\/tatd.org.tr\/havayolu\/wp-json\/wp\/v2\/pages"}],"about":[{"href":"https:\/\/tatd.org.tr\/havayolu\/wp-json\/wp\/v2\/types\/page"}],"author":[{"embeddable":true,"href":"https:\/\/tatd.org.tr\/havayolu\/wp-json\/wp\/v2\/users\/1561"}],"replies":[{"embeddable":true,"href":"https:\/\/tatd.org.tr\/havayolu\/wp-json\/wp\/v2\/comments?post=307"}],"version-history":[{"count":0,"href":"https:\/\/tatd.org.tr\/havayolu\/wp-json\/wp\/v2\/pages\/307\/revisions"}],"up":[{"embeddable":true,"href":"https:\/\/tatd.org.tr\/havayolu\/wp-json\/wp\/v2\/pages\/240"}],"wp:attachment":[{"href":"https:\/\/tatd.org.tr\/havayolu\/wp-json\/wp\/v2\/media?parent=307"}],"curies":[{"name":"wp","href":"https:\/\/api.w.org\/{rel}","templated":true}]}}