{"id":305,"date":"2021-11-21T16:16:55","date_gmt":"2021-11-21T13:16:55","guid":{"rendered":"https:\/\/tatd.org.tr\/havayolu\/?page_id=305"},"modified":"2021-11-21T16:22:19","modified_gmt":"2021-11-21T13:22:19","slug":"ileri-hava-yolu-kursu","status":"publish","type":"page","link":"https:\/\/tatd.org.tr\/havayolu\/etkinliklerimiz\/kurslar\/ileri-hava-yolu-kursu\/","title":{"rendered":"\u0130leri Hava Yolu Kursu"},"content":{"rendered":"<h3><strong>Kurs Koordinat\u00f6r\u00fc<\/strong><\/h3>\n<ul>\n<li>Do\u00e7. Dr. \u00d6nder Limon<\/li>\n<\/ul>\n<h3><strong>Di\u011fer E\u011fitmenler<\/strong><\/h3>\n<ul>\n<li>Do\u00e7. Dr. Ne\u015fe \u00c7olak<\/li>\n<li>Do\u00e7.Dr.Ba\u015fak Bayram<\/li>\n<li>Do\u00e7.Dr. Erkan G\u00f6ksu<\/li>\n<li>Do\u00e7.Dr. \u00d6nder Limon<\/li>\n<\/ul>\n<h3><strong>Kursun Amac\u0131, Kapsam\u0131 ve Hedefleri<\/strong><\/h3>\n<ul>\n<li>T\u00fcrkiye Acil T\u0131p Derne\u011fi Havayolu \u00c7al\u0131\u015fma Grubu taraf\u0131ndan d\u00fczenlenen kursumuzda:<\/li>\n<li>Temel ve ileri havayolu ekipmanlar\u0131n\u0131n tan\u0131t\u0131lmas\u0131<\/li>\n<li>H\u0131zl\u0131 ard\u0131\u015f\u0131k ent\u00fcbasyon, ge\u00e7ikmi\u015f ard\u0131\u015f\u0131k ent\u00fcbasyon , ila\u00e7 arac\u0131l\u0131 ent\u00fcbasyon prosed\u00fcrlerinin aktar\u0131lmas\u0131,<\/li>\n<li>Alternatif havayolu y\u00f6ntemlerinin pratikler ile kavrat\u0131lmas\u0131,<\/li>\n<li>Preoksijenasyon y\u00f6ntemlerinin anlat\u0131lmas\u0131,<\/li>\n<li>Zor havayolu tan\u0131m\u0131n\u0131n anlat\u0131lmas\u0131 ve havayolu y\u00f6netiminde B plan\u0131n\u0131n \u00f6neminin aktar\u0131lmas\u0131,<\/li>\n<li>Temel cerrahi havayolu y\u00f6ntemlerinin hem teorik hem de pratik zeminde anlat\u0131lmas\u0131 ama\u00e7lanmaktad\u0131r.<\/li>\n<\/ul>\n<h3><strong>Kursun Hedef Kitlesi<\/strong><\/h3>\n<p>Acil t\u0131p uzmanlar\u0131, asistanlar\u0131, pratisyen hekimler.<\/p>\n<h3><strong>Kurs Plan\u0131<\/strong><\/h3>\n<p>Kurs her iki g\u00fcn i\u00e7in sabah 9&#8217;da ba\u015flay\u0131p 17&#8217;de bitecek \u015fekilde planlanm\u0131\u015ft\u0131r.<\/p>\n<h3><strong>Kat\u0131l\u0131mc\u0131 say\u0131s\u0131 ve Oturma D\u00fczeni<\/strong><\/h3>\n<p>Kat\u0131l\u0131mc\u0131 say\u0131s\u0131 24-28\u2019dir. Bu kursun oturma d\u00fczeni s\u0131n\u0131f d\u00fczenidir.<\/p>\n<p>&nbsp;<\/p>\n<h3>\u00d6rnek Program<\/h3>\n<div class=\"pcrstb-wrap\"><table width=\"644\">\n<tbody>\n<tr>\n<td colspan=\"3\" width=\"644\"><strong>1.\u00a0\u00a0\u00a0\u00a0 <\/strong><strong>G\u00fcn: 2 Mart 2020 &#8211; Pazartesi\u00a0<\/strong><\/td>\n<\/tr>\n<tr>\n<td width=\"104\"><strong>Saat<\/strong><\/td>\n<td width=\"281\"><strong>Konu<\/strong><\/td>\n<td width=\"258\"><strong>E\u011fitmen <\/strong><\/td>\n<\/tr>\n<tr>\n<td width=\"104\"><strong>09:00-09:30<\/strong><\/td>\n<td width=\"281\">A\u00e7\u0131l\u0131\u015f, kurstan beklentiler<\/td>\n<td width=\"258\"><strong>Do\u00e7.Dr. Ne\u015fe \u00c7olak\u00a0<\/strong><\/p>\n<p><strong>Do\u00e7.Dr. Ba\u015fak Bayram<\/strong><\/p>\n<p><strong>Do\u00e7.Dr. \u00d6nder Limon <\/strong><\/p>\n<p><strong>Do\u00e7.Dr.Erkan G\u00f6ksu <\/strong><\/td>\n<\/tr>\n<tr>\n<td width=\"104\"><strong>09:30-10:00<\/strong><\/td>\n<td width=\"281\">Havayolu Anatomisi<\/td>\n<td width=\"258\"><strong>Do\u00e7.Dr. \u00d6nder Limon <\/strong><\/p>\n<p>&nbsp;<\/td>\n<\/tr>\n<tr>\n<td width=\"104\"><strong>10:00-11:00<\/strong><\/td>\n<td width=\"281\">H\u0131zl\u0131 Ard\u0131\u015f\u0131k Ent\u00fcbasyon Protokol\u00fc ve ETE<\/td>\n<td width=\"258\"><strong>Do\u00e7.Dr. Ba\u015fak Bayram<\/strong><\/p>\n<p>&nbsp;<\/td>\n<\/tr>\n<tr>\n<td width=\"104\"><strong>11:00-11:15<\/strong><\/td>\n<td width=\"281\"><strong>ARA<\/strong><\/td>\n<td width=\"258\"><\/td>\n<\/tr>\n<tr>\n<td width=\"104\"><strong>11:15-12:00<\/strong><\/td>\n<td width=\"281\">Zor Havayolu Tan\u0131m\u0131 ve Y\u00f6netimi<\/td>\n<td width=\"258\"><strong>Do\u00e7.Dr. Ne\u015fe \u00c7olak\u00a0<\/strong><\/p>\n<p>&nbsp;<\/td>\n<\/tr>\n<tr>\n<td width=\"104\"><strong>12:00-13:00\u00a0<\/strong><\/td>\n<td width=\"281\"><strong>\u00d6\u011fle yeme\u011fi<\/strong><\/td>\n<td width=\"258\"><\/td>\n<\/tr>\n<tr>\n<td width=\"104\"><strong>13:00-13:45<\/strong><\/td>\n<td width=\"281\">Noninvaziv Mekanik Ventilasyon<\/td>\n<td width=\"258\"><strong>Do\u00e7.Dr.Erkan G\u00f6ksu <\/strong><\/td>\n<\/tr>\n<tr>\n<td width=\"104\"><strong>13:45-14:00<\/strong><\/td>\n<td width=\"281\">Y\u00fcksek ak\u0131ml\u0131 nazal oksijen (HFNO2)<\/td>\n<td width=\"258\"><strong>Do\u00e7.Dr. Ba\u015fak Bayram<\/strong><\/p>\n<p><strong>\u00a0<\/strong><\/td>\n<\/tr>\n<tr>\n<td width=\"104\"><strong>14:00-14:15<\/strong><\/td>\n<td width=\"281\"><strong>ARA<\/strong><\/td>\n<td width=\"258\"><\/td>\n<\/tr>\n<tr>\n<td width=\"104\"><strong>14:15-16:00<\/strong><\/td>\n<td width=\"281\">Pratik<\/p>\n<p>(ETE, bougie kullan\u0131m\u0131, NIMV)<\/td>\n<td width=\"258\"><strong>Do\u00e7.Dr. Ne\u015fe \u00c7olak\u00a0<\/strong><\/p>\n<p><strong>Do\u00e7.Dr. Ba\u015fak Bayram<\/strong><\/p>\n<p><strong>Do\u00e7.Dr. \u00d6nder Limon <\/strong><\/p>\n<p><strong>Do\u00e7.Dr.Erkan G\u00f6ksu<\/strong><\/td>\n<\/tr>\n<tr>\n<td width=\"104\"><strong>16:00-17:00<\/strong><\/td>\n<td width=\"281\">G\u00fcn sonu de\u011ferlendirmesi<\/td>\n<td width=\"258\"><strong>Do\u00e7.Dr. \u00d6nder Limon<\/strong><\/td>\n<\/tr>\n<tr>\n<td colspan=\"3\" width=\"644\"><strong>2. g\u00fcn : 3 Mart 2020 &#8211; Sal\u0131<\/strong><\/td>\n<\/tr>\n<tr>\n<td width=\"104\"><strong>09:00-09:45<\/strong><\/td>\n<td width=\"281\">Supraglottik alternatif havayolu y\u00f6netimi<\/td>\n<td width=\"258\"><strong>Do\u00e7.Dr. Ne\u015fe \u00c7olak\u00a0<\/strong><\/td>\n<\/tr>\n<tr>\n<td width=\"104\"><strong>09:45-10:00<\/strong><\/td>\n<td width=\"281\"><strong>ARA<\/strong><\/td>\n<td width=\"258\"><\/td>\n<\/tr>\n<tr>\n<td width=\"104\"><strong>10:00-10:45<\/strong><\/td>\n<td width=\"281\">Videolaringoskopi \/ Fiberoptik Laringoskopi<\/td>\n<td width=\"258\"><strong>Do\u00e7.Dr.Erkan G\u00f6ksu<\/strong><\/td>\n<\/tr>\n<tr>\n<td width=\"104\"><strong>10:45-11:00<\/strong><\/td>\n<td width=\"281\"><strong>ARA<\/strong><\/td>\n<td width=\"258\"><strong>\u00a0<\/strong><\/td>\n<\/tr>\n<tr>\n<td width=\"104\"><strong>11:00-11:45<\/strong><\/td>\n<td width=\"281\">Sedatif Paralizan \u0130la\u00e7 Se\u00e7imleri<\/td>\n<td width=\"258\"><strong>Do\u00e7.Dr. \u00d6nder Limon <\/strong><\/td>\n<\/tr>\n<tr>\n<td width=\"104\"><strong>11:45-13:00<\/strong><\/td>\n<td width=\"281\"><strong>\u00d6\u011fle yeme\u011fi<\/strong><\/td>\n<td width=\"258\"><strong>\u00a0<\/strong><\/td>\n<\/tr>\n<tr>\n<td width=\"104\"><strong>13:00-13:30<\/strong><\/td>\n<td width=\"281\">\u0130nfraglottik (cerrahi) Havayolu<\/td>\n<td width=\"258\"><strong>Do\u00e7.Dr. Ba\u015fak Bayram<\/strong><\/td>\n<\/tr>\n<tr>\n<td width=\"104\"><strong>13:30-16:00<\/strong><\/td>\n<td width=\"281\">Pratik uygulama<\/p>\n<p>(Supraglottik HY, Videolaringoskopi \/Nazal Fiberoptik ent\u00fcbasyon, cerrahi havayolu)<\/td>\n<td width=\"258\"><strong>Do\u00e7.Dr. Ne\u015fe \u00c7olak\u00a0<\/strong><\/p>\n<p><strong>Do\u00e7.Dr. Ba\u015fak Bayram<\/strong><\/p>\n<p><strong>Do\u00e7.Dr. \u00d6nder Limon <\/strong><\/p>\n<p><strong>Do\u00e7.Dr.Erkan G\u00f6ksu<\/strong><\/td>\n<\/tr>\n<tr>\n<td width=\"104\"><strong>16:00-16:30<\/strong><\/td>\n<td width=\"281\">Ak\u0131lc\u0131 \u0130la\u00e7 Sunumu<\/td>\n<td width=\"258\"><strong>Do\u00e7. Dr. \u00d6nder Limon<\/strong><\/td>\n<\/tr>\n<tr>\n<td width=\"104\"><strong>16:30-17:00<\/strong><\/td>\n<td width=\"281\">Sorular\u0131n cevaplanmas\u0131 ve Kapan\u0131\u015f<\/td>\n<td width=\"258\"><strong>\u00a0<\/strong><\/td>\n<\/tr>\n<\/tbody>\n<\/table><\/div>\n<p>&nbsp;<\/p>\n<p>&nbsp;<\/p>\n","protected":false},"excerpt":{"rendered":"<p>Kurs Koordinat\u00f6r\u00fc Do\u00e7. Dr. \u00d6nder Limon Di\u011fer E\u011fitmenler Do\u00e7. Dr. Ne\u015fe \u00c7olak Do\u00e7.Dr.Ba\u015fak Bayram Do\u00e7.Dr. Erkan G\u00f6ksu Do\u00e7.Dr. \u00d6nder Limon Kursun Amac\u0131,&hellip;<\/p>\n","protected":false},"author":1561,"featured_media":0,"parent":240,"menu_order":0,"comment_status":"closed","ping_status":"closed","template":"","meta":{"_acf_changed":false,"inline_featured_image":false,"_lmt_disableupdate":"","_lmt_disable":"","footnotes":""},"class_list":["post-305","page","type-page","status-publish","hentry"],"acf":[],"_links":{"self":[{"href":"https:\/\/tatd.org.tr\/havayolu\/wp-json\/wp\/v2\/pages\/305","targetHints":{"allow":["GET"]}}],"collection":[{"href":"https:\/\/tatd.org.tr\/havayolu\/wp-json\/wp\/v2\/pages"}],"about":[{"href":"https:\/\/tatd.org.tr\/havayolu\/wp-json\/wp\/v2\/types\/page"}],"author":[{"embeddable":true,"href":"https:\/\/tatd.org.tr\/havayolu\/wp-json\/wp\/v2\/users\/1561"}],"replies":[{"embeddable":true,"href":"https:\/\/tatd.org.tr\/havayolu\/wp-json\/wp\/v2\/comments?post=305"}],"version-history":[{"count":0,"href":"https:\/\/tatd.org.tr\/havayolu\/wp-json\/wp\/v2\/pages\/305\/revisions"}],"up":[{"embeddable":true,"href":"https:\/\/tatd.org.tr\/havayolu\/wp-json\/wp\/v2\/pages\/240"}],"wp:attachment":[{"href":"https:\/\/tatd.org.tr\/havayolu\/wp-json\/wp\/v2\/media?parent=305"}],"curies":[{"name":"wp","href":"https:\/\/api.w.org\/{rel}","templated":true}]}}