{"id":242,"date":"2021-10-17T23:54:19","date_gmt":"2021-10-17T20:54:19","guid":{"rendered":"https:\/\/tatd.org.tr\/template\/?page_id=63"},"modified":"2021-11-21T16:21:51","modified_gmt":"2021-11-21T13:21:51","slug":"kurs-koordinatorleri","status":"publish","type":"page","link":"https:\/\/tatd.org.tr\/havayolu\/etkinliklerimiz\/kurslar\/kurs-koordinatorleri\/","title":{"rendered":"Kurs Koordinat\u00f6rleri"},"content":{"rendered":"<div class=\"pcrstb-wrap\"><table style=\"border-collapse: collapse; width: 100%;\" border=\"1\">\n<tbody>\n<tr>\n<td style=\"width: 50%;\">\u0130leri Hava Yolu Kursu<\/td>\n<td style=\"width: 50%;\">Do\u00e7. Dr. \u00d6nder Limon<\/td>\n<\/tr>\n<tr>\n<td style=\"width: 50%;\">Online Hava Yolu Kursu<\/td>\n<td style=\"width: 50%;\">Do\u00e7. Dr. Ne\u015fe \u00c7olak<\/td>\n<\/tr>\n<tr>\n<td style=\"width: 50%;\">Mekanik Ventilasyon Kursu<\/td>\n<td style=\"width: 50%;\"><\/td>\n<\/tr>\n<\/tbody>\n<\/table><\/div>\n","protected":false},"excerpt":{"rendered":"<p>\u0130leri Hava Yolu Kursu Do\u00e7. Dr. \u00d6nder Limon Online Hava Yolu Kursu Do\u00e7. Dr. Ne\u015fe \u00c7olak Mekanik Ventilasyon Kursu<\/p>\n","protected":false},"author":1561,"featured_media":0,"parent":240,"menu_order":3,"comment_status":"closed","ping_status":"closed","template":"team.php","meta":{"_acf_changed":false,"inline_featured_image":false,"_lmt_disableupdate":"","_lmt_disable":"","footnotes":""},"class_list":["post-242","page","type-page","status-publish","hentry"],"acf":[],"_links":{"self":[{"href":"https:\/\/tatd.org.tr\/havayolu\/wp-json\/wp\/v2\/pages\/242","targetHints":{"allow":["GET"]}}],"collection":[{"href":"https:\/\/tatd.org.tr\/havayolu\/wp-json\/wp\/v2\/pages"}],"about":[{"href":"https:\/\/tatd.org.tr\/havayolu\/wp-json\/wp\/v2\/types\/page"}],"author":[{"embeddable":true,"href":"https:\/\/tatd.org.tr\/havayolu\/wp-json\/wp\/v2\/users\/1561"}],"replies":[{"embeddable":true,"href":"https:\/\/tatd.org.tr\/havayolu\/wp-json\/wp\/v2\/comments?post=242"}],"version-history":[{"count":0,"href":"https:\/\/tatd.org.tr\/havayolu\/wp-json\/wp\/v2\/pages\/242\/revisions"}],"up":[{"embeddable":true,"href":"https:\/\/tatd.org.tr\/havayolu\/wp-json\/wp\/v2\/pages\/240"}],"wp:attachment":[{"href":"https:\/\/tatd.org.tr\/havayolu\/wp-json\/wp\/v2\/media?parent=242"}],"curies":[{"name":"wp","href":"https:\/\/api.w.org\/{rel}","templated":true}]}}