{"id":318,"date":"2021-11-22T01:18:13","date_gmt":"2021-11-21T22:18:13","guid":{"rendered":"https:\/\/tatd.org.tr\/hastaneoncesi\/?page_id=318"},"modified":"2024-12-06T11:31:54","modified_gmt":"2024-12-06T08:31:54","slug":"faaliyet-raporu","status":"publish","type":"page","link":"https:\/\/tatd.org.tr\/hastaneoncesi\/hakkimizda\/belgeler\/faaliyet-raporu\/","title":{"rendered":"Faaliyet Raporu"},"content":{"rendered":"<p>&nbsp;<\/p>\n<div class=\"pcrstb-wrap\"><table style=\"border-collapse: collapse; width: 100%;\" border=\"1\">\n<tbody>\n<tr style=\"height: 24px;\">\n<td style=\"width: 5.51181%; height: 24px;\"><strong>Y\u0131l<\/strong><\/td>\n<td style=\"width: 38.517%; height: 24px;\"><strong>Y\u00fcr\u00fctme Kurulu<\/strong><\/td>\n<td style=\"width: 55.9711%; height: 24px;\"><strong>Faaliyet Raporu<\/strong><\/td>\n<\/tr>\n<tr style=\"height: 24px;\">\n<td style=\"width: 5.51181%; height: 24px;\">2021<\/td>\n<td style=\"width: 38.517%; height: 24px;\">Ba\u015fkan: Mehmet Ergin<\/td>\n<td style=\"width: 55.9711%; height: 24px;\"><em>Faaliyet Raporu haz\u0131rlanmaktad\u0131r.<\/em><\/td>\n<\/tr>\n<tr style=\"height: 24px;\">\n<td style=\"width: 5.51181%; height: 24px;\">2020<\/td>\n<td style=\"width: 38.517%; height: 24px;\">Kurulu\u015f Y\u0131l\u0131. Ba\u015fkan: Mehmet Ergin<\/td>\n<td style=\"width: 55.9711%; height: 24px;\"><em>Faaliyet Raporu haz\u0131rlanmaktad\u0131r.<\/em><\/td>\n<\/tr>\n<\/tbody>\n<\/table><\/div>\n<p>\u00c7al\u0131\u015fma Grubunun y\u0131ll\u0131k faaliyet raporlar\u0131 buraya y\u00fcklenecektir.\u00a0Faaliyet raporlar\u0131 sadece TATD \u00fcyelerine a\u00e7\u0131kt\u0131r.<\/p>\n","protected":false},"excerpt":{"rendered":"<p>&nbsp; Y\u0131l Y\u00fcr\u00fctme Kurulu Faaliyet Raporu 2021 Ba\u015fkan: Mehmet Ergin Faaliyet Raporu haz\u0131rlanmaktad\u0131r. 2020 Kurulu\u015f Y\u0131l\u0131. Ba\u015fkan: Mehmet Ergin Faaliyet Raporu haz\u0131rlanmaktad\u0131r.&hellip;<\/p>\n","protected":false},"author":1561,"featured_media":0,"parent":232,"menu_order":2,"comment_status":"closed","ping_status":"closed","template":"","meta":{"_acf_changed":false,"inline_featured_image":false,"_lmt_disableupdate":"","_lmt_disable":"","footnotes":""},"class_list":["post-318","page","type-page","status-publish","hentry"],"acf":[],"_links":{"self":[{"href":"https:\/\/tatd.org.tr\/hastaneoncesi\/wp-json\/wp\/v2\/pages\/318","targetHints":{"allow":["GET"]}}],"collection":[{"href":"https:\/\/tatd.org.tr\/hastaneoncesi\/wp-json\/wp\/v2\/pages"}],"about":[{"href":"https:\/\/tatd.org.tr\/hastaneoncesi\/wp-json\/wp\/v2\/types\/page"}],"author":[{"embeddable":true,"href":"https:\/\/tatd.org.tr\/hastaneoncesi\/wp-json\/wp\/v2\/users\/1561"}],"replies":[{"embeddable":true,"href":"https:\/\/tatd.org.tr\/hastaneoncesi\/wp-json\/wp\/v2\/comments?post=318"}],"version-history":[{"count":0,"href":"https:\/\/tatd.org.tr\/hastaneoncesi\/wp-json\/wp\/v2\/pages\/318\/revisions"}],"up":[{"embeddable":true,"href":"https:\/\/tatd.org.tr\/hastaneoncesi\/wp-json\/wp\/v2\/pages\/232"}],"wp:attachment":[{"href":"https:\/\/tatd.org.tr\/hastaneoncesi\/wp-json\/wp\/v2\/media?parent=318"}],"curies":[{"name":"wp","href":"https:\/\/api.w.org\/{rel}","templated":true}]}}