{"id":224,"date":"2021-10-17T23:04:20","date_gmt":"2021-10-17T20:04:20","guid":{"rendered":"https:\/\/tatd.org.tr\/template\/?page_id=5"},"modified":"2024-12-06T11:31:54","modified_gmt":"2024-12-06T08:31:54","slug":"hakkimizda","status":"publish","type":"page","link":"https:\/\/tatd.org.tr\/hastaneoncesi\/","title":{"rendered":"Hakk\u0131m\u0131zda"},"content":{"rendered":"<p><strong>TATD Hastane \u00d6ncesi Sa\u011fl\u0131k Hizmetleri Komisyonu<\/strong> acil t\u0131bb\u0131n hastane \u00f6ncesindeki hizmetlerinde \u00f6zellikle idari ve e\u011fitim aya\u011f\u0131nda g\u00f6rev alan Acil T\u0131p hekimleri ile ilgili di\u011fer sa\u011fl\u0131k \u00e7al\u0131\u015fan\u0131 payla\u015flar\u0131m\u0131z\u0131 ortak bir paydada bulu\u015fturmak ve bu alanda \u00e7al\u0131\u015fan di\u011fer derneklerle faaliyetler y\u00fcr\u00fctmek amac\u0131yla 2020 y\u0131l\u0131nda kurulmu\u015ftur.<\/p>\n<p><strong>TATD Hastane \u00d6ncesi Sa\u011fl\u0131k Hizmetleri Komisyonu<\/strong>\u00a0i\u00e7erisinde \u00e7al\u0131\u015fmak ve etkinliklerde g\u00f6rev almak isteyen dernek \u00fcyelerimiz, TATD \u00fcye alan\u0131na \u015fifreleri ile giri\u015f yaparak \u201cHesab\u0131m\u201d k\u0131sm\u0131 \u201cG\u00f6revler\u201d sekmesinden \u00e7al\u0131\u015fmak istedikleri komisyon ve \u00e7al\u0131\u015fma gruplar\u0131n\u0131 se\u00e7mek suretiyle ilgili birimlerin Y\u00fcr\u00fctme Kurullar\u0131na taleplerini iletebilir ya da men\u00fcde yer alan ileti\u015fim sayfas\u0131ndaki bilgileri kullanarak kendilerine ula\u015fabilirler.<\/p>\n","protected":false},"excerpt":{"rendered":"<p>TATD Hastane \u00d6ncesi Sa\u011fl\u0131k Hizmetleri Komisyonu acil t\u0131bb\u0131n hastane \u00f6ncesindeki hizmetlerinde \u00f6zellikle idari ve e\u011fitim aya\u011f\u0131nda g\u00f6rev alan Acil T\u0131p hekimleri ile&hellip;<\/p>\n","protected":false},"author":1561,"featured_media":0,"parent":0,"menu_order":0,"comment_status":"closed","ping_status":"closed","template":"","meta":{"_acf_changed":false,"inline_featured_image":false,"_lmt_disableupdate":"","_lmt_disable":"","footnotes":""},"class_list":["post-224","page","type-page","status-publish","hentry"],"acf":[],"_links":{"self":[{"href":"https:\/\/tatd.org.tr\/hastaneoncesi\/wp-json\/wp\/v2\/pages\/224","targetHints":{"allow":["GET"]}}],"collection":[{"href":"https:\/\/tatd.org.tr\/hastaneoncesi\/wp-json\/wp\/v2\/pages"}],"about":[{"href":"https:\/\/tatd.org.tr\/hastaneoncesi\/wp-json\/wp\/v2\/types\/page"}],"author":[{"embeddable":true,"href":"https:\/\/tatd.org.tr\/hastaneoncesi\/wp-json\/wp\/v2\/users\/1561"}],"replies":[{"embeddable":true,"href":"https:\/\/tatd.org.tr\/hastaneoncesi\/wp-json\/wp\/v2\/comments?post=224"}],"version-history":[{"count":0,"href":"https:\/\/tatd.org.tr\/hastaneoncesi\/wp-json\/wp\/v2\/pages\/224\/revisions"}],"wp:attachment":[{"href":"https:\/\/tatd.org.tr\/hastaneoncesi\/wp-json\/wp\/v2\/media?parent=224"}],"curies":[{"name":"wp","href":"https:\/\/api.w.org\/{rel}","templated":true}]}}