{"id":8,"date":"2021-11-02T08:16:09","date_gmt":"2021-11-02T08:16:09","guid":{"rendered":"https:\/\/soledaddemo.pencidesign.net\/soledad-modern-news-magazine\/?page_id=8"},"modified":"2025-07-28T16:32:56","modified_gmt":"2025-07-28T13:32:56","slug":"soledad_home","status":"publish","type":"page","link":"https:\/\/tatd.org.tr\/guzsempozyumu\/","title":{"rendered":"TATD 2. G\u00fcz Sempozyumu"},"content":{"rendered":"\t\t<div data-elementor-type=\"wp-page\" data-elementor-id=\"8\" class=\"elementor elementor-8\" data-elementor-post-type=\"page\">\n\t\t\t\t\t\t<section class=\"penci-section penci-dmcheck penci-elbg-activate penci-enSticky penci-repons-elsection penci-con_sb2_sb1 penci-structure-20 elementor-section elementor-top-section elementor-element elementor-element-35af948 elementor-section-content-middle elementor-section-boxed elementor-section-height-default elementor-section-height-default\" data-id=\"35af948\" data-element_type=\"section\" data-e-type=\"section\" data-settings=\"{&quot;background_background&quot;:&quot;classic&quot;}\">\n\t\t\t\t\t\t<div class=\"elementor-container elementor-column-gap-extended\">\n\t\t\t\t\t<div class=\"penci-ercol-50 penci-ercol-order-1 penci-sticky-ct  penci-dmcheck penci-elbg-activate  elementor-column elementor-col-50 elementor-top-column elementor-element elementor-element-29b88e4\" data-id=\"29b88e4\" data-element_type=\"column\" data-e-type=\"column\" data-settings=\"{&quot;background_background&quot;:&quot;classic&quot;}\">\n\t\t\t<div class=\"elementor-widget-wrap elementor-element-populated\">\n\t\t\t\t\t\t<div class=\"elementor-element elementor-element-b361748 elementor-widget elementor-widget-penci-text-block\" data-id=\"b361748\" data-element_type=\"widget\" data-e-type=\"widget\" data-widget_type=\"penci-text-block.default\">\n\t\t\t\t<div class=\"elementor-widget-container\">\n\t\t\t\t\t\t\t<div class=\"penci-block-vc penci-text-editor\">\n\t\t\t    <div class=\"penci-border-arrow penci-homepage-title penci-home-latest-posts style-6 pcalign-left pciconp-right pcicon-right block-title-icon-left\">\n        <h3 class=\"inner-arrow\">\n        <span>\n                    <span>Kritik Kararlar\u0131n, Bilimin ve Dayan\u0131\u015fman\u0131n Bulu\u015ftu\u011fu Noktaya Davetlisiniz<\/a>                <\/span>\n        <\/h3>\n\t\t        <\/div>\n\t\t\t\t\t<div class=\"penci-block_content\">\n\t\t\t\t<div class=\"elementor-text-editor elementor-clearfix\"><p>De\u011ferli Meslekta\u015flar\u0131m\u0131z,<\/p><p>T\u00fcrkiye Acil T\u0131p Derne\u011fi olarak, 12-14 Eyl\u00fcl 2025 tarihlerinde Bolu Koru Hotel\u2019de ger\u00e7ekle\u015ftirece\u011fimiz <strong>2. G\u00fcz Sempozyumu&#8217;<\/strong>na sizleri b\u00fcy\u00fck bir heyecan ve samimiyetle davet etmek istiyoruz.<\/p><p>G\u00fcn\u00fcm\u00fcz acil t\u0131p prati\u011finde, <strong>kritik hastalar\u0131n<\/strong> tan\u0131, tedavi ve takibi, h\u0131zl\u0131 karar verme ve ekip temelli bir yakla\u015f\u0131m gerektiren, y\u00fcksek sorumluluk i\u00e7eren alanlar\u0131n ba\u015f\u0131nda gelmektedir. Bu ba\u011flamda sempozyumumuzun ana temas\u0131n\u0131 <strong>\u201cKritik Hasta Y\u00f6netimi G\u00fcncellemeler\u201d<\/strong> olarak belirledik.<\/p><p>Sempozyum s\u00fcresince; yo\u011fun bak\u0131m, res\u00fcsitasyon, transf\u00fczyon, toksikoloji, pediatrik kritik hasta, g\u00f6r\u00fcnt\u00fcleme, hastane \u00f6ncesi m\u00fcdahaleler ve yapay zeka destekli klinik karar sistemleri gibi geni\u015f bir yelpazede ele al\u0131nacak g\u00fcncel konular sizlerle bulu\u015facak.<\/p><p>\u00dcstelik her oturum, alan\u0131nda deneyimli konu\u015fmac\u0131lar\u0131n \u00f6zg\u00fcn sunumlar\u0131 ve klinik pratikte kar\u015f\u0131la\u015ft\u0131\u011f\u0131m\u0131z zorlu sorulara odaklanan tart\u0131\u015fmalarla desteklenecek.<\/p><p>\ud83d\udccd <strong>12 Eyl\u00fcl\u2019de a\u00e7\u0131l\u0131\u015f\u0131m\u0131z\u0131 takiben, kritik hastaya 360\u00b0 bak\u0131\u015fla ba\u015flayacak;<\/strong><\/p><p>\ud83d\udccd <strong>13 Eyl\u00fcl\u2019de zamanla yar\u0131\u015fan karar anlar\u0131n\u0131n, pediatrik vakalar\u0131n ve toksikolojik zorluklar\u0131n \u00fczerinde duraca\u011f\u0131z;<\/strong><\/p><p>\ud83d\udccd <strong>14 Eyl\u00fcl\u2019de ise travma, n\u00f6rolojik prognoz ve uzman at\u0131\u015fmalar\u0131yla bilimsel heyecan\u0131 doru\u011fa ta\u015f\u0131yaca\u011f\u0131z.<\/strong><\/p><p>Bu y\u0131l ayr\u0131ca, interaktif uygulamalar, vaka temelli oturumlar, uzman at\u0131\u015fmalar\u0131 ve \u201cAcil Bulmacas\u0131: Kritik Hasta Versiyonu 2\u201d gibi yenilik\u00e7i i\u00e7erikler de program\u0131m\u0131zda yer almakta.<\/p><p>Bolu\u2019nun do\u011fayla b\u00fct\u00fcnle\u015fen atmosferinde ger\u00e7ekle\u015fecek sempozyumumuzda; yaln\u0131zca akademik bilgi de\u011fil, mesleki dostluklar ve multidisipliner dayan\u0131\u015fma da peki\u015fecek.<\/p><p>Kritik kararlar\u0131n, insan hayat\u0131na do\u011frudan etki etti\u011fi bu alanda <strong>\u201cdaha iyi bir sa\u011fl\u0131k hizmeti\u201d<\/strong> i\u00e7in bir araya gelmek hepimiz ad\u0131na b\u00fcy\u00fck bir sorumluluk ve ayr\u0131cal\u0131kt\u0131r. Gelin bilgiyi birlikte \u00fcretelim, payla\u015fal\u0131m, tart\u0131\u015fal\u0131m.<\/p><p><strong>12-14 Eyl\u00fcl\u2019de, Koru Hotel Bolu\u2019da g\u00f6r\u00fc\u015fmek dile\u011fiyle\u2026<\/strong><\/p><p>Sayg\u0131lar\u0131mla,<\/p><p><strong>Do\u00e7. Dr. B\u00fclent Erbil<\/strong><\/p><p>T\u00fcrkiye Acil T\u0131p Derne\u011fi<\/p><p>Y\u00f6netim Kurulu ve Sempozyum Ba\u015fkan\u0131<\/p><\/div>\n\t\t\t<\/div>\n\t\t<\/div>\n\t\t\t\t\t\t<\/div>\n\t\t\t\t<\/div>\n\t\t\t\t<div class=\"elementor-element elementor-element-2cd36fb elementor-widget elementor-widget-penci-button\" data-id=\"2cd36fb\" data-element_type=\"widget\" data-e-type=\"widget\" data-widget_type=\"penci-button.default\">\n\t\t\t\t<div class=\"elementor-widget-container\">\n\t\t\t\t\t\t\t<div class=\"pcbtn-wrapper pcbtn-align-center\">\n\t\t\t<a class=\"pcbtn pcbtn-icon-left pcbtn-bordered pcbtn-bstyle-solid elementor-animation-grow\" \n\t\t\t\t\t\t\t\t\t\t\t\thref=\"https:\/\/tatd.org.tr\/store\/urun\/tatd-2-guz-sempozyumu-kaydi\/\">\n\t\t\t\t<span class=\"pcbtn-wrapperin\">\n\t\t\t\t\t<span class=\"pcbtn-content\">\n\t\t\t\t\t<i class=\"fas fa-mouse-pointer\"><\/i>\t\t\t\t\tSempozyum Kayd\u0131\t\t\t<\/span>\n\t\t\t\t\t\t\t\t\t<\/span>\n\t\t\t<\/a>\n\t\t<\/div>\n\t\t\t\t\t\t<\/div>\n\t\t\t\t<\/div>\n\t\t\t\t\t<\/div>\n\t\t<\/div>\n\t\t\t\t<div class=\"penci-ercol-50 penci-ercol-order-2 penci-sticky-ct  penci-dmcheck penci-elbg-activate  elementor-column elementor-col-50 elementor-top-column elementor-element elementor-element-88238a7\" data-id=\"88238a7\" data-element_type=\"column\" data-e-type=\"column\" data-settings=\"{&quot;background_background&quot;:&quot;classic&quot;}\">\n\t\t\t<div class=\"elementor-widget-wrap elementor-element-populated\">\n\t\t\t\t\t\t<div class=\"elementor-element elementor-element-44189f1 elementor-widget elementor-widget-image\" data-id=\"44189f1\" data-element_type=\"widget\" data-e-type=\"widget\" data-widget_type=\"image.default\">\n\t\t\t\t<div class=\"elementor-widget-container\">\n\t\t\t\t\t\t\t\t\t\t\t\t\t\t\t<img fetchpriority=\"high\" decoding=\"async\" width=\"5906\" height=\"8268\" src=\"https:\/\/tatd.org.tr\/guzsempozyumu\/wp-content\/uploads\/sites\/43\/2025\/07\/guz-sempozyumu_50x70cm-resize-2.jpg\" class=\"attachment-full size-full wp-image-1622\" alt=\"\" srcset=\"https:\/\/tatd.org.tr\/guzsempozyumu\/wp-content\/uploads\/sites\/43\/2025\/07\/guz-sempozyumu_50x70cm-resize-2.jpg 5906w, https:\/\/tatd.org.tr\/guzsempozyumu\/wp-content\/uploads\/sites\/43\/2025\/07\/guz-sempozyumu_50x70cm-resize-2-214x300.jpg 214w, https:\/\/tatd.org.tr\/guzsempozyumu\/wp-content\/uploads\/sites\/43\/2025\/07\/guz-sempozyumu_50x70cm-resize-2-731x1024.jpg 731w, https:\/\/tatd.org.tr\/guzsempozyumu\/wp-content\/uploads\/sites\/43\/2025\/07\/guz-sempozyumu_50x70cm-resize-2-768x1075.jpg 768w, https:\/\/tatd.org.tr\/guzsempozyumu\/wp-content\/uploads\/sites\/43\/2025\/07\/guz-sempozyumu_50x70cm-resize-2-585x819.jpg 585w\" sizes=\"(max-width: 5906px) 100vw, 5906px\" \/>\t\t\t\t\t\t\t\t\t\t\t\t\t\t\t<\/div>\n\t\t\t\t<\/div>\n\t\t\t\t\t<\/div>\n\t\t<\/div>\n\t\t\t\t\t<\/div>\n\t\t<\/section>\n\t\t\t\t<\/div>\n\t\t","protected":false},"excerpt":{"rendered":"<p>Kritik Kararlar\u0131n, Bilimin ve Dayan\u0131\u015fman\u0131n Bulu\u015ftu\u011fu Noktaya Davetlisiniz De\u011ferli Meslekta\u015flar\u0131m\u0131z, T\u00fcrkiye Acil T\u0131p Derne\u011fi olarak, 12-14 Eyl\u00fcl 2025 tarihlerinde Bolu Koru Hotel\u2019de&hellip;<\/p>\n","protected":false},"author":6041,"featured_media":0,"parent":0,"menu_order":0,"comment_status":"closed","ping_status":"closed","template":"page-fullwidth.php","meta":{"_acf_changed":false,"inline_featured_image":false,"_lmt_disableupdate":"","_lmt_disable":"","footnotes":""},"class_list":["post-8","page","type-page","status-publish","hentry"],"acf":[],"_links":{"self":[{"href":"https:\/\/tatd.org.tr\/guzsempozyumu\/wp-json\/wp\/v2\/pages\/8","targetHints":{"allow":["GET"]}}],"collection":[{"href":"https:\/\/tatd.org.tr\/guzsempozyumu\/wp-json\/wp\/v2\/pages"}],"about":[{"href":"https:\/\/tatd.org.tr\/guzsempozyumu\/wp-json\/wp\/v2\/types\/page"}],"author":[{"embeddable":true,"href":"https:\/\/tatd.org.tr\/guzsempozyumu\/wp-json\/wp\/v2\/users\/6041"}],"replies":[{"embeddable":true,"href":"https:\/\/tatd.org.tr\/guzsempozyumu\/wp-json\/wp\/v2\/comments?post=8"}],"version-history":[{"count":0,"href":"https:\/\/tatd.org.tr\/guzsempozyumu\/wp-json\/wp\/v2\/pages\/8\/revisions"}],"wp:attachment":[{"href":"https:\/\/tatd.org.tr\/guzsempozyumu\/wp-json\/wp\/v2\/media?parent=8"}],"curies":[{"name":"wp","href":"https:\/\/api.w.org\/{rel}","templated":true}]}}