{"id":1533,"date":"2025-01-07T20:56:18","date_gmt":"2025-01-07T17:56:18","guid":{"rendered":"https:\/\/tatd.org.tr\/guzsempozyumu\/?page_id=1533"},"modified":"2025-09-12T18:36:34","modified_gmt":"2025-09-12T15:36:34","slug":"sempozyum-programi","status":"publish","type":"page","link":"https:\/\/tatd.org.tr\/guzsempozyumu\/sempozyum-programi\/","title":{"rendered":"Sempozyum Program\u0131"},"content":{"rendered":"\t\t<div data-elementor-type=\"wp-page\" data-elementor-id=\"1533\" class=\"elementor elementor-1533\" data-elementor-post-type=\"page\">\n\t\t\t\t<div class=\"elementor-element elementor-element-0a5a986 e-flex e-con-boxed e-con e-parent\" data-id=\"0a5a986\" data-element_type=\"container\" data-e-type=\"container\">\n\t\t\t\t\t<div class=\"e-con-inner\">\n\t\t\t\t<div class=\"elementor-element elementor-element-e082dec elementor-align-left elementor-widget elementor-widget-button\" data-id=\"e082dec\" data-element_type=\"widget\" data-e-type=\"widget\" data-widget_type=\"button.default\">\n\t\t\t\t<div class=\"elementor-widget-container\">\n\t\t\t\t\t\t\t\t\t<div class=\"elementor-button-wrapper\">\n\t\t\t\t\t<a class=\"elementor-button elementor-button-link elementor-size-sm elementor-animation-grow\" href=\"https:\/\/tatd.org.tr\/wp-content\/uploads\/2025\/08\/Bolu-Guz-Sempozyumu-2025-PPT.pptx\">\n\t\t\t\t\t\t<span class=\"elementor-button-content-wrapper\">\n\t\t\t\t\t\t<span class=\"elementor-button-icon\">\n\t\t\t\t<i aria-hidden=\"true\" class=\"fas fa-file-powerpoint\"><\/i>\t\t\t<\/span>\n\t\t\t\t\t\t\t\t\t<span class=\"elementor-button-text\">Sunum \u015eablonunu Buraya T\u0131klayarak \u0130ndirebilirsiniz<\/span>\n\t\t\t\t\t<\/span>\n\t\t\t\t\t<\/a>\n\t\t\t\t<\/div>\n\t\t\t\t\t\t\t\t<\/div>\n\t\t\t\t<\/div>\n\t\t\t\t<div class=\"elementor-element elementor-element-b46277f e-n-tabs-mobile elementor-widget elementor-widget-n-tabs\" data-id=\"b46277f\" data-element_type=\"widget\" data-e-type=\"widget\" data-settings=\"{&quot;horizontal_scroll&quot;:&quot;disable&quot;}\" data-widget_type=\"nested-tabs.default\">\n\t\t\t\t<div class=\"elementor-widget-container\">\n\t\t\t\t\t\t\t<div class=\"e-n-tabs\" data-widget-number=\"189147007\" aria-label=\"Sekmeler. Enter ve Space ile \u00f6geleri a\u00e7abilir, Escape ile \u00f6geleri kapatabilir ve Y\u00f6n tu\u015flar\u0131 ile \u00f6geler aras\u0131nda gezinebilirsiniz.\">\n\t\t\t<div class=\"e-n-tabs-heading\" role=\"tablist\">\n\t\t\t\t\t<button id=\"e-n-tab-title-1891470071\" data-tab-title-id=\"e-n-tab-title-1891470071\" class=\"e-n-tab-title\" aria-selected=\"true\" data-tab-index=\"1\" role=\"tab\" tabindex=\"0\" aria-controls=\"e-n-tab-content-1891470071\" style=\"--n-tabs-title-order: 1;\">\n\t\t\t\t\t\t<span class=\"e-n-tab-title-text\">\n\t\t\t\t12 Eyl\u00fcl\t\t\t<\/span>\n\t\t<\/button>\n\t\t\t\t<button id=\"e-n-tab-title-1891470072\" data-tab-title-id=\"e-n-tab-title-1891470072\" class=\"e-n-tab-title\" aria-selected=\"false\" data-tab-index=\"2\" role=\"tab\" tabindex=\"-1\" aria-controls=\"e-n-tab-content-1891470072\" style=\"--n-tabs-title-order: 2;\">\n\t\t\t\t\t\t<span class=\"e-n-tab-title-text\">\n\t\t\t\t13 Eyl\u00fcl\t\t\t<\/span>\n\t\t<\/button>\n\t\t\t\t<button id=\"e-n-tab-title-1891470073\" data-tab-title-id=\"e-n-tab-title-1891470073\" class=\"e-n-tab-title\" aria-selected=\"false\" data-tab-index=\"3\" role=\"tab\" tabindex=\"-1\" aria-controls=\"e-n-tab-content-1891470073\" style=\"--n-tabs-title-order: 3;\">\n\t\t\t\t\t\t<span class=\"e-n-tab-title-text\">\n\t\t\t\t14 Eyl\u00fcl\t\t\t<\/span>\n\t\t<\/button>\n\t\t\t\t\t<\/div>\n\t\t\t<div class=\"e-n-tabs-content\">\n\t\t\t\t<div id=\"e-n-tab-content-1891470071\" role=\"tabpanel\" aria-labelledby=\"e-n-tab-title-1891470071\" data-tab-index=\"1\" style=\"--n-tabs-title-order: 1;\" class=\"e-active elementor-element elementor-element-5d3f77c e-con-full e-flex e-con e-child\" data-id=\"5d3f77c\" data-element_type=\"container\" data-e-type=\"container\">\n\t\t<div class=\"elementor-element elementor-element-33086ad e-flex e-con-boxed e-con e-child\" data-id=\"33086ad\" data-element_type=\"container\" data-e-type=\"container\">\n\t\t\t\t\t<div class=\"e-con-inner\">\n\t\t\t\t<div class=\"elementor-element elementor-element-77a8165 elementor-widget elementor-widget-image\" data-id=\"77a8165\" data-element_type=\"widget\" data-e-type=\"widget\" data-widget_type=\"image.default\">\n\t\t\t\t<div class=\"elementor-widget-container\">\n\t\t\t\t\t\t\t\t\t\t\t\t\t\t\t<img fetchpriority=\"high\" decoding=\"async\" width=\"2125\" height=\"2373\" src=\"https:\/\/tatd.org.tr\/guzsempozyumu\/wp-content\/uploads\/sites\/43\/2025\/09\/TATD-Bolu-Sempozyumu-Programi-20250910.png\" class=\"attachment-full size-full wp-image-1659\" alt=\"\" srcset=\"https:\/\/tatd.org.tr\/guzsempozyumu\/wp-content\/uploads\/sites\/43\/2025\/09\/TATD-Bolu-Sempozyumu-Programi-20250910.png 2125w, https:\/\/tatd.org.tr\/guzsempozyumu\/wp-content\/uploads\/sites\/43\/2025\/09\/TATD-Bolu-Sempozyumu-Programi-20250910-269x300.png 269w, https:\/\/tatd.org.tr\/guzsempozyumu\/wp-content\/uploads\/sites\/43\/2025\/09\/TATD-Bolu-Sempozyumu-Programi-20250910-917x1024.png 917w, https:\/\/tatd.org.tr\/guzsempozyumu\/wp-content\/uploads\/sites\/43\/2025\/09\/TATD-Bolu-Sempozyumu-Programi-20250910-768x858.png 768w, https:\/\/tatd.org.tr\/guzsempozyumu\/wp-content\/uploads\/sites\/43\/2025\/09\/TATD-Bolu-Sempozyumu-Programi-20250910-1375x1536.png 1375w, https:\/\/tatd.org.tr\/guzsempozyumu\/wp-content\/uploads\/sites\/43\/2025\/09\/TATD-Bolu-Sempozyumu-Programi-20250910-1834x2048.png 1834w, https:\/\/tatd.org.tr\/guzsempozyumu\/wp-content\/uploads\/sites\/43\/2025\/09\/TATD-Bolu-Sempozyumu-Programi-20250910-1920x2144.png 1920w, https:\/\/tatd.org.tr\/guzsempozyumu\/wp-content\/uploads\/sites\/43\/2025\/09\/TATD-Bolu-Sempozyumu-Programi-20250910-1170x1307.png 1170w, https:\/\/tatd.org.tr\/guzsempozyumu\/wp-content\/uploads\/sites\/43\/2025\/09\/TATD-Bolu-Sempozyumu-Programi-20250910-585x653.png 585w\" sizes=\"(max-width: 2125px) 100vw, 2125px\" \/>\t\t\t\t\t\t\t\t\t\t\t\t\t\t\t<\/div>\n\t\t\t\t<\/div>\n\t\t\t\t\t<\/div>\n\t\t\t\t<\/div>\n\t\t\t\t<\/div>\n\t\t<div id=\"e-n-tab-content-1891470072\" role=\"tabpanel\" aria-labelledby=\"e-n-tab-title-1891470072\" data-tab-index=\"2\" style=\"--n-tabs-title-order: 2;\" class=\" elementor-element elementor-element-4e92814 e-con-full e-flex e-con e-child\" data-id=\"4e92814\" data-element_type=\"container\" data-e-type=\"container\">\n\t\t<div class=\"elementor-element elementor-element-04d017a e-flex e-con-boxed e-con e-child\" data-id=\"04d017a\" data-element_type=\"container\" data-e-type=\"container\">\n\t\t\t\t\t<div class=\"e-con-inner\">\n\t\t\t\t<div class=\"elementor-element elementor-element-3bae9ad elementor-widget elementor-widget-image\" data-id=\"3bae9ad\" data-element_type=\"widget\" data-e-type=\"widget\" data-widget_type=\"image.default\">\n\t\t\t\t<div class=\"elementor-widget-container\">\n\t\t\t\t\t\t\t\t\t\t\t\t\t\t\t<img decoding=\"async\" width=\"1285\" height=\"2560\" src=\"https:\/\/tatd.org.tr\/guzsempozyumu\/wp-content\/uploads\/sites\/43\/2025\/09\/13-ee-scaled.png\" class=\"attachment-full size-full wp-image-1660\" alt=\"\" srcset=\"https:\/\/tatd.org.tr\/guzsempozyumu\/wp-content\/uploads\/sites\/43\/2025\/09\/13-ee-scaled.png 1285w, https:\/\/tatd.org.tr\/guzsempozyumu\/wp-content\/uploads\/sites\/43\/2025\/09\/13-ee-151x300.png 151w, https:\/\/tatd.org.tr\/guzsempozyumu\/wp-content\/uploads\/sites\/43\/2025\/09\/13-ee-514x1024.png 514w, https:\/\/tatd.org.tr\/guzsempozyumu\/wp-content\/uploads\/sites\/43\/2025\/09\/13-ee-768x1530.png 768w, https:\/\/tatd.org.tr\/guzsempozyumu\/wp-content\/uploads\/sites\/43\/2025\/09\/13-ee-771x1536.png 771w, https:\/\/tatd.org.tr\/guzsempozyumu\/wp-content\/uploads\/sites\/43\/2025\/09\/13-ee-1028x2048.png 1028w, https:\/\/tatd.org.tr\/guzsempozyumu\/wp-content\/uploads\/sites\/43\/2025\/09\/13-ee-1920x3826.png 1920w, https:\/\/tatd.org.tr\/guzsempozyumu\/wp-content\/uploads\/sites\/43\/2025\/09\/13-ee-1170x2331.png 1170w, https:\/\/tatd.org.tr\/guzsempozyumu\/wp-content\/uploads\/sites\/43\/2025\/09\/13-ee-585x1166.png 585w\" sizes=\"(max-width: 1285px) 100vw, 1285px\" \/>\t\t\t\t\t\t\t\t\t\t\t\t\t\t\t<\/div>\n\t\t\t\t<\/div>\n\t\t\t\t\t<\/div>\n\t\t\t\t<\/div>\n\t\t\t\t<\/div>\n\t\t<div id=\"e-n-tab-content-1891470073\" role=\"tabpanel\" aria-labelledby=\"e-n-tab-title-1891470073\" data-tab-index=\"3\" style=\"--n-tabs-title-order: 3;\" class=\" elementor-element elementor-element-6dafcef e-con-full e-flex e-con e-child\" data-id=\"6dafcef\" data-element_type=\"container\" data-e-type=\"container\">\n\t\t<div class=\"elementor-element elementor-element-98c6fae e-flex e-con-boxed e-con e-child\" data-id=\"98c6fae\" data-element_type=\"container\" data-e-type=\"container\">\n\t\t\t\t\t<div class=\"e-con-inner\">\n\t\t\t\t<div class=\"elementor-element elementor-element-34831b1 elementor-widget elementor-widget-image\" data-id=\"34831b1\" data-element_type=\"widget\" data-e-type=\"widget\" data-widget_type=\"image.default\">\n\t\t\t\t<div class=\"elementor-widget-container\">\n\t\t\t\t\t\t\t\t\t\t\t\t\t\t\t<img decoding=\"async\" width=\"2125\" height=\"1867\" src=\"https:\/\/tatd.org.tr\/guzsempozyumu\/wp-content\/uploads\/sites\/43\/2025\/09\/1414.png\" class=\"attachment-full size-full wp-image-1657\" alt=\"\" srcset=\"https:\/\/tatd.org.tr\/guzsempozyumu\/wp-content\/uploads\/sites\/43\/2025\/09\/1414.png 2125w, https:\/\/tatd.org.tr\/guzsempozyumu\/wp-content\/uploads\/sites\/43\/2025\/09\/1414-300x264.png 300w, https:\/\/tatd.org.tr\/guzsempozyumu\/wp-content\/uploads\/sites\/43\/2025\/09\/1414-1024x900.png 1024w, https:\/\/tatd.org.tr\/guzsempozyumu\/wp-content\/uploads\/sites\/43\/2025\/09\/1414-768x675.png 768w, https:\/\/tatd.org.tr\/guzsempozyumu\/wp-content\/uploads\/sites\/43\/2025\/09\/1414-1536x1350.png 1536w, https:\/\/tatd.org.tr\/guzsempozyumu\/wp-content\/uploads\/sites\/43\/2025\/09\/1414-2048x1799.png 2048w, https:\/\/tatd.org.tr\/guzsempozyumu\/wp-content\/uploads\/sites\/43\/2025\/09\/1414-1920x1687.png 1920w, https:\/\/tatd.org.tr\/guzsempozyumu\/wp-content\/uploads\/sites\/43\/2025\/09\/1414-1170x1028.png 1170w, https:\/\/tatd.org.tr\/guzsempozyumu\/wp-content\/uploads\/sites\/43\/2025\/09\/1414-585x514.png 585w\" sizes=\"(max-width: 2125px) 100vw, 2125px\" \/>\t\t\t\t\t\t\t\t\t\t\t\t\t\t\t<\/div>\n\t\t\t\t<\/div>\n\t\t\t\t\t<\/div>\n\t\t\t\t<\/div>\n\t\t\t\t<\/div>\n\t\t\t\t\t<\/div>\n\t\t<\/div>\n\t\t\t\t\t\t<\/div>\n\t\t\t\t<\/div>\n\t\t\t\t\t<\/div>\n\t\t\t\t<\/div>\n\t\t<div class=\"elementor-element elementor-element-932ad12 e-flex e-con-boxed e-con e-parent\" data-id=\"932ad12\" data-element_type=\"container\" data-e-type=\"container\">\n\t\t\t\t\t<div class=\"e-con-inner\">\n\t\t\t\t\t<\/div>\n\t\t\t\t<\/div>\n\t\t\t\t<\/div>\n\t\t","protected":false},"excerpt":{"rendered":"<p>Sunum \u015eablonunu Buraya T\u0131klayarak \u0130ndirebilirsiniz 12 Eyl\u00fcl 13 Eyl\u00fcl 14 Eyl\u00fcl<\/p>\n","protected":false},"author":53,"featured_media":0,"parent":0,"menu_order":0,"comment_status":"closed","ping_status":"closed","template":"","meta":{"_acf_changed":false,"inline_featured_image":false,"_lmt_disableupdate":"","_lmt_disable":"","footnotes":""},"class_list":["post-1533","page","type-page","status-publish","hentry"],"acf":[],"_links":{"self":[{"href":"https:\/\/tatd.org.tr\/guzsempozyumu\/wp-json\/wp\/v2\/pages\/1533","targetHints":{"allow":["GET"]}}],"collection":[{"href":"https:\/\/tatd.org.tr\/guzsempozyumu\/wp-json\/wp\/v2\/pages"}],"about":[{"href":"https:\/\/tatd.org.tr\/guzsempozyumu\/wp-json\/wp\/v2\/types\/page"}],"author":[{"embeddable":true,"href":"https:\/\/tatd.org.tr\/guzsempozyumu\/wp-json\/wp\/v2\/users\/53"}],"replies":[{"embeddable":true,"href":"https:\/\/tatd.org.tr\/guzsempozyumu\/wp-json\/wp\/v2\/comments?post=1533"}],"version-history":[{"count":0,"href":"https:\/\/tatd.org.tr\/guzsempozyumu\/wp-json\/wp\/v2\/pages\/1533\/revisions"}],"wp:attachment":[{"href":"https:\/\/tatd.org.tr\/guzsempozyumu\/wp-json\/wp\/v2\/media?parent=1533"}],"curies":[{"name":"wp","href":"https:\/\/api.w.org\/{rel}","templated":true}]}}