{"id":1518,"date":"2024-12-25T14:14:49","date_gmt":"2024-12-25T11:14:49","guid":{"rendered":"https:\/\/tatd.org.tr\/turkiye-acil-saglik-hizmetleri-kongresi\/?page_id=1518"},"modified":"2025-08-02T15:43:47","modified_gmt":"2025-08-02T12:43:47","slug":"kayit","status":"publish","type":"page","link":"https:\/\/tatd.org.tr\/guzsempozyumu\/kayit\/","title":{"rendered":"Kay\u0131t"},"content":{"rendered":"\t\t<div data-elementor-type=\"wp-page\" data-elementor-id=\"1518\" class=\"elementor elementor-1518\" data-elementor-post-type=\"page\">\n\t\t\t\t<div class=\"elementor-element elementor-element-8f59a4d e-flex e-con-boxed e-con e-parent\" data-id=\"8f59a4d\" data-element_type=\"container\" data-e-type=\"container\">\n\t\t\t\t\t<div class=\"e-con-inner\">\n\t\t\t\t<div class=\"elementor-element elementor-element-261333e elementor-widget elementor-widget-text-editor\" data-id=\"261333e\" data-element_type=\"widget\" data-e-type=\"widget\" data-widget_type=\"text-editor.default\">\n\t\t\t\t<div class=\"elementor-widget-container\">\n\t\t\t\t\t\t\t\t\t<p><span style=\"color: #000000;\">\ud83d\udcac <strong>Kat\u0131l\u0131m Hakk\u0131nda Bilgilendirme<\/strong><\/span><br \/><span style=\"color: #000000;\">TATD 2. G\u00fcz Sempozyumu\u2019na <strong><u>t\u00fcm sa\u011fl\u0131k profesyonelleri ve sa\u011fl\u0131k alan\u0131nda e\u011fitim g\u00f6ren \u00f6\u011frenciler<\/u><\/strong> davetlidir.<\/span><\/p><p><span style=\"color: #000000;\">Kat\u0131l\u0131m sa\u011flayabilecek gruplar:<\/span><br \/><span style=\"color: #000000;\">\u2022\u2060 \u2060Acil t\u0131p \u00f6\u011fretim \u00fcyeleri,<\/span><br \/><span style=\"color: #000000;\">\u2022\u2060 \u2060Acil t\u0131p uzmanlar\u0131,<\/span><br \/><span style=\"color: #000000;\">\u2022\u2060 \u2060Acil t\u0131p asistanlar\u0131,<\/span><br \/><span style=\"color: #000000;\">\u2022\u2060 \u2060T\u00fcm bran\u015flardan uzman hekimler,<\/span><br \/><span style=\"color: #000000;\">\u2022\u2060 \u2060Pratisyen hekimler,<\/span><br \/><span style=\"color: #000000;\">\u2022\u2060 \u2060T\u0131pta uzmanl\u0131k \u00f6\u011frencileri (asistanlar),<\/span><br \/><span style=\"color: #000000;\">\u2022\u2060 \u2060Paramedikler, acil t\u0131p teknisyenleri, hem\u015fireler, teknikerler vb.,<\/span><br \/><span style=\"color: #000000;\">\u2022\u2060 \u2060T\u0131p fak\u00fcltesi, hem\u015firelik, paramedik vb. sa\u011fl\u0131k b\u00f6l\u00fcm\u00fc \u00f6\u011frencileri<\/span><\/p><p><span style=\"color: #000000;\">\ud83d\udccc Kay\u0131t ve konaklama \u00fccretleri t\u00fcm kat\u0131l\u0131mc\u0131lar i\u00e7in sabittir.<\/span><\/p>\t\t\t\t\t\t\t\t<\/div>\n\t\t\t\t<\/div>\n\t\t\t\t\t<\/div>\n\t\t\t\t<\/div>\n\t\t<div class=\"elementor-element elementor-element-2ef2195 e-flex e-con-boxed e-con e-parent\" data-id=\"2ef2195\" data-element_type=\"container\" data-e-type=\"container\">\n\t\t\t\t\t<div class=\"e-con-inner\">\n\t\t<div class=\"elementor-element elementor-element-43c9121 e-con-full e-flex e-con e-child\" data-id=\"43c9121\" data-element_type=\"container\" data-e-type=\"container\">\n\t\t\t\t<div class=\"elementor-element elementor-element-7f40e43 elementor-widget elementor-widget-penci-button\" data-id=\"7f40e43\" data-element_type=\"widget\" data-e-type=\"widget\" data-widget_type=\"penci-button.default\">\n\t\t\t\t<div class=\"elementor-widget-container\">\n\t\t\t\t\t\t\t<div class=\"pcbtn-wrapper pcbtn-align-center\">\n\t\t\t<a class=\"pcbtn pcbtn-icon-left\" \n\t\t\t\t\t\t\t\t\t\t\t\thref=\"https:\/\/tatd.org.tr\/store\/urun\/tatd-2-guz-sempozyumu-kaydi\/\">\n\t\t\t\t<span class=\"pcbtn-wrapperin\">\n\t\t\t\t\t<span class=\"pcbtn-content\">\n\t\t\t\t\t<i class=\"fas fa-cart-plus\"><\/i>\t\t\t\t\tSempozyun Kayd\u0131 \u0130\u00e7in T\u0131klay\u0131n\u0131z\t\t\t<\/span>\n\t\t\t\t\t\t\t\t\t<\/span>\n\t\t\t<\/a>\n\t\t<\/div>\n\t\t\t\t\t\t<\/div>\n\t\t\t\t<\/div>\n\t\t\t\t<\/div>\n\t\t<div class=\"elementor-element elementor-element-b7ac6fb e-con-full e-flex e-con e-child\" data-id=\"b7ac6fb\" data-element_type=\"container\" data-e-type=\"container\">\n\t\t\t\t<div class=\"elementor-element elementor-element-fd02a21 elementor-widget elementor-widget-penci-button\" data-id=\"fd02a21\" data-element_type=\"widget\" data-e-type=\"widget\" data-widget_type=\"penci-button.default\">\n\t\t\t\t<div class=\"elementor-widget-container\">\n\t\t\t\t\t\t\t<div class=\"pcbtn-wrapper pcbtn-align-center\">\n\t\t\t<a class=\"pcbtn pcbtn-icon-left\" \n\t\t\t\t\t\t\t\t\t\t\t\thref=\"https:\/\/tatd.org.tr\/store\/urun\/2-guz-sempozyumu-konaklama-odemesi\/\">\n\t\t\t\t<span class=\"pcbtn-wrapperin\">\n\t\t\t\t\t<span class=\"pcbtn-content\">\n\t\t\t\t\t<i class=\"fas fa-cart-plus\"><\/i>\t\t\t\t\tKonaklama \u0130\u00e7in T\u0131klay\u0131n\u0131z\t\t\t<\/span>\n\t\t\t\t\t\t\t\t\t<\/span>\n\t\t\t<\/a>\n\t\t<\/div>\n\t\t\t\t\t\t<\/div>\n\t\t\t\t<\/div>\n\t\t\t\t<\/div>\n\t\t\t\t\t<\/div>\n\t\t\t\t<\/div>\n\t\t<div class=\"elementor-element elementor-element-77fa06e e-flex e-con-boxed e-con e-parent\" data-id=\"77fa06e\" data-element_type=\"container\" data-e-type=\"container\">\n\t\t\t\t\t<div class=\"e-con-inner\">\n\t\t\t\t<div class=\"elementor-element elementor-element-f76d1f9 elementor-widget elementor-widget-image\" data-id=\"f76d1f9\" data-element_type=\"widget\" data-e-type=\"widget\" data-widget_type=\"image.default\">\n\t\t\t\t<div class=\"elementor-widget-container\">\n\t\t\t\t\t\t\t\t\t\t\t\t\t\t\t\t<a href=\"https:\/\/tatd.org.tr\/store\/urun\/tatd-2-guz-sempozyumu-kaydi\/\">\n\t\t\t\t\t\t\t<img fetchpriority=\"high\" decoding=\"async\" width=\"585\" height=\"731\" src=\"https:\/\/tatd.org.tr\/guzsempozyumu\/wp-content\/uploads\/sites\/43\/2025\/07\/insta-585x731.jpg\" class=\"attachment-penci-masonry-thumb size-penci-masonry-thumb wp-image-1617\" alt=\"\" srcset=\"https:\/\/tatd.org.tr\/guzsempozyumu\/wp-content\/uploads\/sites\/43\/2025\/07\/insta-585x731.jpg 585w, https:\/\/tatd.org.tr\/guzsempozyumu\/wp-content\/uploads\/sites\/43\/2025\/07\/insta-240x300.jpg 240w, https:\/\/tatd.org.tr\/guzsempozyumu\/wp-content\/uploads\/sites\/43\/2025\/07\/insta-819x1024.jpg 819w, https:\/\/tatd.org.tr\/guzsempozyumu\/wp-content\/uploads\/sites\/43\/2025\/07\/insta-768x960.jpg 768w, https:\/\/tatd.org.tr\/guzsempozyumu\/wp-content\/uploads\/sites\/43\/2025\/07\/insta.jpg 1080w\" sizes=\"(max-width: 585px) 100vw, 585px\" \/>\t\t\t\t\t\t\t\t<\/a>\n\t\t\t\t\t\t\t\t\t\t\t\t\t\t\t<\/div>\n\t\t\t\t<\/div>\n\t\t\t\t\t<\/div>\n\t\t\t\t<\/div>\n\t\t\t\t<\/div>\n\t\t","protected":false},"excerpt":{"rendered":"<p>\ud83d\udcac Kat\u0131l\u0131m Hakk\u0131nda BilgilendirmeTATD 2. G\u00fcz Sempozyumu\u2019na t\u00fcm sa\u011fl\u0131k profesyonelleri ve sa\u011fl\u0131k alan\u0131nda e\u011fitim g\u00f6ren \u00f6\u011frenciler davetlidir. Kat\u0131l\u0131m sa\u011flayabilecek gruplar:\u2022\u2060 \u2060Acil t\u0131p&hellip;<\/p>\n","protected":false},"author":6041,"featured_media":0,"parent":0,"menu_order":0,"comment_status":"closed","ping_status":"closed","template":"","meta":{"_acf_changed":false,"inline_featured_image":false,"_lmt_disableupdate":"","_lmt_disable":"","footnotes":""},"class_list":["post-1518","page","type-page","status-publish","hentry"],"acf":[],"_links":{"self":[{"href":"https:\/\/tatd.org.tr\/guzsempozyumu\/wp-json\/wp\/v2\/pages\/1518","targetHints":{"allow":["GET"]}}],"collection":[{"href":"https:\/\/tatd.org.tr\/guzsempozyumu\/wp-json\/wp\/v2\/pages"}],"about":[{"href":"https:\/\/tatd.org.tr\/guzsempozyumu\/wp-json\/wp\/v2\/types\/page"}],"author":[{"embeddable":true,"href":"https:\/\/tatd.org.tr\/guzsempozyumu\/wp-json\/wp\/v2\/users\/6041"}],"replies":[{"embeddable":true,"href":"https:\/\/tatd.org.tr\/guzsempozyumu\/wp-json\/wp\/v2\/comments?post=1518"}],"version-history":[{"count":0,"href":"https:\/\/tatd.org.tr\/guzsempozyumu\/wp-json\/wp\/v2\/pages\/1518\/revisions"}],"wp:attachment":[{"href":"https:\/\/tatd.org.tr\/guzsempozyumu\/wp-json\/wp\/v2\/media?parent=1518"}],"curies":[{"name":"wp","href":"https:\/\/api.w.org\/{rel}","templated":true}]}}