{"id":344,"date":"2021-11-21T22:49:56","date_gmt":"2021-11-21T19:49:56","guid":{"rendered":"https:\/\/tatd.org.tr\/tatdgat\/?page_id=344"},"modified":"2021-11-21T22:49:56","modified_gmt":"2021-11-21T19:49:56","slug":"kilavuz-ve-rehberler","status":"publish","type":"page","link":"https:\/\/tatd.org.tr\/geriatri\/hakkimizda\/belgeler\/kilavuz-ve-rehberler\/","title":{"rendered":"K\u0131lavuz ve Rehberler"},"content":{"rendered":"<p>\u00c7al\u0131lma Grubu taraf\u0131ndan haz\u0131rlanan k\u0131lavuz, rehber ve yay\u0131nlara burada yer verilecektir.<\/p>\n","protected":false},"excerpt":{"rendered":"<p>\u00c7al\u0131lma Grubu taraf\u0131ndan haz\u0131rlanan k\u0131lavuz, rehber ve yay\u0131nlara burada yer verilecektir.<\/p>\n","protected":false},"author":1561,"featured_media":0,"parent":232,"menu_order":3,"comment_status":"closed","ping_status":"closed","template":"","meta":{"_acf_changed":false,"inline_featured_image":false,"_lmt_disableupdate":"","_lmt_disable":"","footnotes":""},"class_list":["post-344","page","type-page","status-publish","hentry"],"acf":[],"_links":{"self":[{"href":"https:\/\/tatd.org.tr\/geriatri\/wp-json\/wp\/v2\/pages\/344","targetHints":{"allow":["GET"]}}],"collection":[{"href":"https:\/\/tatd.org.tr\/geriatri\/wp-json\/wp\/v2\/pages"}],"about":[{"href":"https:\/\/tatd.org.tr\/geriatri\/wp-json\/wp\/v2\/types\/page"}],"author":[{"embeddable":true,"href":"https:\/\/tatd.org.tr\/geriatri\/wp-json\/wp\/v2\/users\/1561"}],"replies":[{"embeddable":true,"href":"https:\/\/tatd.org.tr\/geriatri\/wp-json\/wp\/v2\/comments?post=344"}],"version-history":[{"count":0,"href":"https:\/\/tatd.org.tr\/geriatri\/wp-json\/wp\/v2\/pages\/344\/revisions"}],"up":[{"embeddable":true,"href":"https:\/\/tatd.org.tr\/geriatri\/wp-json\/wp\/v2\/pages\/232"}],"wp:attachment":[{"href":"https:\/\/tatd.org.tr\/geriatri\/wp-json\/wp\/v2\/media?parent=344"}],"curies":[{"name":"wp","href":"https:\/\/api.w.org\/{rel}","templated":true}]}}