{"id":341,"date":"2021-11-21T22:45:20","date_gmt":"2021-11-21T19:45:20","guid":{"rendered":"https:\/\/tatd.org.tr\/tatdgat\/?page_id=341"},"modified":"2021-12-15T12:24:07","modified_gmt":"2021-12-15T09:24:07","slug":"faaliyet-raporlari","status":"publish","type":"page","link":"https:\/\/tatd.org.tr\/geriatri\/hakkimizda\/belgeler\/faaliyet-raporlari\/","title":{"rendered":"Faaliyet Raporlar\u0131"},"content":{"rendered":"<p>\u00c7al\u0131\u015fma Grubunun y\u0131ll\u0131k faaliyet raporlar\u0131 buraya y\u00fcklenecektir.\u00a0Faaliyet raporlar\u0131 sadece TATD \u00fcyelerine a\u00e7\u0131kt\u0131r.<\/p>","protected":false},"excerpt":{"rendered":"<p>\u00c7al\u0131\u015fma Grubunun y\u0131ll\u0131k faaliyet raporlar\u0131 buraya y\u00fcklenecektir.\u00a0Faaliyet raporlar\u0131 sadece TATD \u00fcyelerine a\u00e7\u0131kt\u0131r.<\/p>\n","protected":false},"author":1561,"featured_media":0,"parent":232,"menu_order":2,"comment_status":"closed","ping_status":"closed","template":"","meta":{"_acf_changed":false,"inline_featured_image":false,"_lmt_disableupdate":"","_lmt_disable":"","footnotes":""},"class_list":["post-341","page","type-page","status-publish","hentry"],"acf":[],"_links":{"self":[{"href":"https:\/\/tatd.org.tr\/geriatri\/wp-json\/wp\/v2\/pages\/341","targetHints":{"allow":["GET"]}}],"collection":[{"href":"https:\/\/tatd.org.tr\/geriatri\/wp-json\/wp\/v2\/pages"}],"about":[{"href":"https:\/\/tatd.org.tr\/geriatri\/wp-json\/wp\/v2\/types\/page"}],"author":[{"embeddable":true,"href":"https:\/\/tatd.org.tr\/geriatri\/wp-json\/wp\/v2\/users\/1561"}],"replies":[{"embeddable":true,"href":"https:\/\/tatd.org.tr\/geriatri\/wp-json\/wp\/v2\/comments?post=341"}],"version-history":[{"count":0,"href":"https:\/\/tatd.org.tr\/geriatri\/wp-json\/wp\/v2\/pages\/341\/revisions"}],"up":[{"embeddable":true,"href":"https:\/\/tatd.org.tr\/geriatri\/wp-json\/wp\/v2\/pages\/232"}],"wp:attachment":[{"href":"https:\/\/tatd.org.tr\/geriatri\/wp-json\/wp\/v2\/media?parent=341"}],"curies":[{"name":"wp","href":"https:\/\/api.w.org\/{rel}","templated":true}]}}