{"id":227,"date":"2021-10-17T23:08:36","date_gmt":"2021-10-17T20:08:36","guid":{"rendered":"https:\/\/tatd.org.tr\/template\/?page_id=12"},"modified":"2021-11-19T17:59:14","modified_gmt":"2021-11-19T14:59:14","slug":"amac-ve-hedefler","status":"publish","type":"page","link":"https:\/\/tatd.org.tr\/geriatri\/hakkimizda\/amac-ve-hedefler\/","title":{"rendered":"Ama\u00e7 ve Hedefler"},"content":{"rendered":"<h3>Ama\u00e7lar\u0131m\u0131z<\/h3>\n<ol>\n<li>Uzmanl\u0131k e\u011fitimi m\u00fcfredat\u0131nda geriatrik ya\u015f grubu hastal\u0131klar\u0131na ait yetkinlik alanlar\u0131n\u0131 tan\u0131mlamak.<\/li>\n<li>Geriatrik ya\u015f grubuna yakla\u015f\u0131mda bilgi ve beceri e\u011fitiminin y\u00f6ntemlerini belirlemek.<\/li>\n<li>Geriatrik hastalar\u0131n Acil Servislerde standart tedavi alabilmelerini sa\u011flayacak e\u011fitim rehberleri geli\u015ftirmek<\/li>\n<li>Sosyal projeler geli\u015ftirerek ya\u015fl\u0131 hastalar\u0131n ald\u0131klar\u0131 hizmet kalitesini geli\u015ftirmek, kolayla\u015ft\u0131rmak.<\/li>\n<li>Sa\u011fl\u0131k hizmetlerini sa\u011flayan ve y\u00fcr\u00fcten devlet makamlar\u0131 ile ortak projeler geli\u015ftirmek, politikalar \u00fcretilmesine yard\u0131mc\u0131 olmak<\/li>\n<li>Geriatri hastalar\u0131na sunulan hizmetlerde yarar\/ zarar oran\u0131 g\u00f6zetilerek ve maliyet optimizasyonu yaparak protokoller geli\u015ftirmek.<\/li>\n<li>Geriatri alan\u0131nda sempozyum, toplant\u0131 d\u00fczenlemek ve bu konuda \u00e7al\u0131\u015fan di\u011fer Uzmanl\u0131k dernekleri ve \u00dcniversiteler ile i\u015fbirli\u011fi yapmak.<\/li>\n<\/ol>\n<h3>Bu ama\u00e7lara ula\u015fmak i\u00e7in planlad\u0131\u011f\u0131m\u0131z projelerimiz<\/h3>\n<ol>\n<li>Acil servise ba\u015fvuran geriatrik hastalar\u0131n ba\u015fvuru nedenleri, t\u0131bbi sorunlar\u0131n\u0131n ulusal bilgi a\u011f\u0131na ait alt yap\u0131 haz\u0131rlanmas\u0131. Bu hastalar\u0131n ba\u015fvuru nedenlerini analiz etmek.<\/li>\n<li>\u201cYa\u015fl\u0131 Dostu\u201d acil servis tasar\u0131m\u0131 ve i\u015fleyi\u015fi konulu bir yar\u0131\u015fma d\u00fczenlemek. \u0130lerleyen zamanlarda \u201cYa\u015fl\u0131 Dostu\u201d acil servisleri akredite etmek.<\/li>\n<li>Geriatrik Acil hastalar\u0131n\u0131n memnuniyet \u00f6l\u00e7\u00fcmleri i\u00e7in skorlama geli\u015ftirmek<\/li>\n<li>Acil servise ba\u015fvuran geriatrik hastalara y\u00f6nelik Sa\u011fl\u0131k Personelinin bilgi ve tutum d\u00fczeylerini \u00f6l\u00e7mek<\/li>\n<li>Geriatrik Acil T\u0131p alan\u0131nda yap\u0131lm\u0131\u015f olan doktora ve uzmanl\u0131k tezlerini incelemek ve derlemek. (Bu hem tezlerden faydalan\u0131lmas\u0131n\u0131 hem de Acil T\u0131p ortam\u0131nda payla\u015f\u0131larak \u201cknow how\u201d katk\u0131s\u0131n\u0131 sa\u011flayacakt\u0131r).<\/li>\n<\/ol>\n<p>\u00c7al\u0131\u015fma Y\u00f6ntemleri grup i\u00e7inde yap\u0131lacak olan i\u015f b\u00f6l\u00fcm\u00fc ile kararla\u015ft\u0131r\u0131l\u0131p, y\u00fcr\u00fct\u00fclecek ve \u00c7al\u0131\u015fma grubu ba\u015fkan\u0131 taraf\u0131ndan koordine edilecektir.<\/p>\n","protected":false},"excerpt":{"rendered":"<p>Ama\u00e7lar\u0131m\u0131z Uzmanl\u0131k e\u011fitimi m\u00fcfredat\u0131nda geriatrik ya\u015f grubu hastal\u0131klar\u0131na ait yetkinlik alanlar\u0131n\u0131 tan\u0131mlamak. Geriatrik ya\u015f grubuna yakla\u015f\u0131mda bilgi ve beceri e\u011fitiminin y\u00f6ntemlerini belirlemek.&hellip;<\/p>\n","protected":false},"author":1561,"featured_media":0,"parent":224,"menu_order":2,"comment_status":"closed","ping_status":"closed","template":"","meta":{"_acf_changed":false,"inline_featured_image":false,"_lmt_disableupdate":"","_lmt_disable":"","footnotes":""},"class_list":["post-227","page","type-page","status-publish","hentry"],"acf":[],"_links":{"self":[{"href":"https:\/\/tatd.org.tr\/geriatri\/wp-json\/wp\/v2\/pages\/227","targetHints":{"allow":["GET"]}}],"collection":[{"href":"https:\/\/tatd.org.tr\/geriatri\/wp-json\/wp\/v2\/pages"}],"about":[{"href":"https:\/\/tatd.org.tr\/geriatri\/wp-json\/wp\/v2\/types\/page"}],"author":[{"embeddable":true,"href":"https:\/\/tatd.org.tr\/geriatri\/wp-json\/wp\/v2\/users\/1561"}],"replies":[{"embeddable":true,"href":"https:\/\/tatd.org.tr\/geriatri\/wp-json\/wp\/v2\/comments?post=227"}],"version-history":[{"count":0,"href":"https:\/\/tatd.org.tr\/geriatri\/wp-json\/wp\/v2\/pages\/227\/revisions"}],"up":[{"embeddable":true,"href":"https:\/\/tatd.org.tr\/geriatri\/wp-json\/wp\/v2\/pages\/224"}],"wp:attachment":[{"href":"https:\/\/tatd.org.tr\/geriatri\/wp-json\/wp\/v2\/media?parent=227"}],"curies":[{"name":"wp","href":"https:\/\/api.w.org\/{rel}","templated":true}]}}