{"id":225,"date":"2021-10-17T23:06:18","date_gmt":"2021-10-17T20:06:18","guid":{"rendered":"https:\/\/tatd.org.tr\/template\/?page_id=8"},"modified":"2021-11-21T14:55:29","modified_gmt":"2021-11-21T11:55:29","slug":"tarihce","status":"publish","type":"page","link":"https:\/\/tatd.org.tr\/geriatri\/hakkimizda\/tarihce\/","title":{"rendered":"Tarih\u00e7e"},"content":{"rendered":"<p>Bu sayfada eksik bilgiler bulunmakta olup haz\u0131rl\u0131k a\u015famas\u0131ndad\u0131r.<\/p>\n<div class=\"pcrstb-wrap\"><table style=\"border-collapse: collapse; width: 100%;\" border=\"1\">\n<tbody>\n<tr>\n<td style=\"width: 10.1706%;\"><strong>Kurulu\u015f Tarihi<\/strong><\/td>\n<td style=\"width: 22.3097%;\"><\/td>\n<\/tr>\n<tr>\n<td style=\"width: 10.1706%;\"><strong>Kurucu Ba\u015fkan<\/strong><\/td>\n<td style=\"width: 22.3097%;\"><\/td>\n<\/tr>\n<\/tbody>\n<\/table><\/div>\n<p>&nbsp;<\/p>\n<div class=\"pcrstb-wrap\"><table style=\"border-collapse: collapse; width: 100%;\" border=\"1\">\n<tbody>\n<tr style=\"height: 24px;\">\n<td style=\"width: 25%; height: 24px;\"><strong>Ba\u015fkan<\/strong><\/td>\n<td style=\"width: 25%; height: 24px;\"><strong>G\u00f6rev S\u00fcresi<\/strong><\/td>\n<td style=\"width: 25%; height: 24px;\"><strong>Sekreter<\/strong><\/td>\n<td style=\"width: 25%; height: 24px;\"><strong>G\u00f6rev S\u00fcresi<\/strong><\/td>\n<\/tr>\n<tr style=\"height: 24px;\">\n<td style=\"width: 25%; height: 24px;\">\u00d6zlem K\u00f6ksal<\/td>\n<td style=\"width: 25%; height: 24px;\">2019-2021<\/td>\n<td style=\"width: 25%; height: 24px;\"><span data-sheets-value=\"{&quot;1&quot;:2,&quot;2&quot;:&quot;Mehmet Mahir Kunt&quot;}\" data-sheets-userformat=\"{&quot;2&quot;:193,&quot;3&quot;:{&quot;1&quot;:0},&quot;9&quot;:0,&quot;10&quot;:0}\">Mehmet Mahir Kunt<\/span><\/td>\n<td style=\"width: 25%; height: 24px;\">2019-2021<\/td>\n<\/tr>\n<tr>\n<td style=\"width: 25%;\">Murat \u00c7etin<\/td>\n<td style=\"width: 25%;\">2017-2019<\/td>\n<td style=\"width: 25%;\"><span data-sheets-value=\"{&quot;1&quot;:2,&quot;2&quot;:&quot;Mehmet Mahir Kunt&quot;}\" data-sheets-userformat=\"{&quot;2&quot;:193,&quot;3&quot;:{&quot;1&quot;:0},&quot;9&quot;:0,&quot;10&quot;:0}\">\u00a0<\/span><\/td>\n<td style=\"width: 25%;\"><\/td>\n<\/tr>\n<\/tbody>\n<\/table><\/div>\n<p>&nbsp;<\/p>\n","protected":false},"excerpt":{"rendered":"<p>Bu sayfada eksik bilgiler bulunmakta olup haz\u0131rl\u0131k a\u015famas\u0131ndad\u0131r. Kurulu\u015f Tarihi Kurucu Ba\u015fkan &nbsp; Ba\u015fkan G\u00f6rev S\u00fcresi Sekreter G\u00f6rev S\u00fcresi \u00d6zlem K\u00f6ksal 2019-2021&hellip;<\/p>\n","protected":false},"author":1561,"featured_media":0,"parent":224,"menu_order":0,"comment_status":"closed","ping_status":"closed","template":"","meta":{"_acf_changed":false,"inline_featured_image":false,"_lmt_disableupdate":"","_lmt_disable":"","footnotes":""},"class_list":["post-225","page","type-page","status-publish","hentry"],"acf":[],"_links":{"self":[{"href":"https:\/\/tatd.org.tr\/geriatri\/wp-json\/wp\/v2\/pages\/225","targetHints":{"allow":["GET"]}}],"collection":[{"href":"https:\/\/tatd.org.tr\/geriatri\/wp-json\/wp\/v2\/pages"}],"about":[{"href":"https:\/\/tatd.org.tr\/geriatri\/wp-json\/wp\/v2\/types\/page"}],"author":[{"embeddable":true,"href":"https:\/\/tatd.org.tr\/geriatri\/wp-json\/wp\/v2\/users\/1561"}],"replies":[{"embeddable":true,"href":"https:\/\/tatd.org.tr\/geriatri\/wp-json\/wp\/v2\/comments?post=225"}],"version-history":[{"count":0,"href":"https:\/\/tatd.org.tr\/geriatri\/wp-json\/wp\/v2\/pages\/225\/revisions"}],"up":[{"embeddable":true,"href":"https:\/\/tatd.org.tr\/geriatri\/wp-json\/wp\/v2\/pages\/224"}],"wp:attachment":[{"href":"https:\/\/tatd.org.tr\/geriatri\/wp-json\/wp\/v2\/media?parent=225"}],"curies":[{"name":"wp","href":"https:\/\/api.w.org\/{rel}","templated":true}]}}