{"id":224,"date":"2021-10-17T23:04:20","date_gmt":"2021-10-17T20:04:20","guid":{"rendered":"https:\/\/tatd.org.tr\/template\/?page_id=5"},"modified":"2021-11-19T18:25:13","modified_gmt":"2021-11-19T15:25:13","slug":"hakkimizda","status":"publish","type":"page","link":"https:\/\/tatd.org.tr\/geriatri\/","title":{"rendered":"Hakk\u0131m\u0131zda"},"content":{"rendered":"<p>T\u00fcrkiye hizmet verilen hastalar\u0131n %15- 19 aras\u0131ndaki oran\u0131 65 ya\u015f \u00fczeri ya\u015ftad\u0131r. Bu ya\u015f grubu, s\u00fcrekli takip eden hekimleri olmamas\u0131, \u00e7oklu komorbidite y\u00fcz\u00fcnden bir uzmanl\u0131k dal\u0131na ba\u011fl\u0131 olmamalar\u0131, sosyal destekten yoksun olmalar\u0131 veya teknolojiye uyarak hekimden randevu almada sorun ya\u015famalar\u0131 gibi de\u011fi\u015fik nedenler y\u00fcz\u00fcnden s\u0131kl\u0131kla acil servislere ba\u015fvurmaktad\u0131r. Ayr\u0131ca bu ya\u015f grubuna \u00f6zel dahili ve cerrahi hastal\u0131klar acil bak\u0131m gerektirmektedir. Acil T\u0131p Anadal\u0131 i\u00e7inde uzmanl\u0131k e\u011fitimi verirken bu \u00f6zellikli ya\u015f grubuna ait hastal\u0131klar konusunda e\u011fitim ve hizmet standartlar\u0131n\u0131 belirlemek amac\u0131yla <strong>TATD Geriatrik Acil T\u0131p \u00c7al\u0131\u015fma Grubu<\/strong> kurulmu\u015ftur.<\/p>\n<p><strong>TATD Geriatrik Acil T\u0131p \u00c7al\u0131\u015fma Grubu<\/strong> i\u00e7erisinde \u00e7al\u0131\u015fmak ve etkinliklerde g\u00f6rev almak isteyen dernek \u00fcyelerimiz, TATD \u00fcye alan\u0131na \u015fifreleri ile giri\u015f yaparak &#8220;Hesab\u0131m&#8221; k\u0131sm\u0131 &#8220;G\u00f6revler&#8221; sekmesinden \u00e7al\u0131\u015fmak istedikleri komisyon ve \u00e7al\u0131\u015fma gruplar\u0131n\u0131 se\u00e7mek suretiyle ilgili birimlerin Y\u00fcr\u00fctme Kurullar\u0131na taleplerini iletebilir ya da men\u00fcde yer alan ileti\u015fim sayfas\u0131ndaki bilgileri kullanarak kendilerine ula\u015fabilirler.<\/p>\n","protected":false},"excerpt":{"rendered":"<p>T\u00fcrkiye hizmet verilen hastalar\u0131n %15- 19 aras\u0131ndaki oran\u0131 65 ya\u015f \u00fczeri ya\u015ftad\u0131r. Bu ya\u015f grubu, s\u00fcrekli takip eden hekimleri olmamas\u0131, \u00e7oklu komorbidite&hellip;<\/p>\n","protected":false},"author":1561,"featured_media":0,"parent":0,"menu_order":0,"comment_status":"closed","ping_status":"closed","template":"","meta":{"_acf_changed":false,"inline_featured_image":false,"_lmt_disableupdate":"","_lmt_disable":"","footnotes":""},"class_list":["post-224","page","type-page","status-publish","hentry"],"acf":[],"_links":{"self":[{"href":"https:\/\/tatd.org.tr\/geriatri\/wp-json\/wp\/v2\/pages\/224","targetHints":{"allow":["GET"]}}],"collection":[{"href":"https:\/\/tatd.org.tr\/geriatri\/wp-json\/wp\/v2\/pages"}],"about":[{"href":"https:\/\/tatd.org.tr\/geriatri\/wp-json\/wp\/v2\/types\/page"}],"author":[{"embeddable":true,"href":"https:\/\/tatd.org.tr\/geriatri\/wp-json\/wp\/v2\/users\/1561"}],"replies":[{"embeddable":true,"href":"https:\/\/tatd.org.tr\/geriatri\/wp-json\/wp\/v2\/comments?post=224"}],"version-history":[{"count":0,"href":"https:\/\/tatd.org.tr\/geriatri\/wp-json\/wp\/v2\/pages\/224\/revisions"}],"wp:attachment":[{"href":"https:\/\/tatd.org.tr\/geriatri\/wp-json\/wp\/v2\/media?parent=224"}],"curies":[{"name":"wp","href":"https:\/\/api.w.org\/{rel}","templated":true}]}}