{"id":8,"date":"2021-11-02T08:16:09","date_gmt":"2021-11-02T08:16:09","guid":{"rendered":"https:\/\/soledaddemo.pencidesign.net\/soledad-modern-news-magazine\/?page_id=8"},"modified":"2024-08-06T20:58:22","modified_gmt":"2024-08-06T17:58:22","slug":"soledad_home","status":"publish","type":"page","link":"https:\/\/tatd.org.tr\/etikhukuk\/","title":{"rendered":"Soledad_Home"},"content":{"rendered":"\t\t<div data-elementor-type=\"wp-page\" data-elementor-id=\"8\" class=\"elementor elementor-8\" data-elementor-post-type=\"page\">\n\t\t\t\t\t\t<section class=\"penci-section penci-enSticky penci-repons-elsection penci-con_sb2_sb1 penci-structure-30 elementor-section elementor-top-section elementor-element elementor-element-35af948 elementor-section-boxed elementor-section-height-default elementor-section-height-default\" data-id=\"35af948\" data-element_type=\"section\" data-e-type=\"section\">\n\t\t\t\t\t\t<div class=\"elementor-container elementor-column-gap-extended\">\n\t\t\t\t\t<div class=\"penci-ercol-33 penci-ercol-order-1 penci-sticky-sb penci-sidebarSC   elementor-column elementor-col-33 elementor-top-column elementor-element elementor-element-41bc9bf\" data-id=\"41bc9bf\" data-element_type=\"column\" data-e-type=\"column\">\n\t\t\t<div class=\"elementor-widget-wrap elementor-element-populated\">\n\t\t\t\t\t\t<div class=\"elementor-element elementor-element-2e7a90b elementor-widget elementor-widget-heading\" data-id=\"2e7a90b\" data-element_type=\"widget\" data-e-type=\"widget\" data-widget_type=\"heading.default\">\n\t\t\t\t<div class=\"elementor-widget-container\">\n\t\t\t\t\t<h2 class=\"elementor-heading-title elementor-size-default\">Ama\u00e7 ve G\u00f6revler<\/h2>\t\t\t\t<\/div>\n\t\t\t\t<\/div>\n\t\t\t\t<div class=\"elementor-element elementor-element-067cef2 elementor-widget elementor-widget-text-editor\" data-id=\"067cef2\" data-element_type=\"widget\" data-e-type=\"widget\" data-widget_type=\"text-editor.default\">\n\t\t\t\t<div class=\"elementor-widget-container\">\n\t\t\t\t\t\t\t\t\t<h4>Ama\u00e7 ve Hedefler<\/h4><p>Acil t\u0131p \u00e7al\u0131\u015fanlar\u0131nda hukuk okur yazarl\u0131\u011f\u0131n\u0131n art\u0131r\u0131lmas\u0131n\u0131 sa\u011flamak, medikal malpraktis ile ilgili fark\u0131ndal\u0131\u011f\u0131 art\u0131rmak ve e\u011fitimlerle \u00f6nleyici bilgi ve uygulama birikimini sa\u011flamak.<\/p><p>\u00a0<\/p><h4>G\u00f6revler<\/h4><ul><li>Seminer, konferans, kurs ve benzeri e\u011fitimler d\u00fczenlemek; bilgilendirici yay\u0131nlar ve raporlar yay\u0131mlamak; internet, web sayfas\u0131 ve benzeri mecralarda e\u011fitim vermek.<\/li><li>Acil T\u0131p uzmanl\u0131\u011f\u0131 ile ilgili t\u0131bbi uygulamalarda etik de\u011ferleri tan\u0131tmak. yayg\u0131nla\u015ft\u0131rmak; etik ile ilgili g\u00f6r\u00fc\u015f ve d\u00fc\u015f\u00fcncelerin bilgisel temele oturmas\u0131n\u0131 sa\u011flamak; felsefe, hukuk ve insan bilimleri gibi disiplinlerle ve di\u011fer sa\u011fl\u0131k u\u011fra\u015flar\u0131 ile i\u015fbirli\u011fi sa\u011flamak, etik sorunlar konusunda i\u015fbirli\u011fi ortam\u0131 yaratmak.<\/li><li>T\u00fcrkiye Acil T\u0131p Derne\u011fi \u00fcyelerinin mesleki yay\u0131n, ara\u015ft\u0131rma ve etkinlikleri hakk\u0131nda bilimsel, etik ve nesnel \u00f6l\u00e7\u00fctler \u0131\u015f\u0131\u011f\u0131nda g\u00f6r\u00fc\u015f belirtmek.<\/li><\/ul>\t\t\t\t\t\t\t\t<\/div>\n\t\t\t\t<\/div>\n\t\t\t\t\t<\/div>\n\t\t<\/div>\n\t\t\t\t<div class=\"penci-ercol-33 penci-ercol-order-2 penci-sticky-sb penci-sidebarSC penci-dmcheck penci-elbg-activate  elementor-column elementor-col-33 elementor-top-column elementor-element elementor-element-29b88e4\" data-id=\"29b88e4\" data-element_type=\"column\" data-e-type=\"column\" data-settings=\"{&quot;background_background&quot;:&quot;classic&quot;}\">\n\t\t\t<div class=\"elementor-widget-wrap elementor-element-populated\">\n\t\t\t\t\t\t<div class=\"elementor-element elementor-element-b0c0564 elementor-widget elementor-widget-heading\" data-id=\"b0c0564\" data-element_type=\"widget\" data-e-type=\"widget\" data-widget_type=\"heading.default\">\n\t\t\t\t<div class=\"elementor-widget-container\">\n\t\t\t\t\t<h2 class=\"elementor-heading-title elementor-size-default\">Belgeler<\/h2>\t\t\t\t<\/div>\n\t\t\t\t<\/div>\n\t\t\t\t<div class=\"elementor-element elementor-element-42098fa elementor-widget elementor-widget-text-editor\" data-id=\"42098fa\" data-element_type=\"widget\" data-e-type=\"widget\" data-widget_type=\"text-editor.default\">\n\t\t\t\t<div class=\"elementor-widget-container\">\n\t\t\t\t\t\t\t\t\t<h3 class=\"h6\">Uzmanl\u0131k Dernekleri Etik Kurullar K\u0131lavuzu 2013<\/h3>\n<ul class=\"list-inline small text-black-50\">\n \t<i class=\"fa fa-calendar\" aria-hidden=\"true\"><\/i>\n15 Ekim 2021<\/li>\n<\/ul>\t\t\t\t\t\t\t\t<\/div>\n\t\t\t\t<\/div>\n\t\t\t\t<div class=\"elementor-element elementor-element-23f7780 elementor-position-inline-start elementor-widget__width-initial elementor-view-default elementor-mobile-position-block-start elementor-widget elementor-widget-icon-box\" data-id=\"23f7780\" data-element_type=\"widget\" data-e-type=\"widget\" data-widget_type=\"icon-box.default\">\n\t\t\t\t<div class=\"elementor-widget-container\">\n\t\t\t\t\t\t\t<div class=\"elementor-icon-box-wrapper\">\n\n\t\t\t\t\t\t<div class=\"elementor-icon-box-icon\">\n\t\t\t\t<a href=\"https:\/\/tatd.org.tr\/etikhukuk\/wp-content\/uploads\/sites\/30\/2021\/10\/UZMANLIK-DERNEKLERI\u0307-ETI\u0307K-KURULLAR-KILAVUZU-2013.pdf\" class=\"elementor-icon\" tabindex=\"-1\" aria-label=\"PDF-368,71 KB  &lt;i class=&quot;fa fa-download&quot; style=&quot;margin-left:20px;&quot; aria-hidden=&quot;true&quot;&gt;&lt;\/i&gt;\">\n\t\t\t\t<i aria-hidden=\"true\" class=\"fas fa-file-pdf\"><\/i>\t\t\t\t<\/a>\n\t\t\t<\/div>\n\t\t\t\n\t\t\t\t\t\t<div class=\"elementor-icon-box-content\">\n\n\t\t\t\t\t\t\t\t\t<h3 class=\"elementor-icon-box-title\">\n\t\t\t\t\t\t<a href=\"https:\/\/tatd.org.tr\/etikhukuk\/wp-content\/uploads\/sites\/30\/2021\/10\/UZMANLIK-DERNEKLERI\u0307-ETI\u0307K-KURULLAR-KILAVUZU-2013.pdf\" >\n\t\t\t\t\t\t\tPDF-368,71 KB  <i class=\"fa fa-download\" style=\"margin-left:20px\" aria-hidden=\"true\"><\/i>\t\t\t\t\t\t<\/a>\n\t\t\t\t\t<\/h3>\n\t\t\t\t\n\t\t\t\t\n\t\t\t<\/div>\n\t\t\t\n\t\t<\/div>\n\t\t\t\t\t\t<\/div>\n\t\t\t\t<\/div>\n\t\t\t\t\t<\/div>\n\t\t<\/div>\n\t\t\t\t<div class=\"penci-ercol-33 penci-ercol-order-3 penci-sticky-sb penci-sidebarSC   elementor-column elementor-col-33 elementor-top-column elementor-element elementor-element-836b521\" data-id=\"836b521\" data-element_type=\"column\" data-e-type=\"column\">\n\t\t\t<div class=\"elementor-widget-wrap elementor-element-populated\">\n\t\t\t\t\t\t<div class=\"elementor-element elementor-element-14fd46c elementor-widget elementor-widget-heading\" data-id=\"14fd46c\" data-element_type=\"widget\" data-e-type=\"widget\" data-widget_type=\"heading.default\">\n\t\t\t\t<div class=\"elementor-widget-container\">\n\t\t\t\t\t<h2 class=\"elementor-heading-title elementor-size-default\">Son Yaz\u0131lar<\/h2>\t\t\t\t<\/div>\n\t\t\t\t<\/div>\n\t\t\t\t<div class=\"elementor-element elementor-element-520f5d7 elementor-widget elementor-widget-penci-big-grid\" data-id=\"520f5d7\" data-element_type=\"widget\" data-e-type=\"widget\" data-widget_type=\"penci-big-grid.default\">\n\t\t\t\t<div class=\"elementor-widget-container\">\n\t\t\t\t\t        <div class=\"penci-clearfix penci-biggrid-wrapper penci-grid-col-1 penci-grid-mcol-1 penci-bgrid-based-post penci-bgrid-style-1 pcbg-ficonpo-top-right pcbg-reiconpo-top-left penci-bgrid-content-below pencibg-imageh-zoom-in pencibg-texth-none pencibg-textani-movetop textop\">\n\t\t\t            <div class=\"penci-clearfix penci-biggrid penci-bgstyle-1 penci-bgel\">\n                <div class=\"penci-biggrid-inner default\">\n\t\t\t\t\t<div class=\"penci-clearfix penci-biggrid-data penci-dflex\"><div class=\"penci-bgitem\">\n    <div class=\"penci-bgitin\">\n        <div class=\"penci-bgmain\">\n            <div class=\"pcbg-thumb\">\n\t\t\t\t\t\t\t\t                <div class=\"pcbg-thumbin\">\n                    <a class=\"pcbg-bgoverlay\"\n                       href=\"https:\/\/tatd.org.tr\/etikhukuk\/2022\/04\/14\/online-tip-hukuku-kursu\/\" title=\"Online T\u0131p Hukuku Kursu\"><\/a>\n\n                        <div  data-bgset=\"https:\/\/tatd.org.tr\/etikhukuk\/wp-content\/uploads\/sites\/30\/2022\/04\/9157994442d3884a185e82b5df0931bd-768x768.jpeg\" data_bg_hidpi=\"https:\/\/tatd.org.tr\/etikhukuk\/wp-content\/uploads\/sites\/30\/2022\/04\/9157994442d3884a185e82b5df0931bd.jpeg\" class=\"penci-lazy penci-image-holder\">\n                                                    <\/div>\n\n                <\/div>\n            <\/div>\n            <div class=\"pcbg-content\">\n                <div class=\"pcbg-content-flex\">\n                    <a class=\"pcbg-bgoverlay\"\n                       href=\"https:\/\/tatd.org.tr\/etikhukuk\/2022\/04\/14\/online-tip-hukuku-kursu\/\" title=\"Online T\u0131p Hukuku Kursu\"><\/a>\n                    <div class=\"pcbg-content-inner bgcontent-block\">\n                        <a href=\"https:\/\/tatd.org.tr\/etikhukuk\/2022\/04\/14\/online-tip-hukuku-kursu\/\" title=\"Online T\u0131p Hukuku Kursu\"\n                           class=\"pcbg-bgoverlaytext active-overlay item-hover\"><\/a>\n\n\t\t\t\t\t\t                            <div class=\"pcbg-above item-hover\">\n\t\t\t\t\t\t\t<span class=\"cat pcbg-sub-title\">\n\t\t\t\t\t\t\t\t<a style=\"\" class=\"penci-cat-name penci-cat-10012\" href=\"https:\/\/tatd.org.tr\/etikhukuk\/category\/etkinlik\/\"  rel=\"category tag\"><span style=\"\">Etkinlik<\/span><\/a>\t\t\t\t\t\t\t<\/span>\n                            <\/div>\n\t\t\t\t\t\t\n\t\t\t\t\t\t                            <div class=\"pcbg-heading item-hover\">\n                                <h3 class=\"pcbg-title\">\n                                    <a href=\"https:\/\/tatd.org.tr\/etikhukuk\/2022\/04\/14\/online-tip-hukuku-kursu\/\">\n\t\t\t\t\t\t\t\t\t\tOnline T\u0131p Hukuku Kursu                                    <\/a>\n                                <\/h3>\n                            <\/div>\n\t\t\t\t\t\t\n\t\t\t\t\t\t                            <div class=\"grid-post-box-meta pcbg-meta item-hover\">\n                                <div class=\"pcbg-meta-desc\">\n\t\t\t\t\t\t\t\t\t\t\t\t\t\t\t\t\t\t                                        <span class=\"bg-date\"><time class=\"entry-date published\" datetime=\"2022-04-14T09:21:22+03:00\">14 Nisan 2022<\/time><\/span>\n\t\t\t\t\t\t\t\t\t\t\t\t\t\t\t\t\t\t\t\t\t\t\t\t\t\t\t\t\t\t\t\t\t\t\t\t\t\t\t\t\t\t\t\t\t\t\t\t\t\t\t\t\t\t                                <\/div>\n\t\t\t\t\t\t\t\t                                    <div class=\"pcbg-pexcerpt\">\n\t\t\t\t\t\t\t\t\t\t<p>Etkinlik ad\u0131 T\u0131p Hukuku Kursu Etkinlik Tarihi 18.05.2022 Etkinlik \u0130li ONLINE Etkinlik Adresi ONLINE \u00c7al\u0131\u015fma Grubu Ba\u015fkan\u0131 Do\u00e7. Dr. Cem Ertan Kurs Genel Koordinat\u00f6r\u00fc Do\u00e7. Dr. Cem Ertan Kurs &#8230;<\/p>\n                                    <\/div>\n\t\t\t\t\t\t\t\t                            <\/div>\n\t\t\t\t\t\t\n\t\t\t\t\t\t                    <\/div>\n                <\/div>\n            <\/div>\n        <\/div>\n    <\/div>\n<\/div>\n<\/div>                <\/div>\n\t\t\t\t            <\/div>\n        <\/div>\n\t\t\t\t\t\t<\/div>\n\t\t\t\t<\/div>\n\t\t\t\t\t<\/div>\n\t\t<\/div>\n\t\t\t\t\t<\/div>\n\t\t<\/section>\n\t\t\t\t<\/div>\n\t\t","protected":false},"excerpt":{"rendered":"<p>Ama\u00e7 ve G\u00f6revler Ama\u00e7 ve Hedefler Acil t\u0131p \u00e7al\u0131\u015fanlar\u0131nda hukuk okur yazarl\u0131\u011f\u0131n\u0131n art\u0131r\u0131lmas\u0131n\u0131 sa\u011flamak, medikal malpraktis ile ilgili fark\u0131ndal\u0131\u011f\u0131 art\u0131rmak ve e\u011fitimlerle&hellip;<\/p>\n","protected":false},"author":6260,"featured_media":0,"parent":0,"menu_order":0,"comment_status":"closed","ping_status":"closed","template":"page-fullwidth.php","meta":{"_acf_changed":false,"inline_featured_image":false,"_lmt_disableupdate":"","_lmt_disable":"","footnotes":""},"class_list":["post-8","page","type-page","status-publish","hentry"],"acf":[],"_links":{"self":[{"href":"https:\/\/tatd.org.tr\/etikhukuk\/wp-json\/wp\/v2\/pages\/8","targetHints":{"allow":["GET"]}}],"collection":[{"href":"https:\/\/tatd.org.tr\/etikhukuk\/wp-json\/wp\/v2\/pages"}],"about":[{"href":"https:\/\/tatd.org.tr\/etikhukuk\/wp-json\/wp\/v2\/types\/page"}],"author":[{"embeddable":true,"href":"https:\/\/tatd.org.tr\/etikhukuk\/wp-json\/wp\/v2\/users\/6260"}],"replies":[{"embeddable":true,"href":"https:\/\/tatd.org.tr\/etikhukuk\/wp-json\/wp\/v2\/comments?post=8"}],"version-history":[{"count":0,"href":"https:\/\/tatd.org.tr\/etikhukuk\/wp-json\/wp\/v2\/pages\/8\/revisions"}],"wp:attachment":[{"href":"https:\/\/tatd.org.tr\/etikhukuk\/wp-json\/wp\/v2\/media?parent=8"}],"curies":[{"name":"wp","href":"https:\/\/api.w.org\/{rel}","templated":true}]}}