{"id":42,"date":"2021-09-21T14:15:19","date_gmt":"2021-09-21T11:15:19","guid":{"rendered":"https:\/\/tatd.org.tr\/etikhukuk\/?page_id=42"},"modified":"2026-01-21T19:27:00","modified_gmt":"2026-01-21T16:27:00","slug":"yurutme-kurulu","status":"publish","type":"page","link":"https:\/\/tatd.org.tr\/etikhukuk\/hakkimizda\/yurutme-kurulu\/","title":{"rendered":"Y\u00fcr\u00fctme Kurulu"},"content":{"rendered":"\n<h2 class=\"wp-block-heading\">Ba\u015fkan: Dr. \u015eeyhmus KAYA<\/h2>\n\n\n\n<h2 class=\"wp-block-heading\">Sekreter: Dr. Resul \u00c7\u0130NPOLAT<\/h2>\n\n\n\n<p><\/p>\n","protected":false},"excerpt":{"rendered":"<p>Ba\u015fkan: Dr. \u015eeyhmus KAYA Sekreter: Dr. Resul \u00c7\u0130NPOLAT<\/p>\n","protected":false},"author":1,"featured_media":0,"parent":260,"menu_order":5,"comment_status":"closed","ping_status":"closed","template":"","meta":{"_acf_changed":false,"inline_featured_image":false,"_lmt_disableupdate":"","_lmt_disable":"","footnotes":""},"class_list":["post-42","page","type-page","status-publish","hentry"],"acf":[],"_links":{"self":[{"href":"https:\/\/tatd.org.tr\/etikhukuk\/wp-json\/wp\/v2\/pages\/42","targetHints":{"allow":["GET"]}}],"collection":[{"href":"https:\/\/tatd.org.tr\/etikhukuk\/wp-json\/wp\/v2\/pages"}],"about":[{"href":"https:\/\/tatd.org.tr\/etikhukuk\/wp-json\/wp\/v2\/types\/page"}],"author":[{"embeddable":true,"href":"https:\/\/tatd.org.tr\/etikhukuk\/wp-json\/wp\/v2\/users\/1"}],"replies":[{"embeddable":true,"href":"https:\/\/tatd.org.tr\/etikhukuk\/wp-json\/wp\/v2\/comments?post=42"}],"version-history":[{"count":0,"href":"https:\/\/tatd.org.tr\/etikhukuk\/wp-json\/wp\/v2\/pages\/42\/revisions"}],"up":[{"embeddable":true,"href":"https:\/\/tatd.org.tr\/etikhukuk\/wp-json\/wp\/v2\/pages\/260"}],"wp:attachment":[{"href":"https:\/\/tatd.org.tr\/etikhukuk\/wp-json\/wp\/v2\/media?parent=42"}],"curies":[{"name":"wp","href":"https:\/\/api.w.org\/{rel}","templated":true}]}}