{"id":40,"date":"2021-09-21T14:14:45","date_gmt":"2021-09-21T11:14:45","guid":{"rendered":"https:\/\/tatd.org.tr\/etikhukuk\/?page_id=40"},"modified":"2021-09-21T14:14:45","modified_gmt":"2021-09-21T11:14:45","slug":"amac-ve-hedefler","status":"publish","type":"page","link":"https:\/\/tatd.org.tr\/etikhukuk\/hakkimizda\/amac-ve-hedefler\/","title":{"rendered":"Ama\u00e7 ve G\u00f6revler"},"content":{"rendered":"<h4>Ama\u00e7 ve Hedefler<\/h4>\n<p>Acil t\u0131p \u00e7al\u0131\u015fanlar\u0131nda hukuk okur yazarl\u0131\u011f\u0131n\u0131n art\u0131r\u0131lmas\u0131n\u0131 sa\u011flamak, medikal malpraktis ile ilgili fark\u0131ndal\u0131\u011f\u0131 art\u0131rmak ve e\u011fitimlerle \u00f6nleyici bilgi ve uygulama birikimini sa\u011flamak.<\/p>\n<p>&nbsp;<\/p>\n<h4>G\u00f6revler<\/h4>\n<ul>\n<li>Seminer, konferans, kurs ve benzeri e\u011fitimler d\u00fczenlemek; bilgilendirici yay\u0131nlar ve raporlar yay\u0131mlamak; internet, web sayfas\u0131 ve benzeri mecralarda e\u011fitim vermek.<\/li>\n<li>Acil T\u0131p uzmanl\u0131\u011f\u0131 ile ilgili t\u0131bbi uygulamalarda etik de\u011ferleri tan\u0131tmak. yayg\u0131nla\u015ft\u0131rmak; etik ile ilgili g\u00f6r\u00fc\u015f ve d\u00fc\u015f\u00fcncelerin bilgisel temele oturmas\u0131n\u0131 sa\u011flamak; felsefe, hukuk ve insan bilimleri gibi disiplinlerle ve di\u011fer sa\u011fl\u0131k u\u011fra\u015flar\u0131 ile i\u015fbirli\u011fi sa\u011flamak, etik sorunlar konusunda i\u015fbirli\u011fi ortam\u0131 yaratmak.<\/li>\n<li>T\u00fcrkiye Acil T\u0131p Derne\u011fi \u00fcyelerinin mesleki yay\u0131n, ara\u015ft\u0131rma ve etkinlikleri hakk\u0131nda bilimsel, etik ve nesnel \u00f6l\u00e7\u00fctler \u0131\u015f\u0131\u011f\u0131nda g\u00f6r\u00fc\u015f belirtmek.<\/li>\n<\/ul>\n","protected":false},"excerpt":{"rendered":"<p>Ama\u00e7 ve Hedefler Acil t\u0131p \u00e7al\u0131\u015fanlar\u0131nda hukuk okur yazarl\u0131\u011f\u0131n\u0131n art\u0131r\u0131lmas\u0131n\u0131 sa\u011flamak, medikal malpraktis ile ilgili fark\u0131ndal\u0131\u011f\u0131 art\u0131rmak ve e\u011fitimlerle \u00f6nleyici bilgi ve&hellip;<\/p>\n","protected":false},"author":1,"featured_media":0,"parent":260,"menu_order":4,"comment_status":"closed","ping_status":"closed","template":"","meta":{"_acf_changed":false,"inline_featured_image":false,"_lmt_disableupdate":"","_lmt_disable":"","footnotes":""},"class_list":["post-40","page","type-page","status-publish","hentry"],"acf":[],"_links":{"self":[{"href":"https:\/\/tatd.org.tr\/etikhukuk\/wp-json\/wp\/v2\/pages\/40","targetHints":{"allow":["GET"]}}],"collection":[{"href":"https:\/\/tatd.org.tr\/etikhukuk\/wp-json\/wp\/v2\/pages"}],"about":[{"href":"https:\/\/tatd.org.tr\/etikhukuk\/wp-json\/wp\/v2\/types\/page"}],"author":[{"embeddable":true,"href":"https:\/\/tatd.org.tr\/etikhukuk\/wp-json\/wp\/v2\/users\/1"}],"replies":[{"embeddable":true,"href":"https:\/\/tatd.org.tr\/etikhukuk\/wp-json\/wp\/v2\/comments?post=40"}],"version-history":[{"count":0,"href":"https:\/\/tatd.org.tr\/etikhukuk\/wp-json\/wp\/v2\/pages\/40\/revisions"}],"up":[{"embeddable":true,"href":"https:\/\/tatd.org.tr\/etikhukuk\/wp-json\/wp\/v2\/pages\/260"}],"wp:attachment":[{"href":"https:\/\/tatd.org.tr\/etikhukuk\/wp-json\/wp\/v2\/media?parent=40"}],"curies":[{"name":"wp","href":"https:\/\/api.w.org\/{rel}","templated":true}]}}