{"id":36,"date":"2021-09-21T09:10:00","date_gmt":"2021-09-21T06:10:00","guid":{"rendered":"https:\/\/tatd.org.tr\/etikhukuk\/?page_id=36"},"modified":"2021-09-21T09:10:00","modified_gmt":"2021-09-21T06:10:00","slug":"vizyon","status":"publish","type":"page","link":"https:\/\/tatd.org.tr\/etikhukuk\/hakkimizda\/vizyon\/","title":{"rendered":"Vizyon, Misyon ve Tan\u0131mlar"},"content":{"rendered":"<h4>Vizyon<\/h4>\n<p>T\u00fcrkiye Acil T\u0131p Derne\u011finin ve Acil T\u0131p uzman\u0131 ve ara\u015ft\u0131rma g\u00f6revlilerinin etik ve hukuki anlamda dan\u0131\u015fmanl\u0131k gereksinimlerini kar\u015f\u0131layacak bir kurumsal bir yap\u0131 olu\u015fturmak.<\/p>\n<p>&nbsp;<\/p>\n<h4>Misyon<\/h4>\n<p>Etik ilkelere ve hukuka uygun yakla\u015f\u0131mlar i\u00e7in k\u0131lavuzlar ve e\u011fitimler d\u00fczenleyerek bilgiyi yaymak, dan\u0131\u015f\u0131lan ilgili konularda yan\u0131tlar\u0131 h\u0131zla \u00fcreterek sorunlar\u0131n \u00e7\u00f6z\u00fcm\u00fcn\u00fcn etkin bir par\u00e7as\u0131 olmak.<\/p>\n<p>&nbsp;<\/p>\n<h4>Tan\u0131mlar<\/h4>\n<p>T\u00fcrkiye Acil T\u0131p Derne\u011fi Etik Ve Hukuk Komisyonu gerek y\u00f6netim kurulunun, gerekse Acil T\u0131p uzman ve ara\u015ft\u0131rma g\u00f6revlilerinin etik ve hukuki konulardaki dan\u0131\u015fma ihtiyac\u0131n\u0131 kar\u015f\u0131lamak amac\u0131yla kurulan komisyondur<\/p>\n","protected":false},"excerpt":{"rendered":"<p>Vizyon T\u00fcrkiye Acil T\u0131p Derne\u011finin ve Acil T\u0131p uzman\u0131 ve ara\u015ft\u0131rma g\u00f6revlilerinin etik ve hukuki anlamda dan\u0131\u015fmanl\u0131k gereksinimlerini kar\u015f\u0131layacak bir kurumsal bir&hellip;<\/p>\n","protected":false},"author":1,"featured_media":0,"parent":260,"menu_order":2,"comment_status":"closed","ping_status":"closed","template":"","meta":{"_acf_changed":false,"inline_featured_image":false,"_lmt_disableupdate":"","_lmt_disable":"","footnotes":""},"class_list":["post-36","page","type-page","status-publish","hentry"],"acf":[],"_links":{"self":[{"href":"https:\/\/tatd.org.tr\/etikhukuk\/wp-json\/wp\/v2\/pages\/36","targetHints":{"allow":["GET"]}}],"collection":[{"href":"https:\/\/tatd.org.tr\/etikhukuk\/wp-json\/wp\/v2\/pages"}],"about":[{"href":"https:\/\/tatd.org.tr\/etikhukuk\/wp-json\/wp\/v2\/types\/page"}],"author":[{"embeddable":true,"href":"https:\/\/tatd.org.tr\/etikhukuk\/wp-json\/wp\/v2\/users\/1"}],"replies":[{"embeddable":true,"href":"https:\/\/tatd.org.tr\/etikhukuk\/wp-json\/wp\/v2\/comments?post=36"}],"version-history":[{"count":0,"href":"https:\/\/tatd.org.tr\/etikhukuk\/wp-json\/wp\/v2\/pages\/36\/revisions"}],"up":[{"embeddable":true,"href":"https:\/\/tatd.org.tr\/etikhukuk\/wp-json\/wp\/v2\/pages\/260"}],"wp:attachment":[{"href":"https:\/\/tatd.org.tr\/etikhukuk\/wp-json\/wp\/v2\/media?parent=36"}],"curies":[{"name":"wp","href":"https:\/\/api.w.org\/{rel}","templated":true}]}}