{"id":260,"date":"2021-04-07T13:31:31","date_gmt":"2021-04-07T10:31:31","guid":{"rendered":"https:\/\/tatd.org.tr\/etikhukuk\/?page_id=2"},"modified":"2021-11-19T18:38:47","modified_gmt":"2021-11-19T15:38:47","slug":"hakkimizda","status":"publish","type":"page","link":"https:\/\/tatd.org.tr\/etikhukuk\/hakkimizda\/","title":{"rendered":"Hakk\u0131m\u0131zda"},"content":{"rendered":"<p><strong>TATD Etik ve Hukuk Komisyonu,<\/strong> TATD&#8217;nin t\u00fcm kurul ve \u00fcyelerinin t\u0131bbi deontoloji ve etik kurallar \u00e7er\u00e7evesinde hareket etmesini teminat alt\u0131na alacak \u015fekilde e\u011fitim, bilgilendirme, denetleme ve de\u011ferlendirme g\u00f6revlerini Y\u00f6netim Kurulu ad\u0131na ve onun g\u00f6revlendirmesi ile y\u00fcr\u00fct\u00fcr.\u00a0TATD Etik ve Hukuk Komisyonu Ba\u015fkan\u0131 ve Kurulu TATD Y\u00f6netim Kurulu taraf\u0131ndan atan\u0131r.<\/p>\n<p><strong>TATD Etik ve Hukuk Komisyonu<\/strong> b\u00fcnyesinde ger\u00e7ekle\u015ftirilecek \u00e7e\u015fitli faaliyetlerde \u00e7al\u0131\u015fmak isteyen TATD \u00fcye alan\u0131na \u015fifreleri ile giri\u015f yaparak \u201cHesab\u0131m\u201d k\u0131sm\u0131 \u201cG\u00f6revler\u201d sekmesinden \u00e7al\u0131\u015fmak istedikleri komisyon ve \u00e7al\u0131\u015fma gruplar\u0131n\u0131 se\u00e7mek suretiyle ilgili birimlerin Y\u00fcr\u00fctme Kurullar\u0131na taleplerini iletebilir ya da men\u00fcde yer alan ileti\u015fim sayfas\u0131ndaki bilgileri kullanarak kendilerine ula\u015fabilirler. Bu kapsamda yap\u0131lan ba\u015fvurular TATD Etik ve Disiplin Kurullar\u0131nda g\u00f6rev alma ile ilgili de\u011fildir.<\/p>\n<p>TATD \u00fcyesi olan Acil T\u0131p Uzman\u0131 ve Acil T\u0131p Uzmanl\u0131k \u00d6\u011frencilerine acil serviste \u015fiddete maruz kal\u0131nd\u0131\u011f\u0131nda \u00fccretsiz hukuki destek sa\u011flamaktay\u0131z. Bu hizmetten yararlanmak isteyen \u00fcyelerimizin\u00a0<a href=\"mailto:bilgi@tatd.org.tr\">bilgi@tatd.org.tr<\/a> e-posta adresinden, ya da ileti\u015fim sayfam\u0131zdaki telefon numaralar\u0131ndan dernek sekreteryas\u0131 ile ileti\u015fime ge\u00e7mesi yeterlidir.<\/p>\n","protected":false},"excerpt":{"rendered":"<p>TATD Etik ve Hukuk Komisyonu, TATD&#8217;nin t\u00fcm kurul ve \u00fcyelerinin t\u0131bbi deontoloji ve etik kurallar \u00e7er\u00e7evesinde hareket etmesini teminat alt\u0131na alacak \u015fekilde&hellip;<\/p>\n","protected":false},"author":1,"featured_media":0,"parent":0,"menu_order":0,"comment_status":"closed","ping_status":"closed","template":"","meta":{"_acf_changed":false,"inline_featured_image":false,"_lmt_disableupdate":"","_lmt_disable":"","footnotes":""},"class_list":["post-260","page","type-page","status-publish","hentry"],"acf":[],"_links":{"self":[{"href":"https:\/\/tatd.org.tr\/etikhukuk\/wp-json\/wp\/v2\/pages\/260","targetHints":{"allow":["GET"]}}],"collection":[{"href":"https:\/\/tatd.org.tr\/etikhukuk\/wp-json\/wp\/v2\/pages"}],"about":[{"href":"https:\/\/tatd.org.tr\/etikhukuk\/wp-json\/wp\/v2\/types\/page"}],"author":[{"embeddable":true,"href":"https:\/\/tatd.org.tr\/etikhukuk\/wp-json\/wp\/v2\/users\/1"}],"replies":[{"embeddable":true,"href":"https:\/\/tatd.org.tr\/etikhukuk\/wp-json\/wp\/v2\/comments?post=260"}],"version-history":[{"count":0,"href":"https:\/\/tatd.org.tr\/etikhukuk\/wp-json\/wp\/v2\/pages\/260\/revisions"}],"wp:attachment":[{"href":"https:\/\/tatd.org.tr\/etikhukuk\/wp-json\/wp\/v2\/media?parent=260"}],"curies":[{"name":"wp","href":"https:\/\/api.w.org\/{rel}","templated":true}]}}