{"id":9477,"date":"2021-10-13T22:14:01","date_gmt":"2021-10-13T19:14:01","guid":{"rendered":"https:\/\/tatd.org.tr\/urun\/herkes-icin-ilkyardim\/"},"modified":"2026-01-21T14:55:09","modified_gmt":"2026-01-21T11:55:09","slug":"herkes-icin-ilkyardim","status":"publish","type":"product","link":"https:\/\/tatd.org.tr\/en\/urun\/herkes-icin-ilkyardim\/","title":{"rendered":"Herkes \u0130\u00e7in \u0130lkyard\u0131m"},"content":{"rendered":"","protected":false},"excerpt":{"rendered":"<p>ISBN : 975653035-9 1. Bask\u0131, Kas\u0131m 2003, 283 sayfa, Om Yay\u0131nevi<\/p>\n","protected":false},"featured_media":9478,"template":"","meta":{"_acf_changed":false,"inline_featured_image":false,"_lmt_disableupdate":"","_lmt_disable":""},"product_brand":[],"product_cat":[13388],"product_tag":[],"class_list":{"0":"post-9477","1":"product","2":"type-product","3":"status-publish","4":"has-post-thumbnail","6":"product_cat-kitaplar","8":"first","9":"outofstock","10":"product-type-simple"},"acf":[],"_links":{"self":[{"href":"https:\/\/tatd.org.tr\/en\/wp-json\/wp\/v2\/product\/9477","targetHints":{"allow":["GET"]}}],"collection":[{"href":"https:\/\/tatd.org.tr\/en\/wp-json\/wp\/v2\/product"}],"about":[{"href":"https:\/\/tatd.org.tr\/en\/wp-json\/wp\/v2\/types\/product"}],"wp:featuredmedia":[{"embeddable":true,"href":"https:\/\/tatd.org.tr\/en\/wp-json\/wp\/v2\/media\/9478"}],"wp:attachment":[{"href":"https:\/\/tatd.org.tr\/en\/wp-json\/wp\/v2\/media?parent=9477"}],"wp:term":[{"taxonomy":"product_brand","embeddable":true,"href":"https:\/\/tatd.org.tr\/en\/wp-json\/wp\/v2\/product_brand?post=9477"},{"taxonomy":"product_cat","embeddable":true,"href":"https:\/\/tatd.org.tr\/en\/wp-json\/wp\/v2\/product_cat?post=9477"},{"taxonomy":"product_tag","embeddable":true,"href":"https:\/\/tatd.org.tr\/en\/wp-json\/wp\/v2\/product_tag?post=9477"}],"curies":[{"name":"wp","href":"https:\/\/api.w.org\/{rel}","templated":true}]}}