{"id":9468,"date":"2021-10-13T22:14:01","date_gmt":"2021-10-13T19:14:01","guid":{"rendered":"https:\/\/tatd.org.tr\/urun\/tintinalli-acil-tip-kapsamli-calisma-kitabi\/"},"modified":"2026-01-21T14:55:08","modified_gmt":"2026-01-21T11:55:08","slug":"tintinalli-acil-tip-kapsamli-calisma-kitabi","status":"publish","type":"product","link":"https:\/\/tatd.org.tr\/en\/urun\/tintinalli-acil-tip-kapsamli-calisma-kitabi\/","title":{"rendered":"Tintinalli Acil T\u0131p &#8211; Kapsaml\u0131 \u00c7al\u0131\u015fma Kitab\u0131"},"content":{"rendered":"","protected":false},"excerpt":{"rendered":"<p>Ed: Y\u0131ld\u0131ray \u00c7ete, Arzu Denizba\u015f\u0131, Arif Alper \u00c7evik, Cem Oktay, R\u0131dvan Atilla. Nobel Kitabevi, 1e-2012, 2e-2013.<br \/>\nSekreteryam\u0131zdan talep edebilirsiniz.<\/p>\n","protected":false},"featured_media":9469,"template":"","meta":{"_acf_changed":false,"inline_featured_image":false,"_lmt_disableupdate":"","_lmt_disable":""},"product_brand":[],"product_cat":[13388],"product_tag":[],"class_list":{"0":"post-9468","1":"product","2":"type-product","3":"status-publish","4":"has-post-thumbnail","6":"product_cat-kitaplar","8":"first","9":"outofstock","10":"product-type-simple"},"acf":[],"_links":{"self":[{"href":"https:\/\/tatd.org.tr\/en\/wp-json\/wp\/v2\/product\/9468","targetHints":{"allow":["GET"]}}],"collection":[{"href":"https:\/\/tatd.org.tr\/en\/wp-json\/wp\/v2\/product"}],"about":[{"href":"https:\/\/tatd.org.tr\/en\/wp-json\/wp\/v2\/types\/product"}],"wp:featuredmedia":[{"embeddable":true,"href":"https:\/\/tatd.org.tr\/en\/wp-json\/wp\/v2\/media\/9469"}],"wp:attachment":[{"href":"https:\/\/tatd.org.tr\/en\/wp-json\/wp\/v2\/media?parent=9468"}],"wp:term":[{"taxonomy":"product_brand","embeddable":true,"href":"https:\/\/tatd.org.tr\/en\/wp-json\/wp\/v2\/product_brand?post=9468"},{"taxonomy":"product_cat","embeddable":true,"href":"https:\/\/tatd.org.tr\/en\/wp-json\/wp\/v2\/product_cat?post=9468"},{"taxonomy":"product_tag","embeddable":true,"href":"https:\/\/tatd.org.tr\/en\/wp-json\/wp\/v2\/product_tag?post=9468"}],"curies":[{"name":"wp","href":"https:\/\/api.w.org\/{rel}","templated":true}]}}