{"id":9465,"date":"2021-10-13T15:41:07","date_gmt":"2021-10-13T12:41:07","guid":{"rendered":"https:\/\/tatd.org.tr\/urun\/tarascon-eriskin-acil-tip\/"},"modified":"2026-01-21T15:46:41","modified_gmt":"2026-01-21T12:46:41","slug":"tarascon-eriskin-acil-tip","status":"publish","type":"product","link":"https:\/\/tatd.org.tr\/en\/urun\/tarascon-eriskin-acil-tip\/","title":{"rendered":"Tarascon Eri\u015fkin Acil T\u0131p"},"content":{"rendered":"","protected":false},"excerpt":{"rendered":"<p>Ed: Haldun Ako\u011flu, \u00d6zlem G\u00fcneysel. Seri Edit\u00f6r\u00fc: Haldun Ako\u011flu. Nobel Kitabevi, 1e-2012, 2e-2012, 3e-2013.<br \/>\nNobel Kitabevi taraf\u0131ndan sat\u0131\u015f\u0131 yap\u0131lmaktad\u0131r.<\/p>\n","protected":false},"featured_media":9466,"template":"","meta":{"_acf_changed":false,"inline_featured_image":false,"_lmt_disableupdate":"","_lmt_disable":""},"product_brand":[],"product_cat":[13388],"product_tag":[],"class_list":{"0":"post-9465","1":"product","2":"type-product","3":"status-publish","4":"has-post-thumbnail","6":"product_cat-kitaplar","8":"first","9":"outofstock","10":"product-type-simple"},"acf":[],"_links":{"self":[{"href":"https:\/\/tatd.org.tr\/en\/wp-json\/wp\/v2\/product\/9465","targetHints":{"allow":["GET"]}}],"collection":[{"href":"https:\/\/tatd.org.tr\/en\/wp-json\/wp\/v2\/product"}],"about":[{"href":"https:\/\/tatd.org.tr\/en\/wp-json\/wp\/v2\/types\/product"}],"wp:featuredmedia":[{"embeddable":true,"href":"https:\/\/tatd.org.tr\/en\/wp-json\/wp\/v2\/media\/9466"}],"wp:attachment":[{"href":"https:\/\/tatd.org.tr\/en\/wp-json\/wp\/v2\/media?parent=9465"}],"wp:term":[{"taxonomy":"product_brand","embeddable":true,"href":"https:\/\/tatd.org.tr\/en\/wp-json\/wp\/v2\/product_brand?post=9465"},{"taxonomy":"product_cat","embeddable":true,"href":"https:\/\/tatd.org.tr\/en\/wp-json\/wp\/v2\/product_cat?post=9465"},{"taxonomy":"product_tag","embeddable":true,"href":"https:\/\/tatd.org.tr\/en\/wp-json\/wp\/v2\/product_tag?post=9465"}],"curies":[{"name":"wp","href":"https:\/\/api.w.org\/{rel}","templated":true}]}}