{"id":9443,"date":"2021-10-13T22:14:01","date_gmt":"2021-10-13T19:14:01","guid":{"rendered":"https:\/\/tatd.org.tr\/urun\/acil-ultrasonografi-cep-atlasi\/"},"modified":"2026-01-21T14:55:08","modified_gmt":"2026-01-21T11:55:08","slug":"acil-ultrasonografi-cep-atlasi","status":"publish","type":"product","link":"https:\/\/tatd.org.tr\/en\/urun\/acil-ultrasonografi-cep-atlasi\/","title":{"rendered":"Acil Ultrasonografi Cep Atlas\u0131"},"content":{"rendered":"","protected":false},"excerpt":{"rendered":"<p>\u00c7eviri Edit\u00f6rleri: Do\u00e7 Dr. Asl\u0131han Y\u00fcr\u00fckt\u00fcmen, Yard. Do\u00e7. Dr. Funda Karbek Akarca<\/p>\n","protected":false},"featured_media":9444,"template":"","meta":{"_acf_changed":false,"inline_featured_image":false,"_lmt_disableupdate":"","_lmt_disable":""},"product_brand":[],"product_cat":[13388],"product_tag":[],"class_list":{"0":"post-9443","1":"product","2":"type-product","3":"status-publish","4":"has-post-thumbnail","6":"product_cat-kitaplar","8":"first","9":"outofstock","10":"product-type-simple"},"acf":[],"_links":{"self":[{"href":"https:\/\/tatd.org.tr\/en\/wp-json\/wp\/v2\/product\/9443","targetHints":{"allow":["GET"]}}],"collection":[{"href":"https:\/\/tatd.org.tr\/en\/wp-json\/wp\/v2\/product"}],"about":[{"href":"https:\/\/tatd.org.tr\/en\/wp-json\/wp\/v2\/types\/product"}],"wp:featuredmedia":[{"embeddable":true,"href":"https:\/\/tatd.org.tr\/en\/wp-json\/wp\/v2\/media\/9444"}],"wp:attachment":[{"href":"https:\/\/tatd.org.tr\/en\/wp-json\/wp\/v2\/media?parent=9443"}],"wp:term":[{"taxonomy":"product_brand","embeddable":true,"href":"https:\/\/tatd.org.tr\/en\/wp-json\/wp\/v2\/product_brand?post=9443"},{"taxonomy":"product_cat","embeddable":true,"href":"https:\/\/tatd.org.tr\/en\/wp-json\/wp\/v2\/product_cat?post=9443"},{"taxonomy":"product_tag","embeddable":true,"href":"https:\/\/tatd.org.tr\/en\/wp-json\/wp\/v2\/product_tag?post=9443"}],"curies":[{"name":"wp","href":"https:\/\/api.w.org\/{rel}","templated":true}]}}