{"id":9440,"date":"2021-10-13T22:14:01","date_gmt":"2021-10-13T19:14:01","guid":{"rendered":"https:\/\/tatd.org.tr\/urun\/5-dakika-acil-tip-rehberi\/"},"modified":"2026-01-21T14:55:07","modified_gmt":"2026-01-21T11:55:07","slug":"5-dakika-acil-tip-rehberi","status":"publish","type":"product","link":"https:\/\/tatd.org.tr\/en\/urun\/5-dakika-acil-tip-rehberi\/","title":{"rendered":"5-Dakika Acil T\u0131p Rehberi"},"content":{"rendered":"","protected":false},"excerpt":{"rendered":"<p>\u00c7eviri Edit\u00f6rleri: Ahmet Demircan, Erkan G\u00f6ksu, \u00d6zlem K\u00f6ksal, B\u00fclent Erbil, Fatma Sar\u0131do\u011fan, Deniz K\u0131l\u0131\u00e7<\/p>\n","protected":false},"featured_media":9441,"template":"","meta":{"_acf_changed":false,"inline_featured_image":false,"_lmt_disableupdate":"","_lmt_disable":""},"product_brand":[],"product_cat":[13388],"product_tag":[],"class_list":{"0":"post-9440","1":"product","2":"type-product","3":"status-publish","4":"has-post-thumbnail","6":"product_cat-kitaplar","8":"first","9":"outofstock","10":"product-type-simple"},"acf":[],"_links":{"self":[{"href":"https:\/\/tatd.org.tr\/en\/wp-json\/wp\/v2\/product\/9440","targetHints":{"allow":["GET"]}}],"collection":[{"href":"https:\/\/tatd.org.tr\/en\/wp-json\/wp\/v2\/product"}],"about":[{"href":"https:\/\/tatd.org.tr\/en\/wp-json\/wp\/v2\/types\/product"}],"wp:featuredmedia":[{"embeddable":true,"href":"https:\/\/tatd.org.tr\/en\/wp-json\/wp\/v2\/media\/9441"}],"wp:attachment":[{"href":"https:\/\/tatd.org.tr\/en\/wp-json\/wp\/v2\/media?parent=9440"}],"wp:term":[{"taxonomy":"product_brand","embeddable":true,"href":"https:\/\/tatd.org.tr\/en\/wp-json\/wp\/v2\/product_brand?post=9440"},{"taxonomy":"product_cat","embeddable":true,"href":"https:\/\/tatd.org.tr\/en\/wp-json\/wp\/v2\/product_cat?post=9440"},{"taxonomy":"product_tag","embeddable":true,"href":"https:\/\/tatd.org.tr\/en\/wp-json\/wp\/v2\/product_tag?post=9440"}],"curies":[{"name":"wp","href":"https:\/\/api.w.org\/{rel}","templated":true}]}}