{"id":38831,"date":"2026-02-06T12:21:27","date_gmt":"2026-02-06T09:21:27","guid":{"rendered":"https:\/\/tatd.org.tr\/?post_type=product&#038;p=38831"},"modified":"2026-03-26T22:50:58","modified_gmt":"2026-03-26T19:50:58","slug":"2-turkiye-acil-saglik-hizmetleri-kongresi-kaydi","status":"publish","type":"product","link":"https:\/\/tatd.org.tr\/en\/urun\/2-turkiye-acil-saglik-hizmetleri-kongresi-kaydi\/","title":{"rendered":"2. T\u00fcrkiye Acil Sa\u011fl\u0131k Hizmetleri Kongresi Kayd\u0131"},"content":{"rendered":"<p class=\"qtranxs-available-languages-message qtranxs-available-languages-message-en\">Sorry, this entry is only available in <a href=\"https:\/\/tatd.org.tr\/tr\/wp-json\/wp\/v2\/product\/38831\" class=\"qtranxs-available-language-link qtranxs-available-language-link-tr\" title=\"Turkish\">Turkish<\/a>.<\/p>","protected":false},"excerpt":{"rendered":"<p class=\"qtranxs-available-languages-message qtranxs-available-languages-message-en\">Sorry, this entry is only available in <a href=\"https:\/\/tatd.org.tr\/tr\/wp-json\/wp\/v2\/product\/38831\" class=\"qtranxs-available-language-link qtranxs-available-language-link-tr\" title=\"Turkish\">Turkish<\/a>.<\/p>\n","protected":false},"featured_media":0,"template":"","meta":{"_acf_changed":false,"inline_featured_image":false,"_lmt_disableupdate":"no","_lmt_disable":""},"product_brand":[],"product_cat":[13353],"product_tag":[],"class_list":{"0":"post-38831","1":"product","2":"type-product","3":"status-publish","5":"product_cat-yuz-yuze-egitimler-uygulamali-saha-egitimleri-4","7":"first","8":"outofstock","9":"sold-individually","10":"taxable","11":"shipping-taxable","12":"purchasable","13":"product-type-variable"},"acf":[],"_links":{"self":[{"href":"https:\/\/tatd.org.tr\/en\/wp-json\/wp\/v2\/product\/38831","targetHints":{"allow":["GET"]}}],"collection":[{"href":"https:\/\/tatd.org.tr\/en\/wp-json\/wp\/v2\/product"}],"about":[{"href":"https:\/\/tatd.org.tr\/en\/wp-json\/wp\/v2\/types\/product"}],"wp:attachment":[{"href":"https:\/\/tatd.org.tr\/en\/wp-json\/wp\/v2\/media?parent=38831"}],"wp:term":[{"taxonomy":"product_brand","embeddable":true,"href":"https:\/\/tatd.org.tr\/en\/wp-json\/wp\/v2\/product_brand?post=38831"},{"taxonomy":"product_cat","embeddable":true,"href":"https:\/\/tatd.org.tr\/en\/wp-json\/wp\/v2\/product_cat?post=38831"},{"taxonomy":"product_tag","embeddable":true,"href":"https:\/\/tatd.org.tr\/en\/wp-json\/wp\/v2\/product_tag?post=38831"}],"curies":[{"name":"wp","href":"https:\/\/api.w.org\/{rel}","templated":true}]}}