{"id":37576,"date":"2025-06-04T12:27:13","date_gmt":"2025-06-04T09:27:13","guid":{"rendered":"https:\/\/tatd.org.tr\/urun\/oryantasyon-egitimi-resmi-uye2\/"},"modified":"2025-06-11T18:17:04","modified_gmt":"2025-06-11T15:17:04","slug":"oryantasyon-egitimi-resmi-uye2","status":"publish","type":"product","link":"https:\/\/tatd.org.tr\/en\/urun\/oryantasyon-egitimi-resmi-uye2\/","title":{"rendered":"Oryantasyon E\u011fitimi Resmi \u00dcye"},"content":{"rendered":"<p>TATD Acil T\u0131p Oryantasyon E\u011fitimi, Acil T\u0131p i\u00e7inde ataca\u011f\u0131n\u0131z ad\u0131mlar\u0131n g\u00fcven i\u00e7erisinde olmas\u0131n\u0131, kritik kararlarda s\u00f6z sahibi olman\u0131z\u0131 ve uzmanl\u0131\u011fa giden bu uzun maratonda cebinizde sizi koruyacak bilgilere sahip olman\u0131z\u0131 sa\u011flayacak, aram\u0131za yeni kat\u0131lan hekimlerimize mesle\u011fimizin inceliklerini tan\u0131tt\u0131\u011f\u0131m\u0131z bir bulu\u015fma olarak yap\u0131lmaktad\u0131r.\u00a0Bu e\u011fitimi 2021 y\u0131l\u0131na kadar \u0130stanbul, \u0130zmir ve Ankara\u2019da her y\u0131l birka\u00e7 kez tekrarlayarak gen\u00e7 hekimlerimizi mesle\u011fimizin ba\u015f\u0131nda en iyi hocalarla ve pratik bilgilerle bulu\u015fturmay\u0131 ama\u00e7lad\u0131k. Bu gelene\u011fi pandemi y\u0131llar\u0131na gelene kadar s\u00fcrd\u00fcrd\u00fck.<\/p>\n<p>2020 y\u0131l\u0131nda pandemi nedeniyle ger\u00e7ekle\u015ftiremedi\u011fimiz oryantasyon e\u011fitimlerini 2021 y\u0131l\u0131 14 Mart\u0131nda ilK kez Online olarak d\u00fczenledik. \u00d6nce 1 g\u00fcn canl\u0131 olarak d\u00fczenlenen webinara kat\u0131lan hekimlerimiz ard\u0131ndan 1,5 ay boyunca de\u011ferli hocalar\u0131m\u0131z\u0131n haz\u0131rlad\u0131\u011f\u0131 dersleri izledi. Son olarak da yap\u0131lan online s\u0131nav ile kat\u0131l\u0131m belgelerini ald\u0131lar.<\/p>\n<p>Bu e\u011fitim setini 2021 y\u0131l\u0131n\u0131n sonundan itibaren t\u00fcm \u00fcyelerimize a\u00e7\u0131k bir uzaktan e\u011fitim seti haline getirmenin keyfini ya\u015f\u0131yoruz. Gen\u00e7 hekim arkada\u015flar\u0131m\u0131z\u0131n kendilerini haz\u0131rlayacaklar\u0131, k\u0131demli asistan ve uzman hekimlerimizin kendilerini tazeleyebilecekleri, ve bunu evlerinin bir k\u00f6\u015fesinden yapabilecekleri TATD Oryantasyon Uzaktan E\u011fitim Seti, t\u00fcm i\u00e7erikleri ve s\u0131navlar\u0131yla t\u00fcm \u00fcyelerimize \u00fccretsiz olarak sunuluyor. Ba\u015far\u0131yla tamamlad\u0131\u011f\u0131n\u0131zda sertifika almaya hak kazanaca\u011f\u0131n\u0131z bu programa hepinizi davet ediyoruz.<\/p>\n","protected":false},"excerpt":{"rendered":"<p>TATD Acil T\u0131p Oryantasyon E\u011fitimi, Acil T\u0131p i\u00e7inde ataca\u011f\u0131n\u0131z ad\u0131mlar\u0131n g\u00fcven i\u00e7erisinde olmas\u0131n\u0131, kritik kararlarda s\u00f6z sahibi olman\u0131z\u0131 ve uzmanl\u0131\u011fa giden bu uzun maratonda cebinizde sizi koruyacak bilgilere sahip olman\u0131z\u0131&hellip;<\/p>\n","protected":false},"featured_media":37583,"template":"","meta":{"_acf_changed":false,"inline_featured_image":false,"_lmt_disableupdate":"","_lmt_disable":""},"product_brand":[],"product_cat":[12896],"product_tag":[],"class_list":{"0":"post-37576","1":"product","2":"type-product","3":"status-publish","4":"has-post-thumbnail","6":"product_cat-kayittan-izlenebilir-egitimler-asenkron-egitimler-1","8":"first","9":"instock","10":"virtual","11":"sold-individually","12":"taxable","13":"product-type-simple"},"acf":[],"_links":{"self":[{"href":"https:\/\/tatd.org.tr\/en\/wp-json\/wp\/v2\/product\/37576","targetHints":{"allow":["GET"]}}],"collection":[{"href":"https:\/\/tatd.org.tr\/en\/wp-json\/wp\/v2\/product"}],"about":[{"href":"https:\/\/tatd.org.tr\/en\/wp-json\/wp\/v2\/types\/product"}],"wp:featuredmedia":[{"embeddable":true,"href":"https:\/\/tatd.org.tr\/en\/wp-json\/wp\/v2\/media\/37583"}],"wp:attachment":[{"href":"https:\/\/tatd.org.tr\/en\/wp-json\/wp\/v2\/media?parent=37576"}],"wp:term":[{"taxonomy":"product_brand","embeddable":true,"href":"https:\/\/tatd.org.tr\/en\/wp-json\/wp\/v2\/product_brand?post=37576"},{"taxonomy":"product_cat","embeddable":true,"href":"https:\/\/tatd.org.tr\/en\/wp-json\/wp\/v2\/product_cat?post=37576"},{"taxonomy":"product_tag","embeddable":true,"href":"https:\/\/tatd.org.tr\/en\/wp-json\/wp\/v2\/product_tag?post=37576"}],"curies":[{"name":"wp","href":"https:\/\/api.w.org\/{rel}","templated":true}]}}